{"id":14778,"date":"2023-09-30T18:50:09","date_gmt":"2023-09-30T16:50:09","guid":{"rendered":"https:\/\/www.matbah.se\/?post_type=product&#038;p=14778"},"modified":"2026-04-09T16:04:16","modified_gmt":"2026-04-09T15:04:16","slug":"krakus-surkal-900g","status":"publish","type":"product","link":"https:\/\/www.matbah.se\/en\/krakus-surkal-900g\/","title":{"rendered":"Krakus Surk\u00e5l 900g"},"content":{"rendered":"<div class=\"wpb-content-wrapper\"><p>[vc_row][vc_column width=&#8221;1\/2&#8243;][vc_column_text woodmart_inline=&#8221;no&#8221; text_larger=&#8221;no&#8221;]Detta \u00e4r en krispig och saftig surk\u00e5l som passar som tillbeh\u00f6r till s\u00e5v\u00e4l varma som kalla matr\u00e4tter.<\/p>\n<h5>Ingredienser :<\/h5>\n<ul>\n<li>Vitk\u00e5l (97%)<\/li>\n<li>salt<\/li>\n<li>antioxidationsmedel (askorbinsyra),<\/li>\n<\/ul>\n<h5>F\u00f6rvaringsf\u00f6rh\u00e5llanden :<\/h5>\n<p>Torrt och svalt. \u00d6ppnad f\u00f6rpackning f\u00f6rvaras i kylsk\u00e5p och b\u00f6r f\u00f6rbrukas inom 7 dagar.[\/vc_column_text][\/vc_column][vc_column width=&#8221;1\/2&#8243;][vc_column_text woodmart_inline=&#8221;no&#8221; text_larger=&#8221;no&#8221;]<\/p>\n<h5>N\u00e4ringsv\u00e4rden per 100 gram :<\/h5>\n<ul>\n<li>Energi 65kJ\/16kcal<\/li>\n<li>Fett 0,0g<\/li>\n<li>varavm\u00e4ttatfett 0,0g<\/li>\n<li>Kolhydrat 1,2g<\/li>\n<li>varavsockerarter 0,0g<\/li>\n<li>Protein 1,1g<\/li>\n<li>Salt 2,5g<\/li>\n<\/ul>\n<p>[\/vc_column_text][\/vc_column][\/vc_row]<\/p>\n<\/div>","protected":false},"excerpt":{"rendered":"<p>[vc_row][vc_column width=&#8221;1\/2&#8243;][vc_column_text woodmart_inline=&#8221;no&#8221; text_larger=&#8221;no&#8221;]Detta \u00e4r en krispig och saftig surk\u00e5l som passar som tillbeh\u00f6r till s\u00e5v\u00e4l varma som kalla matr\u00e4tter.<\/p>\n","protected":false},"featured_media":15703,"comment_status":"closed","ping_status":"closed","template":"","meta":[],"product_brand":[],"product_cat":[1157],"product_tag":[],"class_list":{"0":"post-14778","1":"product","2":"type-product","3":"status-publish","4":"has-post-thumbnail","6":"product_cat-pickles","8":"first","9":"outofstock","10":"taxable","11":"shipping-taxable","12":"purchasable","13":"product-type-simple"},"_links":{"self":[{"href":"https:\/\/www.matbah.se\/en\/wp-json\/wp\/v2\/product\/14778","targetHints":{"allow":["GET"]}}],"collection":[{"href":"https:\/\/www.matbah.se\/en\/wp-json\/wp\/v2\/product"}],"about":[{"href":"https:\/\/www.matbah.se\/en\/wp-json\/wp\/v2\/types\/product"}],"replies":[{"embeddable":true,"href":"https:\/\/www.matbah.se\/en\/wp-json\/wp\/v2\/comments?post=14778"}],"wp:featuredmedia":[{"embeddable":true,"href":"https:\/\/www.matbah.se\/en\/wp-json\/wp\/v2\/media\/15703"}],"wp:attachment":[{"href":"https:\/\/www.matbah.se\/en\/wp-json\/wp\/v2\/media?parent=14778"}],"wp:term":[{"taxonomy":"product_brand","embeddable":true,"href":"https:\/\/www.matbah.se\/en\/wp-json\/wp\/v2\/product_brand?post=14778"},{"taxonomy":"product_cat","embeddable":true,"href":"https:\/\/www.matbah.se\/en\/wp-json\/wp\/v2\/product_cat?post=14778"},{"taxonomy":"product_tag","embeddable":true,"href":"https:\/\/www.matbah.se\/en\/wp-json\/wp\/v2\/product_tag?post=14778"}],"curies":[{"name":"wp","href":"https:\/\/api.w.org\/{rel}","templated":true}]}}