{"id":16921,"date":"2022-12-27T15:37:25","date_gmt":"2022-12-27T13:37:25","guid":{"rendered":"https:\/\/www.matbah.se\/?post_type=product&#038;p=16921"},"modified":"2024-03-05T10:01:32","modified_gmt":"2024-03-05T09:01:32","slug":"mega-cocostar-pistachio-wap","status":"publish","type":"product","link":"https:\/\/www.matbah.se\/en\/mega-cocostar-pistachio-wap\/","title":{"rendered":"Kokosn\u00f6ts\u00f6verdragen, Pistagekr\u00e4m Fylld Pistage Turkisk Delikatess"},"content":{"rendered":"<div class=\"wpb-content-wrapper\"><p>[vc_row][vc_column width=&#8221;1\/2&#8243;][vc_column_text woodmart_inline=&#8221;no&#8221; text_larger=&#8221;no&#8221;]Den tillagas med traditionella metoder, med f\u00e4rska och h\u00f6gkvalitativa ingredienser.<\/p>\n<h5>Ingredienser :<\/h5>\n<ul>\n<li>56% Socker<\/li>\n<li>8% Majsst\u00e4rkelse<\/li>\n<li>6% Vatten<\/li>\n<li>10% Cream<\/li>\n<li>14% Pistasch<\/li>\n<li>5% Kokos<\/li>\n<li>0,02% Citronsyra<\/li>\n<li>0,01% Matsmak<\/li>\n<li>0,3% Soop Roat Extract<\/li>\n<\/ul>\n<h5>Allergenvarning :<\/h5>\n<p>inneh\u00e5ller pistagen\u00f6tter och kokos.<\/p>\n<h5>Varningar :<\/h5>\n<p>Mata inte produkterna till barn under 1 \u00e5r!<\/p>\n<h5>F\u00f6rvaringsf\u00f6rh\u00e5llanden :<\/h5>\n<p>F\u00f6rvara p\u00e5 en sval (16-18\u00b0C), torr plats. Skydda mot solljus.<\/p>\n<table>\n<thead>\n<tr>\n<th>Ursprung<\/th>\n<th>Tillverkningsdatum<\/th>\n<th>Utg\u00e5ngsdatum<\/th>\n<\/tr>\n<\/thead>\n<tbody>\n<tr>\n<td>Turkiet<\/td>\n<td>2022-11-22<\/td>\n<td>2023-11-22<\/td>\n<\/tr>\n<\/tbody>\n<\/table>\n<p>[\/vc_column_text][\/vc_column][vc_column width=&#8221;1\/2&#8243;][vc_column_text woodmart_inline=&#8221;no&#8221; text_larger=&#8221;no&#8221;]<\/p>\n<h5>N\u00e4ringsv\u00e4rden per 100 gram :<\/h5>\n<ul>\n<li>Energi 1720,8kj\/411.7kcal<\/li>\n<li>Fett 7,5g<\/li>\n<li>M\u00e4ttad 0,7g<\/li>\n<li>Kolhydrater 78,8g<\/li>\n<li>Socker 75,7g<\/li>\n<li>Fiber 0,7g<\/li>\n<li>Protein 1g<\/li>\n<li>salt 0,1g<\/li>\n<\/ul>\n<p>[\/vc_column_text][\/vc_column][\/vc_row]<\/p>\n<\/div>","protected":false},"excerpt":{"rendered":"<p>Den tillagas med traditionella metoder, med f\u00e4rska och h\u00f6gkvalitativa ingredienser.Inneh\u00e5ller inga tillsatser.<\/p>\n","protected":false},"featured_media":12295,"comment_status":"open","ping_status":"closed","template":"","meta":[],"product_brand":[],"product_cat":[1238],"product_tag":[],"class_list":{"0":"post-16921","1":"product","2":"type-product","3":"status-publish","4":"has-post-thumbnail","6":"product_cat-turkish-delight","8":"first","9":"outofstock","10":"taxable","11":"shipping-taxable","12":"purchasable","13":"product-type-simple"},"_links":{"self":[{"href":"https:\/\/www.matbah.se\/en\/wp-json\/wp\/v2\/product\/16921","targetHints":{"allow":["GET"]}}],"collection":[{"href":"https:\/\/www.matbah.se\/en\/wp-json\/wp\/v2\/product"}],"about":[{"href":"https:\/\/www.matbah.se\/en\/wp-json\/wp\/v2\/types\/product"}],"replies":[{"embeddable":true,"href":"https:\/\/www.matbah.se\/en\/wp-json\/wp\/v2\/comments?post=16921"}],"wp:featuredmedia":[{"embeddable":true,"href":"https:\/\/www.matbah.se\/en\/wp-json\/wp\/v2\/media\/12295"}],"wp:attachment":[{"href":"https:\/\/www.matbah.se\/en\/wp-json\/wp\/v2\/media?parent=16921"}],"wp:term":[{"taxonomy":"product_brand","embeddable":true,"href":"https:\/\/www.matbah.se\/en\/wp-json\/wp\/v2\/product_brand?post=16921"},{"taxonomy":"product_cat","embeddable":true,"href":"https:\/\/www.matbah.se\/en\/wp-json\/wp\/v2\/product_cat?post=16921"},{"taxonomy":"product_tag","embeddable":true,"href":"https:\/\/www.matbah.se\/en\/wp-json\/wp\/v2\/product_tag?post=16921"}],"curies":[{"name":"wp","href":"https:\/\/api.w.org\/{rel}","templated":true}]}}