{"id":17600,"date":"2023-09-30T18:49:56","date_gmt":"2023-09-30T17:49:56","guid":{"rendered":"https:\/\/www.matbah.se\/?post_type=product&#038;p=17600"},"modified":"2024-01-19T19:18:21","modified_gmt":"2024-01-19T18:18:21","slug":"rice-with-pistachio-sultan-finger-delight","status":"publish","type":"product","link":"https:\/\/www.matbah.se\/en\/rice-with-pistachio-sultan-finger-delight\/","title":{"rendered":"Rice With Pistachio &#8211; Sultan Finger Delight"},"content":{"rendered":"<div class=\"wpb-content-wrapper\"><p>[vc_row][vc_column width=&#8221;1\/2&#8243;][vc_column_text woodmart_inline=&#8221;no&#8221; text_larger=&#8221;no&#8221;]It is prepared using traditional methods, with fresh and high-quality ingredients.<\/p>\n<h5>Ingredients : <\/h5>\n<ul>\n<li>sugar<\/li>\n<li>maize starch<\/li>\n<li>water<\/li>\n<li>tracking (14%)<\/li>\n<li>\u00e7\u00f6\u011fen plant extract<\/li>\n<li>aroma (vanilla)<\/li>\n<li>acidity regulator (citric acid e330) is added,<\/li>\n<\/ul>\n<h5>Allergen warning : <\/h5>\n<p>contains pistachios. <\/p>\n<h5>Warnings : <\/h5>\n<p>Do not feed the products to children under 1 year old!<\/p>\n<h5>Storage conditions : <\/h5>\n<p>Store in a cool (16-18\u00b0C), dry place. Protect from sunlight.<\/p>\n<table>\n<thead>\n<tr>\n<th>Origin<\/th>\n<th>Date of manufacture<\/th>\n<th>Expiry date<\/th>\n<\/tr>\n<\/thead>\n<tbody>\n<tr>\n<td>Turkey<\/td>\n<td>2023-2-10<\/td>\n<td>2024-2-10<\/td>\n<\/tr>\n<\/tbody>\n<\/table>\n<p>[\/vc_column_text][\/vc_column][vc_column width=&#8221;1\/2&#8243;][vc_column_text woodmart_inline=&#8221;no&#8221; text_larger=&#8221;no&#8221;]<\/p>\n<h5>Nutritional values \u200b\u200bper 100 grams : <\/h5>\n<ul>\n<li>Energy 1720,8kj\/411,7kcal<\/li>\n<li>Fat 7,5g<\/li>\n<li>Saturated 0,7g<\/li>\n<li>Carbohydrates 78,8g<\/li>\n<li>Sugar 75,7g<\/li>\n<li>Fiber 0,7g<\/li>\n<li>Protein 1g<\/li>\n<li>salt 0,1g<\/li>\n<\/ul>\n<p>[\/vc_column_text][\/vc_column][\/vc_row]<\/p>\n<\/div>","protected":false},"excerpt":{"rendered":"<p>It is prepared using traditional methods, with fresh and high-quality ingredients.<\/p>\n","protected":false},"featured_media":19410,"comment_status":"closed","ping_status":"closed","template":"","meta":[],"product_brand":[],"product_cat":[1238],"product_tag":[],"class_list":{"0":"post-17600","1":"product","2":"type-product","3":"status-publish","4":"has-post-thumbnail","6":"product_cat-turkish-delight","8":"first","9":"outofstock","10":"taxable","11":"shipping-taxable","12":"purchasable","13":"product-type-simple"},"_links":{"self":[{"href":"https:\/\/www.matbah.se\/en\/wp-json\/wp\/v2\/product\/17600","targetHints":{"allow":["GET"]}}],"collection":[{"href":"https:\/\/www.matbah.se\/en\/wp-json\/wp\/v2\/product"}],"about":[{"href":"https:\/\/www.matbah.se\/en\/wp-json\/wp\/v2\/types\/product"}],"replies":[{"embeddable":true,"href":"https:\/\/www.matbah.se\/en\/wp-json\/wp\/v2\/comments?post=17600"}],"wp:featuredmedia":[{"embeddable":true,"href":"https:\/\/www.matbah.se\/en\/wp-json\/wp\/v2\/media\/19410"}],"wp:attachment":[{"href":"https:\/\/www.matbah.se\/en\/wp-json\/wp\/v2\/media?parent=17600"}],"wp:term":[{"taxonomy":"product_brand","embeddable":true,"href":"https:\/\/www.matbah.se\/en\/wp-json\/wp\/v2\/product_brand?post=17600"},{"taxonomy":"product_cat","embeddable":true,"href":"https:\/\/www.matbah.se\/en\/wp-json\/wp\/v2\/product_cat?post=17600"},{"taxonomy":"product_tag","embeddable":true,"href":"https:\/\/www.matbah.se\/en\/wp-json\/wp\/v2\/product_tag?post=17600"}],"curies":[{"name":"wp","href":"https:\/\/api.w.org\/{rel}","templated":true}]}}