{"id":17691,"date":"2023-09-30T18:49:44","date_gmt":"2023-09-30T17:49:44","guid":{"rendered":"https:\/\/www.matbah.se\/gb-whole-cumin-100g-2\/"},"modified":"2023-11-21T17:28:29","modified_gmt":"2023-11-21T16:28:29","slug":"gb-whole-cumin-seeds-100g","status":"publish","type":"product","link":"https:\/\/www.matbah.se\/en\/gb-whole-cumin-seeds-100g\/","title":{"rendered":"GB Whole Cumin Seeds 100G"},"content":{"rendered":"","protected":false},"excerpt":{"rendered":"<p><span data-sheets-root=\"1\" data-sheets-value=\"{\"1\":2,\"2\":\"Det anv\u00e4nds ofta i Mellan\u00f6stern, Medelhavet och Indiska k\u00f6ket, och \u00e4r att f\u00f6redra i k\u00f6ttr\u00e4tter, gr\u00f6nsaker och vissa br\u00f6drecept.\"}\" data-sheets-userformat=\"{\"2\":6723,\"3\":{\"1\":0},\"4\":{\"1\":2,\"2\":16777215},\"9\":0,\"12\":0,\"14\":{\"1\":2,\"2\":0},\"15\":\"Arial\"}\">It is commonly used in Middle Eastern, Mediterranean and Indian cuisine, and is preferred in meat dishes, vegetables and some bread recipes.<\/span><\/p>\n","protected":false},"featured_media":15454,"comment_status":"closed","ping_status":"closed","template":"","meta":[],"product_brand":[],"product_cat":[1222],"product_tag":[],"class_list":{"0":"post-17691","1":"product","2":"type-product","3":"status-publish","4":"has-post-thumbnail","6":"product_cat-spice","8":"first","9":"instock","10":"taxable","11":"shipping-taxable","12":"purchasable","13":"product-type-simple"},"_links":{"self":[{"href":"https:\/\/www.matbah.se\/en\/wp-json\/wp\/v2\/product\/17691","targetHints":{"allow":["GET"]}}],"collection":[{"href":"https:\/\/www.matbah.se\/en\/wp-json\/wp\/v2\/product"}],"about":[{"href":"https:\/\/www.matbah.se\/en\/wp-json\/wp\/v2\/types\/product"}],"replies":[{"embeddable":true,"href":"https:\/\/www.matbah.se\/en\/wp-json\/wp\/v2\/comments?post=17691"}],"wp:featuredmedia":[{"embeddable":true,"href":"https:\/\/www.matbah.se\/en\/wp-json\/wp\/v2\/media\/15454"}],"wp:attachment":[{"href":"https:\/\/www.matbah.se\/en\/wp-json\/wp\/v2\/media?parent=17691"}],"wp:term":[{"taxonomy":"product_brand","embeddable":true,"href":"https:\/\/www.matbah.se\/en\/wp-json\/wp\/v2\/product_brand?post=17691"},{"taxonomy":"product_cat","embeddable":true,"href":"https:\/\/www.matbah.se\/en\/wp-json\/wp\/v2\/product_cat?post=17691"},{"taxonomy":"product_tag","embeddable":true,"href":"https:\/\/www.matbah.se\/en\/wp-json\/wp\/v2\/product_tag?post=17691"}],"curies":[{"name":"wp","href":"https:\/\/api.w.org\/{rel}","templated":true}]}}