{"id":19164,"date":"2024-01-22T10:52:09","date_gmt":"2024-01-22T09:52:09","guid":{"rendered":"https:\/\/www.matbah.se\/?post_type=product&#038;p=19164"},"modified":"2026-03-24T10:19:14","modified_gmt":"2026-03-24T09:19:14","slug":"mehmet-effendi-turkisk-kaffe-100gr","status":"publish","type":"product","link":"https:\/\/www.matbah.se\/en\/mehmet-effendi-turkisk-kaffe-100gr\/","title":{"rendered":"Mehmet Effendi Turkisk Kaffe 100Gr"},"content":{"rendered":"<p>Den tillagas med traditionella metoder, med f\u00e4rska och h\u00f6gkvalitativa ingredienser. Tarihi Hacibaba geleneksel \u00f6gutulmus Turk kahvesi.<br \/>\nMedium rostad<\/p>\n","protected":false},"excerpt":{"rendered":"<p>Den tillagas med traditionella metoder, med f\u00e4rska och h\u00f6gkvalitativa ingredienser. Tarihi Hacibaba geleneksel \u00f6gutulmus Turk kahvesi. Medium rostad<\/p>\n","protected":false},"featured_media":19160,"comment_status":"closed","ping_status":"closed","template":"","meta":[],"product_brand":[],"product_cat":[1171],"product_tag":[],"class_list":{"0":"post-19164","1":"product","2":"type-product","3":"status-publish","4":"has-post-thumbnail","6":"product_cat-kaffe","8":"first","9":"instock","10":"taxable","11":"shipping-taxable","12":"purchasable","13":"product-type-simple"},"_links":{"self":[{"href":"https:\/\/www.matbah.se\/en\/wp-json\/wp\/v2\/product\/19164","targetHints":{"allow":["GET"]}}],"collection":[{"href":"https:\/\/www.matbah.se\/en\/wp-json\/wp\/v2\/product"}],"about":[{"href":"https:\/\/www.matbah.se\/en\/wp-json\/wp\/v2\/types\/product"}],"replies":[{"embeddable":true,"href":"https:\/\/www.matbah.se\/en\/wp-json\/wp\/v2\/comments?post=19164"}],"wp:featuredmedia":[{"embeddable":true,"href":"https:\/\/www.matbah.se\/en\/wp-json\/wp\/v2\/media\/19160"}],"wp:attachment":[{"href":"https:\/\/www.matbah.se\/en\/wp-json\/wp\/v2\/media?parent=19164"}],"wp:term":[{"taxonomy":"product_brand","embeddable":true,"href":"https:\/\/www.matbah.se\/en\/wp-json\/wp\/v2\/product_brand?post=19164"},{"taxonomy":"product_cat","embeddable":true,"href":"https:\/\/www.matbah.se\/en\/wp-json\/wp\/v2\/product_cat?post=19164"},{"taxonomy":"product_tag","embeddable":true,"href":"https:\/\/www.matbah.se\/en\/wp-json\/wp\/v2\/product_tag?post=19164"}],"curies":[{"name":"wp","href":"https:\/\/api.w.org\/{rel}","templated":true}]}}