{"id":19165,"date":"2024-01-21T17:36:43","date_gmt":"2024-01-21T16:36:43","guid":{"rendered":"https:\/\/www.matbah.se\/hacibaba-turkisk-kaffe-100g\/"},"modified":"2025-09-17T10:04:55","modified_gmt":"2025-09-17T09:04:55","slug":"hacibaba-turkisk-kaffe-100g","status":"publish","type":"product","link":"https:\/\/www.matbah.se\/en\/hacibaba-turkisk-kaffe-100g\/","title":{"rendered":"Hacibaba Turkisk Kaffe 100G"},"content":{"rendered":"","protected":false},"excerpt":{"rendered":"<p>Den tillagas med traditionella metoder, med f\u00e4rska och h\u00f6gkvalitativa ingredienser. Tarihi Hacibaba geleneksel \u00f6gutulmus Turk kahvesi.<br \/>\nMedium rostad<\/p>\n","protected":false},"featured_media":19157,"comment_status":"closed","ping_status":"closed","template":"","meta":[],"product_brand":[],"product_cat":[1216],"product_tag":[],"class_list":{"0":"post-19165","1":"product","2":"type-product","3":"status-publish","4":"has-post-thumbnail","6":"product_cat-coffee","8":"first","9":"instock","10":"taxable","11":"shipping-taxable","12":"purchasable","13":"product-type-simple"},"_links":{"self":[{"href":"https:\/\/www.matbah.se\/en\/wp-json\/wp\/v2\/product\/19165","targetHints":{"allow":["GET"]}}],"collection":[{"href":"https:\/\/www.matbah.se\/en\/wp-json\/wp\/v2\/product"}],"about":[{"href":"https:\/\/www.matbah.se\/en\/wp-json\/wp\/v2\/types\/product"}],"replies":[{"embeddable":true,"href":"https:\/\/www.matbah.se\/en\/wp-json\/wp\/v2\/comments?post=19165"}],"wp:featuredmedia":[{"embeddable":true,"href":"https:\/\/www.matbah.se\/en\/wp-json\/wp\/v2\/media\/19157"}],"wp:attachment":[{"href":"https:\/\/www.matbah.se\/en\/wp-json\/wp\/v2\/media?parent=19165"}],"wp:term":[{"taxonomy":"product_brand","embeddable":true,"href":"https:\/\/www.matbah.se\/en\/wp-json\/wp\/v2\/product_brand?post=19165"},{"taxonomy":"product_cat","embeddable":true,"href":"https:\/\/www.matbah.se\/en\/wp-json\/wp\/v2\/product_cat?post=19165"},{"taxonomy":"product_tag","embeddable":true,"href":"https:\/\/www.matbah.se\/en\/wp-json\/wp\/v2\/product_tag?post=19165"}],"curies":[{"name":"wp","href":"https:\/\/api.w.org\/{rel}","templated":true}]}}