{"id":20313,"date":"2025-07-24T16:59:13","date_gmt":"2025-07-24T15:59:13","guid":{"rendered":"https:\/\/www.matbah.se\/?post_type=product&#038;p=20313"},"modified":"2026-04-01T09:13:38","modified_gmt":"2026-04-01T08:13:38","slug":"dubai-choklad-200g","status":"publish","type":"product","link":"https:\/\/www.matbah.se\/en\/dubai-choklad-200g\/","title":{"rendered":"Dubai Choklad 200g"},"content":{"rendered":"<p data-start=\"88\" data-end=\"344\"><strong data-start=\"88\" data-end=\"121\">Ingredienser (Fyllning 55 %):<\/strong><br data-start=\"121\" data-end=\"124\" \/>Socker, helmj\u00f6lkspulver, skummj\u00f6lkspulver, vegetabilisk olja (solros), pistasch (15 %), kadayifbitar (10 %) (vetemj\u00f6l, vatten, vegetabilisk olja (solros), socker, salt), emulgeringsmedel (solroslecitin), arom (vanillin).<\/p>\n<p data-start=\"346\" data-end=\"471\"><strong data-start=\"346\" data-end=\"370\">Mj\u00f6lkchoklad (45 %):<\/strong><br data-start=\"370\" data-end=\"373\" \/>Socker, helmj\u00f6lkspulver, kakaosm\u00f6r, kakaomassa, emulgeringsmedel (solroslecitin), arom (vanillin).<\/p>\n<p data-start=\"473\" data-end=\"520\"><strong data-start=\"473\" data-end=\"520\">Kakaohalten i mj\u00f6lkchokladen \u00e4r minst 30 %.<\/strong><\/p>\n<hr data-start=\"522\" data-end=\"525\" \/>\n<p data-start=\"527\" data-end=\"691\"><strong data-start=\"527\" data-end=\"550\">Allergiinformation:<\/strong><br data-start=\"550\" data-end=\"553\" \/>Inneh\u00e5ller gluten, mj\u00f6lkprodukter (laktos), pistaschn\u00f6tter.<br data-start=\"612\" data-end=\"615\" \/>Kan inneh\u00e5lla sp\u00e5r av hasseln\u00f6tter, valn\u00f6tter, jordn\u00f6tter, mandel och sesam.<\/p>\n<hr data-start=\"693\" data-end=\"696\" \/>\n<p data-start=\"698\" data-end=\"711\"><strong data-start=\"698\" data-end=\"709\">\u00d6vrigt:<\/strong><\/p>\n<ul data-start=\"712\" data-end=\"866\">\n<li data-start=\"712\" data-end=\"766\">\n<p data-start=\"714\" data-end=\"766\">Inneh\u00e5ller ej alkohol, fl\u00e4skfett eller tillsatser.<\/p>\n<\/li>\n<li data-start=\"767\" data-end=\"841\">\n<p data-start=\"769\" data-end=\"841\">F\u00f6rvaras svalt och torrt (16\u201320 \u00b0C), skyddat fr\u00e5n ljus, lukt och fukt.<\/p>\n<\/li>\n<li data-start=\"842\" data-end=\"866\">\n<p data-start=\"844\" data-end=\"866\">F\u00f6rvaras ej i kylsk\u00e5p.<\/p>\n<\/li>\n<\/ul>\n<p>&nbsp;<\/p>\n<p><img decoding=\"async\" class=\"alignnone size-medium wp-image-20328\" src=\"https:\/\/www.matbah.se\/wp-content\/uploads\/dubai-choklad-ingredienser-188x384.jpg\" alt=\"\" width=\"188\" height=\"384\" srcset=\"https:\/\/www.matbah.se\/wp-content\/uploads\/dubai-choklad-ingredienser-188x384.jpg 188w, https:\/\/www.matbah.se\/wp-content\/uploads\/dubai-choklad-ingredienser-376x768.jpg 376w, https:\/\/www.matbah.se\/wp-content\/uploads\/dubai-choklad-ingredienser-73x150.jpg 73w, https:\/\/www.matbah.se\/wp-content\/uploads\/dubai-choklad-ingredienser-768x1567.jpg 768w, https:\/\/www.matbah.se\/wp-content\/uploads\/dubai-choklad-ingredienser-753x1536.jpg 753w, https:\/\/www.matbah.se\/wp-content\/uploads\/dubai-choklad-ingredienser-1003x2048.jpg 1003w, https:\/\/www.matbah.se\/wp-content\/uploads\/dubai-choklad-ingredienser-384x784.jpg 384w, https:\/\/www.matbah.se\/wp-content\/uploads\/dubai-choklad-ingredienser-150x306.jpg 150w, https:\/\/www.matbah.se\/wp-content\/uploads\/dubai-choklad-ingredienser-scaled.jpg 1254w\" sizes=\"(max-width: 188px) 100vw, 188px\" \/><\/p>\n","protected":false},"excerpt":{"rendered":"<p>Ingredienser (Fyllning 55 %):Socker, helmj\u00f6lkspulver, skummj\u00f6lkspulver, vegetabilisk olja (solros), pistasch (15 %), kadayifbitar (10 %) (vetemj\u00f6l, vatten, vegetabilisk olja (solros),<\/p>\n","protected":false},"featured_media":20323,"comment_status":"closed","ping_status":"closed","template":"","meta":[],"product_brand":[],"product_cat":[1231,1147],"product_tag":[],"class_list":{"0":"post-20313","1":"product","2":"type-product","3":"status-publish","4":"has-post-thumbnail","6":"product_cat-confectionery","7":"product_cat-snacks-en","9":"first","10":"instock","11":"taxable","12":"shipping-taxable","13":"purchasable","14":"product-type-simple"},"_links":{"self":[{"href":"https:\/\/www.matbah.se\/en\/wp-json\/wp\/v2\/product\/20313","targetHints":{"allow":["GET"]}}],"collection":[{"href":"https:\/\/www.matbah.se\/en\/wp-json\/wp\/v2\/product"}],"about":[{"href":"https:\/\/www.matbah.se\/en\/wp-json\/wp\/v2\/types\/product"}],"replies":[{"embeddable":true,"href":"https:\/\/www.matbah.se\/en\/wp-json\/wp\/v2\/comments?post=20313"}],"wp:featuredmedia":[{"embeddable":true,"href":"https:\/\/www.matbah.se\/en\/wp-json\/wp\/v2\/media\/20323"}],"wp:attachment":[{"href":"https:\/\/www.matbah.se\/en\/wp-json\/wp\/v2\/media?parent=20313"}],"wp:term":[{"taxonomy":"product_brand","embeddable":true,"href":"https:\/\/www.matbah.se\/en\/wp-json\/wp\/v2\/product_brand?post=20313"},{"taxonomy":"product_cat","embeddable":true,"href":"https:\/\/www.matbah.se\/en\/wp-json\/wp\/v2\/product_cat?post=20313"},{"taxonomy":"product_tag","embeddable":true,"href":"https:\/\/www.matbah.se\/en\/wp-json\/wp\/v2\/product_tag?post=20313"}],"curies":[{"name":"wp","href":"https:\/\/api.w.org\/{rel}","templated":true}]}}