{"id":12808,"date":"2022-08-08T09:47:25","date_gmt":"2022-08-08T06:47:25","guid":{"rendered":"https:\/\/www.matbah.se\/satin-alma-sartlari\/"},"modified":"2023-06-25T15:46:10","modified_gmt":"2023-06-25T12:46:10","slug":"satin-alma-sartlari","status":"publish","type":"page","link":"https:\/\/www.matbah.se\/tr\/satin-alma-sartlari\/","title":{"rendered":"Sat\u0131n alma \u015fartlar\u0131"},"content":{"rendered":"<div class=\"wpb-content-wrapper\"><h1 class=\"title\">Sat\u0131n alma \u015fartlar\u0131<\/h1>\n<div>\n<ol class=\"nmbr\">\n<li><strong>Matbah Hakk\u0131nda<\/strong><br \/>\n\u015eirketin merkezi Stockholm&#8217;dedir. \u015eirketin posta adresi Stens\u00e4trav\u00e4gen 6&#8217;d\u0131r.<br \/>\nBizimle ileti\u015fime ge\u00e7mek istiyorsan\u0131z, \u015fu adrese bir e-posta g\u00f6nderin&nbsp;<a href=\"mailto:info@matbah.se\">info@matbah.se<\/a>&nbsp;adresine sorunuzu ve ileti\u015fim bilgilerinizi iletti\u011finizde k\u0131sa s\u00fcre i\u00e7inde sizinle ileti\u015fime ge\u00e7ece\u011fiz.<\/li>\n<li><strong>Sipari\u015f<\/strong><br \/>\nKartla \u00f6deme yaparsan\u0131z, para mallar\u0131 sipari\u015f etti\u011finizde kesilecektir. Sipari\u015finizi tamamlad\u0131ktan sonra, e-posta adresinize bir sipari\u015f onay\u0131 g\u00f6nderilecektir. Onay, \u00fcr\u00fcnlerin t\u00fcm ayr\u0131nt\u0131lar\u0131n\u0131, fiyat\u0131, fatura ve teslimat adresini i\u00e7erir.<br \/>\nSipari\u015f onay\u0131nda bir hata varsa, l\u00fctfen hemen a\u015fa\u011f\u0131daki adrese e-posta g\u00f6ndererek bizimle ileti\u015fime ge\u00e7in&nbsp;<a href=\"mailto:info@matbah.se\">info@matbah.se.<\/a><\/li>\n<li><strong>Teslimat<\/strong><br \/>\nStockholm&#8217;de ya\u015fam\u0131yorsan\u0131z, normal teslimat s\u00fcrelerimiz 2-7 g\u00fcnd\u00fcr. Stockholm&#8217;de ya\u015f\u0131yorsan\u0131z, normal teslimat s\u00fcrelerimiz 1-3 g\u00fcnd\u00fcr. D\u0130KKAT! Hafta sonlar\u0131 verilen sipari\u015fler en erken bir sonraki teslimat g\u00fcn\u00fcnde g\u00f6nderilir. Teslimat g\u00fcnlerimiz \u00c7ar\u015famba, Per\u015fembe ve Cuma&#8217;d\u0131r.<br \/>\nTeslimatta bir gecikme olursa (size daha uzun bir teslimat s\u00fcresi bildirmeden), l\u00fctfen bizimle e-posta yoluyla ileti\u015fime ge\u00e7in:&nbsp;<a href=\"mailto:info@matbah.se\">info@matbah.se<\/a>.<\/li>\n<li><strong>Fiyatlar<\/strong><br \/>\nMa\u011fazadaki t\u00fcm fiyatlar SEK cinsindendir ve t\u00fcm fiyatlara %12 KDV dahildir.<br \/>\nTedarik\u00e7iden gelen fiyat de\u011fi\u015fiklikleri, fiyat listesindeki yanl\u0131\u015f bas\u0131mlar ve yanl\u0131\u015f bilgi nedeniyle fiyatlardaki yanl\u0131\u015fl\u0131klar nedeniyle fiyat de\u011fi\u015fikli\u011fi yapma hakk\u0131m\u0131z\u0131 sakl\u0131 tutar\u0131z ve fiyat\u0131 ayarlama hakk\u0131m\u0131z\u0131 sakl\u0131 tutar\u0131z.<\/li>\n<li><strong>\u0130ptal hakk\u0131<\/strong><br \/>\nWeb sitesinden mal sat\u0131n al\u0131rken, m\u00fc\u015fteri olarak sipari\u015f etti\u011finiz mallar\u0131 teslim ald\u0131\u011f\u0131n\u0131z andan itibaren ge\u00e7erli olan 14 g\u00fcnl\u00fck yasal iptal hakk\u0131na sahipsiniz.<\/p>\n<ol class=\"nmbr\">\n<li><strong>Cayma hakk\u0131n\u0131z\u0131 kullan\u0131rken:&nbsp;<\/strong><br \/>\nFikrinizi de\u011fi\u015ftirdi\u011finizi bize bildirmeniz gerekmektedir. Mesaj bize g\u00f6nderilmelidir&nbsp;<a href=\"mailto:info@matbah.se\">info@matbah.se<\/a>.&nbsp;Mesaj\u0131n\u0131z ad\u0131n\u0131z\u0131, adresinizi, e-posta adresinizi, sipari\u015f numaran\u0131z\u0131 ve iade edilen mallar\u0131 a\u00e7\u0131k\u00e7a belirtmelidir.<br \/>\n\u00dcr\u00fcnleri derhal ve en ge\u00e7 iptal bildiriminden sonraki yasal 14 g\u00fcn i\u00e7inde bize iade etmelisiniz.<br \/>\n\u0130ade nakliye, teslimat ve iade s\u0131ras\u0131nda \u00fcr\u00fcnlerin durumundan siz sorumlusunuz, bu nedenle \u00fcr\u00fcnler iyi paketlenmi\u015f ve orijinal ambalajlar\u0131nda g\u00f6nderilmelidir.<br \/>\nKullan\u0131lm\u0131\u015f veya hasarl\u0131 bir \u00fcr\u00fcn s\u00f6z konusu oldu\u011funda, mallar\u0131n orijinal de\u011ferine k\u0131yasla de\u011ferindeki azalmaya kar\u015f\u0131l\u0131k gelen bir tutar\u0131 geri \u00f6deme tutar\u0131ndan d\u00fc\u015fme hakk\u0131m\u0131z sakl\u0131d\u0131r.<br \/>\nNakliye s\u0131ras\u0131nda hasar g\u00f6ren \u00fcr\u00fcnler kabul edilmemeli ve nakliye \u015firketine hasarla ilgili bir bildirim eklenmelidir. \u00dcr\u00fcne zarar vermemek i\u00e7in kartonda veya ambalajda bulunabilecek k\u00fc\u00e7\u00fck ezikler nedeniyle \u00fcr\u00fcn iade edilmemelidir. Ancak, taraf\u0131n\u0131zdan teslim al\u0131nd\u0131\u011f\u0131nda, ta\u015f\u0131y\u0131c\u0131 y\u00fck\u00fcml\u00fcl\u00fc\u011f\u00fcn\u00fc yerine getirmi\u015f say\u0131lacakt\u0131r. Yetkisiz \u00fcr\u00fcn talebi ma\u011fazam\u0131za teslim edildikten sonra, ma\u011fazam\u0131z m\u00fcmk\u00fcn olan en k\u0131sa s\u00fcrede size yeni bir \u00fcr\u00fcn teslim edecektir.<\/li>\n<li><strong>\u0130ptal hakk\u0131 a\u015fa\u011f\u0131dakiler i\u00e7in ge\u00e7erli de\u011fildir<\/strong><br \/>\nSa\u011fl\u0131k veya hijyen nedenleriyle m\u00fch\u00fcrlenmi\u015f ve m\u00fchr\u00fc sizin taraf\u0131n\u0131zdan k\u0131r\u0131lm\u0131\u015f \u00fcr\u00fcnler.<br \/>\nM\u00fch\u00fcrl\u00fc ses veya video kayd\u0131 niteli\u011fi ta\u015f\u0131yan ve m\u00fchr\u00fcn sizin taraf\u0131n\u0131zdan k\u0131r\u0131ld\u0131\u011f\u0131 \u00fcr\u00fcnler.<br \/>\nSizin i\u00e7in \u00f6zel olarak haz\u0131rlanm\u0131\u015f veya isteklerinize g\u00f6re net bir ki\u015fisel dokunu\u015fa sahip \u0131smarlama \u00fcr\u00fcn.<br \/>\nTamamlanm\u0131\u015f olan ve cayma hakk\u0131 olmaks\u0131z\u0131n hizmetin ba\u015flamas\u0131n\u0131 a\u00e7\u0131k\u00e7a kabul etti\u011finiz hizmetler.<br \/>\nG\u0131da gibi \u00e7abuk bozulabilen \u00fcr\u00fcnler.<br \/>\nGazete veya dergilerin tek say\u0131lar\u0131; yasal iptal hakk\u0131 hakk\u0131nda daha fazla bilgi i\u00e7in bkz.&nbsp;<a href=\"http:\/\/www.konsumentverket.se\/for-foretag\/konsumentratt-for-foretagare\/om-kunden-angrar-sitt-kop\/\" target=\"_blank\" rel=\"noopener nofollow\"><strong>Burada<\/strong>.&nbsp;<\/a><\/li>\n<\/ol>\n<\/li>\n<li><strong>\u015eikayetler ve yak\u0131nmalar<\/strong><br \/>\nT\u00fcm \u00fcr\u00fcnleri size g\u00f6nderilmeden \u00f6nce inceliyoruz. \u00dcr\u00fcn ula\u015ft\u0131\u011f\u0131nda hala hasarl\u0131 veya yanl\u0131\u015f g\u00f6nderilmi\u015fse, y\u00fcr\u00fcrl\u00fckteki t\u00fcketici koruma mevzuat\u0131 uyar\u0131nca hatay\u0131 \u00fccretsiz olarak d\u00fczeltmeyi taahh\u00fct ediyoruz.<br \/>\nKusurlu bir \u00fcr\u00fcn\u00fc iade etmeden \u00f6nce izin i\u00e7in her zaman bizimle ileti\u015fime ge\u00e7melisiniz.<br \/>\n\u015eikayet, kusur tespit edildikten hemen sonra g\u00f6nderilmelidir. \u015eikayet hakk\u0131 3 y\u0131ld\u0131r.<\/p>\n<ol class=\"nmbr\">\n<li><strong>\u015eikayette bulunmak i\u00e7in nas\u0131l bir yol izliyorsunuz?<\/strong><br \/>\nHerhangi bir hata ve kusur her zaman a\u015fa\u011f\u0131dakilere bildirilmelidir&nbsp;<a href=\"mailto:info@matbah.se\">info@matbah.se<\/a>&nbsp;ad\u0131n\u0131z\u0131, adresinizi, e-posta adresinizi, sipari\u015f numaran\u0131z\u0131 ve ar\u0131zan\u0131n a\u00e7\u0131klamas\u0131n\u0131 belirterek.<br \/>\nKusuru gideremez veya benzer bir \u00fcr\u00fcn teslim edemezsek, ge\u00e7erli t\u00fcketici koruma mevzuat\u0131 uyar\u0131nca kusurlu \u00fcr\u00fcn i\u00e7in size geri \u00f6deme yapaca\u011f\u0131z. Yetkili \u015fikayetler i\u00e7in iade nakliyesi sa\u011fl\u0131yoruz.<br \/>\n\u00dcr\u00fcn\u00fcn y\u00fcr\u00fcrl\u00fckteki t\u00fcketici koruma mevzuat\u0131na uygun olarak kusurlu olmad\u0131\u011f\u0131 ortaya \u00e7\u0131karsa, bir \u015fikayeti reddetme hakk\u0131m\u0131z\u0131 sakl\u0131 tutar\u0131z. \u015eikayetler i\u00e7in Genel \u015eikayetler Kurulu&#8217;nun y\u00f6nergelerini takip ediyoruz, bkz. arn.se.<\/li>\n<\/ol>\n<\/li>\n<li><strong>Sorumlulu\u011fun s\u0131n\u0131rland\u0131r\u0131lmas\u0131&nbsp;<\/strong><br \/>\n<strong>\u00dcr\u00fcnden dolay\u0131 olu\u015fabilecek herhangi bir dolayl\u0131 hasardan sorumlu de\u011filiz.<\/strong><br \/>\nKontrol\u00fcm\u00fcz d\u0131\u015f\u0131ndaki ko\u015fullardan (M\u00fccbir Sebepler) kaynaklanan gecikmeler\/hatalar i\u00e7in herhangi bir sorumluluk kabul etmiyoruz. Bu ko\u015fullar aras\u0131nda \u00f6rne\u011fin i\u015f anla\u015fmazl\u0131klar\u0131, yang\u0131n, sava\u015f, h\u00fck\u00fcmet kararlar\u0131, tedarik\u00e7iden teslimat\u0131n azalmas\u0131 veya hi\u00e7 yap\u0131lmamas\u0131 yer alabilir.<br \/>\nAyr\u0131ca, ilgili tedarik\u00e7i taraf\u0131ndan de\u011fi\u015ftirilen \u00fcr\u00fcnlerdeki\/\u00fcr\u00fcn \u00f6zelliklerindeki de\u011fi\u015fiklikler ve kontrol\u00fcm\u00fcz d\u0131\u015f\u0131ndaki di\u011fer fakt\u00f6rler i\u00e7in hi\u00e7bir sorumluluk kabul edilmez.<\/li>\n<li><strong>\u00dcr\u00fcn bilgileri<\/strong><br \/>\nBu web sitesinde ve \u00fcr\u00fcnlerin nihai sat\u0131\u015f\u0131nda herhangi bir yaz\u0131m hatas\u0131 yapma hakk\u0131m\u0131z sakl\u0131d\u0131r. Monit\u00f6re, foto\u011fraf kalitesine ve \u00e7\u00f6z\u00fcn\u00fcrl\u00fc\u011fe ba\u011fl\u0131 olarak baz\u0131 renk farkl\u0131l\u0131klar\u0131 olu\u015fabilece\u011finden, g\u00f6rsellerin \u00fcr\u00fcnlerin tam g\u00f6r\u00fcn\u00fcm\u00fcn\u00fc yans\u0131tt\u0131\u011f\u0131n\u0131 garanti etmiyoruz. \u00dcr\u00fcnleri m\u00fcmk\u00fcn oldu\u011funca do\u011fru bir \u015fekilde sergilemek i\u00e7in her zaman elimizden gelenin en iyisini yapmaya \u00e7al\u0131\u015f\u0131yoruz.<\/li>\n<li><strong>\u00c7erezler hakk\u0131nda bilgi<\/strong><br \/>\nElektronik Bilgi Yasas\u0131 kapsam\u0131nda, bir web sitesinin ziyaret\u00e7ileri gizlilik amac\u0131yla \u00e7erezlerin kullan\u0131m\u0131 konusunda bilgilendirilmelidir. \u00c7erezdeki bilgiler, bir kullan\u0131c\u0131n\u0131n tarama davran\u0131\u015f\u0131n\u0131 izlemek i\u00e7in kullan\u0131labilir. \u00c7erez, ziyaret etti\u011finiz web sitesinin \u00e7e\u015fitli i\u015flevlere eri\u015fim sa\u011flamak i\u00e7in bilgisayar\u0131n\u0131zda depolamay\u0131 talep etti\u011fi k\u00fc\u00e7\u00fck bir metin dosyas\u0131d\u0131r. Taray\u0131c\u0131n\u0131z\u0131 \u00e7erezleri otomatik olarak reddedecek \u015fekilde ayarlayabilirsiniz. \u0130sve\u00e7 Posta ve Telekom Kurumu&#8217;nun web sitesinde daha fazla bilgi bulabilir veya <strong><a href=\"https:\/\/www.matbah.se\/tr\/cerez-politikasi\/\">\u00e7erez politikam\u0131z\u0131<\/a><\/strong> okuyabilirsiniz.<\/li>\n<li><strong>Ki\u015fisel veriler<\/strong><br \/>\nMatbah&#8217;tan al\u0131\u015fveri\u015f yaparak, veri koruma politikam\u0131z\u0131 ve ki\u015fisel verilerinizi i\u015flememizi kabul etmi\u015f olursunuz. Gizlili\u011finize \u00f6nem veriyoruz ve sipari\u015finizi i\u015fleme koymak i\u00e7in gerekenden fazla veri toplam\u0131yoruz. Verilerinizi yasal bir dayanak olmadan asla \u00fc\u00e7\u00fcnc\u00fc taraflara satm\u0131yor veya aktarm\u0131yoruz.<br \/>\nMatbah, bir m\u00fc\u015fteri olarak bize sa\u011flad\u0131\u011f\u0131n\u0131z ki\u015fisel verilerin i\u015flenmesinden sorumludur. Ki\u015fisel verileriniz, sipari\u015finizi i\u015fleme koymak ve haber b\u00fcltenleri veya promosyon teklifleri talep etti\u011finiz durumlarda pazarlamay\u0131 bireysel ihtiya\u00e7lar\u0131n\u0131za g\u00f6re \u00f6zelle\u015ftirmek i\u00e7in taraf\u0131m\u0131zdan i\u015flenir.<br \/>\nA\u015fa\u011f\u0131daki bilgiler, a\u015fa\u011f\u0131dakilere uygun olarak nas\u0131l hareket etti\u011fimizin bir \u00f6zetidir&nbsp;Genel <a href=\"https:\/\/www.imy.se\/verksamhet\/dataskydd\/det-har-galler-enligt-gdpr\/introduktion-till-gdpr\/\" target=\"_blank\" rel=\"noopener nofollow\">Veri Koruma Y\u00f6netmeli\u011fi<\/a>&nbsp;(GDPR) verilerinizi depolar ve i\u015fler.<\/p>\n<ol class=\"nmbr\">\n<li><strong>Ki\u015fisel veri nedir?<\/strong><br \/>\nKi\u015fisel veri, do\u011frudan veya dolayl\u0131 olarak bir ger\u00e7ek ki\u015fiye atfedilebilecek her t\u00fcrl\u00fc bilgidir.<\/li>\n<li><strong>Hangi verileri depoluyoruz?<\/strong><br \/>\nSipari\u015finizi i\u015flemek ve sipari\u015finizle ilgili sorular\u0131 yan\u0131tlamak (m\u00fc\u015fteri hizmetleri) i\u00e7in ad\u0131n\u0131z\u0131 ve soyad\u0131n\u0131z\u0131, adresinizi, telefon numaran\u0131z\u0131, e-posta adresinizi, IP adresinizi ve sat\u0131n alma ge\u00e7mi\u015finizi saklar\u0131z.<br \/>\nVerileriniz, verilerinizi i\u015flemek i\u00e7in yasal bir dayana\u011f\u0131m\u0131z oldu\u011fu s\u00fcrece, \u00f6rne\u011fin aram\u0131zdaki s\u00f6zle\u015fmeyi yerine getirmek veya \u00f6rne\u011fin Muhasebe Yasas\u0131 kapsam\u0131ndaki yasal bir y\u00fck\u00fcml\u00fcl\u00fc\u011fe uymak i\u00e7in saklan\u0131r.<\/li>\n<li><strong>Yasal dayanak<\/strong><br \/>\nBir sat\u0131n alma i\u015flemi ba\u011flam\u0131nda, ki\u015fisel verileriniz sizinle yap\u0131lan s\u00f6zle\u015fmenin yerine getirilmesi i\u00e7in i\u015flenir.<br \/>\nPazarlama, promosyonlar ve benzer postalar izninize tabidir.<\/li>\n<li><strong>Hangi veriler ne ama\u00e7la payla\u015f\u0131l\u0131yor?<\/strong>\n<ol class=\"nmbr\">\n<li><strong>\u00d6deme sa\u011flay\u0131c\u0131<\/strong><br \/>\nBir sat\u0131n alma i\u015flemi yap\u0131l\u0131rken, bilgiler \u00f6deme sa\u011flay\u0131c\u0131m\u0131zla payla\u015f\u0131l\u0131r. Saklananlar ad, soyad, adres, e-posta adresi ve telefon numaras\u0131d\u0131r. Fatura ile \u00f6deme yapmay\u0131 se\u00e7erseniz, ki\u015fisel numara da \u00f6deme sa\u011flay\u0131c\u0131s\u0131 taraf\u0131ndan kaydedilir. Bilgiler, sat\u0131n alma i\u015flemini ger\u00e7ekle\u015ftirmek ve taraflar\u0131 doland\u0131r\u0131c\u0131l\u0131\u011fa kar\u015f\u0131 korumak i\u00e7in saklan\u0131r.<br \/>\nKulland\u0131\u011f\u0131m\u0131z \u00f6deme sa\u011flay\u0131c\u0131lar\u0131 (\u00f6deme hizmetleri) \u015funlard\u0131r: Bambora.<\/li>\n<li><strong>Nakliye \u015firketleri<\/strong><br \/>\nSipari\u015flerinizi teslim etmek ve s\u00f6zle\u015fmemizi sonu\u00e7land\u0131rmak i\u00e7in, belirli bilgileri nakliye \u015firketi ile payla\u015fmam\u0131z gerekir. Kargo \u015firketi ile payla\u015f\u0131lanlar ad, soyad ve teslimat adresi bilgileridir. E-posta adresi ve\/veya cep telefonu numaras\u0131 da bildirim amac\u0131yla kargo \u015firketiyle payla\u015f\u0131labilir.<br \/>\nBirlikte \u00e7al\u0131\u015ft\u0131\u011f\u0131m\u0131z nakliye \u015firketleri: DHL.<\/li>\n<\/ol>\n<\/li>\n<li><strong>Eri\u015fim hakk\u0131<\/strong><br \/>\nHakk\u0131n\u0131zda tuttu\u011fumuz t\u00fcm bilgilerin \u00f6zetlerini alma hakk\u0131na sahipsiniz. Al\u0131nt\u0131lar okunabilir bir formatta elektronik olarak teslim edilir.<\/li>\n<li><strong>D\u00fczeltme hakk\u0131<\/strong><br \/>\nBizden yanl\u0131\u015f bilgileri g\u00fcncellememizi veya eksik bilgileri tamamlamam\u0131z\u0131 isteme hakk\u0131na sahipsiniz.<\/li>\n<li><strong>Unutulma hakk\u0131<\/strong><br \/>\nVerilerinizin silinmesini istedi\u011finiz zaman talep edebilirsiniz. Silme hakk\u0131n\u0131n, yasal bir y\u00fck\u00fcml\u00fcl\u00fc\u011f\u00fcn (\u00f6rne\u011fin Muhasebe Yasas\u0131 kapsam\u0131nda) yerine getirilmesi i\u00e7in saklanmas\u0131 gerekti\u011fi durumlar gibi birka\u00e7 istisnas\u0131 vard\u0131r.<\/li>\n<li><strong>Veri Koruma G\u00f6revlisi<\/strong><br \/>\nMatbah, \u00e7evrimi\u00e7i ma\u011fazada ki\u015fisel verilerin depolanmas\u0131 ve i\u015flenmesinden sorumludur ve kurallara uyulmas\u0131n\u0131 sa\u011flar.<\/li>\n<li><strong>Ki\u015fisel verilerinizi nas\u0131l koruyoruz<\/strong><br \/>\nKi\u015fisel veriler ve \u015fifreler gibi hassas bilgileri g\u00fcvenli bir \u015fekilde saklamak, i\u015flemek ve iletmek i\u00e7in SSL\/TLS ve tek y\u00f6nl\u00fc hash algoritmalar\u0131 gibi end\u00fcstri standartlar\u0131n\u0131 kullan\u0131yoruz.<\/li>\n<\/ol>\n<\/li>\n<li><strong>Genel Ko\u015fullarda Yap\u0131lan De\u011fi\u015fiklikler<\/strong><br \/>\nH\u00fck\u00fcm ve ko\u015fullarda istedi\u011fimiz zaman de\u011fi\u015fiklik yapma hakk\u0131m\u0131z sakl\u0131d\u0131r. Ko\u015fullarda yap\u0131lan de\u011fi\u015fiklikler web sitesinde \u00e7evrimi\u00e7i olarak yay\u0131nlanacakt\u0131r. De\u011fi\u015ftirilen h\u00fck\u00fcm ve ko\u015fullar, bir sipari\u015f verdi\u011finizde veya web sitesini ziyaret etti\u011finizde kabul edilmi\u015f say\u0131l\u0131r.<\/li>\n<li><strong>Anla\u015fmazl\u0131klar ve ekip se\u00e7imi<\/strong><br \/>\nBir anla\u015fmazl\u0131k \u015firketin m\u00fc\u015fteri hizmetleri ve m\u00fc\u015fteri aras\u0131nda anla\u015fmaya var\u0131larak \u00e7\u00f6z\u00fclemezse, m\u00fc\u015fteri olarak Genel \u015eikayetler Kuruluna ba\u015fvurabilirsiniz, bkz. arn.se. \u0130sve\u00e7 d\u0131\u015f\u0131nda bir AB \u00fclkesinde ikamet edenler i\u00e7in, \u015fikayetler Avrupa Komisyonu&#8217;nun uyu\u015fmazl\u0131k arabuluculuk platformu arac\u0131l\u0131\u011f\u0131yla \u00e7evrimi\u00e7i olarak sunulabilir, bkz.&nbsp;<a href=\"http:\/\/ec.europa.eu\/consumers\/odr\" rel=\"nofollow noopener\" target=\"_blank\">http:\/\/ec.europa.eu\/consumers\/odr<\/a><br \/>\nBir anla\u015fmazl\u0131k durumunda, ARN veya benzer bir anla\u015fmazl\u0131k \u00e7\u00f6z\u00fcm kurulu\u015funun kararlar\u0131n\u0131 takip ederiz.<br \/>\nBu genel h\u00fck\u00fcm ve ko\u015fullar\u0131n yorumlanmas\u0131 veya uygulanmas\u0131na ili\u015fkin her t\u00fcrl\u00fc ihtilaf \u0130sve\u00e7 yasalar\u0131na g\u00f6re yorumlanacakt\u0131r.<\/li>\n<\/ol>\n<\/div>\n<div class=\"wpb-content-wrapper\">[vc_row][vc_column]\t\t\t<div class=\"info-box-wrapper\">\n\t\t\t\t<div id=\"wd-683f03a0c8ac3\" class=\" wd-rs-683f03a0c8ac3 wd-info-box wd-wpb text-left box-icon-align-left box-style- color-scheme- wd-bg-none wd-items-top \">\n\t\t\t\t\t\t\t\t\t\t\t<div class=\"box-icon-wrapper  box-with-icon box-icon-simple\">\n\t\t\t\t\t\t\t<div class=\"info-box-icon\">\n\n\t\t\t\t\t\t\t\n\t\t\t\t\t\t\t\t\t\t\t\t\t\t\t\t\t\t\t\t\t\t\t\t\t\t\t\t\t\t\t\t\n\t\t\t\t\t\t\t<\/div>\n\t\t\t\t\t\t<\/div>\n\t\t\t\t\t\t\t\t\t\t<div class=\"info-box-content\">\n\t\t\t\t\t\t<h4 class=\"info-box-title title box-title-style-default wd-fontsize-m\">Matbah Gross AB<\/h4>\t\t\t\t\t\t<div class=\"info-box-inner reset-last-child\"><p>Organizasyon numaras\u0131: 559004-4110<br \/>\n<span class=\"location-link\"><strong>H\u00f6torget T-\u0130stasyonu Kungsgatan 41<\/strong><\/span><span class=\"location-link\"><strong>, 111 56 Stockholm<\/strong><\/span><br \/>\n<a class=\"whatsapp-link\" href=\"https:\/\/wa.me\/+46737097705\" target=\"_blank\" rel=\"noopener noreferrer nofollow\"> +46 737097705<\/a><br \/>\n<a class=\"mail-link\" href=\"mailto:info@matbah.se\" target=\"_blank\" rel=\"noopener noreferrer nofollow\"> info@matbah.se<\/a><\/p>\n<\/div>\n\n\t\t\t\t\t\t\t\t\t\t\t<\/div>\n\n\t\t\t\t\t\n\t\t\t\t\t\t\t\t\t<\/div>\n\t\t\t<\/div>\n\t\t[\/vc_column][\/vc_row][vc_row][vc_column][vc_column_text]\r\n\r\n[\/vc_column_text][\/vc_column][\/vc_row]<\/div>\n<\/div>","protected":false},"excerpt":{"rendered":"<p>Sat\u0131n alma \u015fartlar\u0131 Matbah Hakk\u0131nda \u015eirketin merkezi Stockholm&#8217;dedir. \u015eirketin posta adresi Stens\u00e4trav\u00e4gen 6&#8217;d\u0131r. Bizimle ileti\u015fime ge\u00e7mek istiyorsan\u0131z, \u015fu adrese bir<\/p>\n","protected":false},"author":1,"featured_media":0,"parent":0,"menu_order":0,"comment_status":"closed","ping_status":"closed","template":"","meta":{"footnotes":""},"class_list":["post-12808","page","type-page","status-publish","hentry"],"_links":{"self":[{"href":"https:\/\/www.matbah.se\/tr\/wp-json\/wp\/v2\/pages\/12808","targetHints":{"allow":["GET"]}}],"collection":[{"href":"https:\/\/www.matbah.se\/tr\/wp-json\/wp\/v2\/pages"}],"about":[{"href":"https:\/\/www.matbah.se\/tr\/wp-json\/wp\/v2\/types\/page"}],"author":[{"embeddable":true,"href":"https:\/\/www.matbah.se\/tr\/wp-json\/wp\/v2\/users\/1"}],"replies":[{"embeddable":true,"href":"https:\/\/www.matbah.se\/tr\/wp-json\/wp\/v2\/comments?post=12808"}],"version-history":[{"count":0,"href":"https:\/\/www.matbah.se\/tr\/wp-json\/wp\/v2\/pages\/12808\/revisions"}],"wp:attachment":[{"href":"https:\/\/www.matbah.se\/tr\/wp-json\/wp\/v2\/media?parent=12808"}],"curies":[{"name":"wp","href":"https:\/\/api.w.org\/{rel}","templated":true}]}}