{"id":12826,"date":"2022-12-23T18:22:18","date_gmt":"2022-12-23T15:22:18","guid":{"rendered":"https:\/\/www.matbah.se\/cerez-politikasi\/"},"modified":"2023-06-26T16:44:07","modified_gmt":"2023-06-26T13:44:07","slug":"cerez-politikasi","status":"publish","type":"page","link":"https:\/\/www.matbah.se\/tr\/cerez-politikasi\/","title":{"rendered":"\u00c7erez politikas\u0131"},"content":{"rendered":"<div class=\"wpb-content-wrapper\">\r\n<h1>\u00c7erez politikas\u0131<\/h1>\r\n<p>\u00c7erez, bir web sitesini ziyaret etti\u011finizde web sitesinin bilgisayar\u0131n\u0131za veya mobil cihaz\u0131n\u0131za kaydetti\u011fi k\u00fc\u00e7\u00fck bir metin dosyas\u0131d\u0131r. \u00c7erezler, bir web sitesinin daha verimli \u00e7al\u0131\u015fmas\u0131n\u0131 veya i\u015flev g\u00f6rmesini sa\u011flamak veya web sitesi sahiplerine bilgi sa\u011flamak i\u00e7in yayg\u0131n olarak kullan\u0131lmaktad\u0131r.<\/p>\r\n<p><strong>\u00c7erezleri nas\u0131l kullan\u0131yoruz?<\/strong><\/p>\r\n<p>Bilgisayar\u0131n\u0131za y\u00fcklenen \u00e7erezler veya elde edilen bilgiler istatistiksel analiz veya g\u00fcvenlik \u00f6nlemleri i\u00e7in kullan\u0131l\u0131r. \u00c7erezler arac\u0131l\u0131\u011f\u0131yla hi\u00e7bir ki\u015fisel veriniz toplanmamaktad\u0131r.<\/p>\r\n<p><strong>\u00c7erezleri nas\u0131l kontrol edebilirsiniz?<\/strong><\/p>\r\n<p>\u00c7erezleri diledi\u011finiz gibi kontrol edebilir veya silebilirsiniz. Bilgisayar\u0131n\u0131zda halihaz\u0131rda bulunan \u00e7erezleri silebilir ve \u00e7o\u011fu taray\u0131c\u0131da \u00e7erezlerin kaydedilmesini\/ayarlanmas\u0131n\u0131 engelleyebilirsiniz.<\/p>\r\n<p><strong>Internet Explorer&#8217;da \u00e7erezleri nas\u0131l y\u00f6netebilirsiniz?<\/strong><\/p>\r\n<p>\u00c7o\u011fu taray\u0131c\u0131 \u015funlar\u0131 yapman\u0131za izin verir:<\/p>\r\n<ul>\r\n<li>Visa och radera sparade cookies<\/li>\r\n<li>Blockera tredjepartscookies<\/li>\r\n<li>Blockera cookies fr\u00e5n vissa webbplatser<\/li>\r\n<li>Blockera alla cookies<\/li>\r\n<li>Radera alla cookies n\u00e4r du st\u00e4nger webbl\u00e4saren<\/li>\r\n<\/ul>\r\n<p>&nbsp;<\/p>\r\n<div class=\"wpb-content-wrapper\">[vc_row][vc_column]\t\t\t<div class=\"info-box-wrapper\">\n\t\t\t\t<div id=\"wd-683f03a0c8ac3\" class=\" wd-rs-683f03a0c8ac3 wd-info-box wd-wpb text-left box-icon-align-left box-style- color-scheme- wd-bg-none wd-items-top \">\n\t\t\t\t\t\t\t\t\t\t\t<div class=\"box-icon-wrapper  box-with-icon box-icon-simple\">\n\t\t\t\t\t\t\t<div class=\"info-box-icon\">\n\n\t\t\t\t\t\t\t\n\t\t\t\t\t\t\t\t\t\t\t\t\t\t\t\t\t\t\t\t\t\t\t\t\t\t\t\t\t\t\t\t\n\t\t\t\t\t\t\t<\/div>\n\t\t\t\t\t\t<\/div>\n\t\t\t\t\t\t\t\t\t\t<div class=\"info-box-content\">\n\t\t\t\t\t\t<h4 class=\"info-box-title title box-title-style-default wd-fontsize-m\">Matbah Gross AB<\/h4>\t\t\t\t\t\t<div class=\"info-box-inner reset-last-child\"><p>Organizasyon numaras\u0131: 559004-4110<br \/>\n<span class=\"location-link\"><strong>H\u00f6torget T-\u0130stasyonu Kungsgatan 41<\/strong><\/span><span class=\"location-link\"><strong>, 111 56 Stockholm<\/strong><\/span><br \/>\n<a class=\"whatsapp-link\" href=\"https:\/\/wa.me\/+46737097705\" target=\"_blank\" rel=\"noopener noreferrer nofollow\"> +46 737097705<\/a><br \/>\n<a class=\"mail-link\" href=\"mailto:info@matbah.se\" target=\"_blank\" rel=\"noopener noreferrer nofollow\"> info@matbah.se<\/a><\/p>\n<\/div>\n\n\t\t\t\t\t\t\t\t\t\t\t<\/div>\n\n\t\t\t\t\t\n\t\t\t\t\t\t\t\t\t<\/div>\n\t\t\t<\/div>\n\t\t[\/vc_column][\/vc_row][vc_row][vc_column][vc_column_text]\r\n\r\n[\/vc_column_text][\/vc_column][\/vc_row]<\/div>\r\n<ul>\r\n<li style=\"list-style-type: none;\">\r\n<ul>\r\n<li style=\"list-style-type: none;\">\u00a0<\/li>\r\n<\/ul>\r\n<\/li>\r\n<\/ul>\r\n\r\n<p><!-- \/wp:post-content --><\/p><\/div>","protected":false},"excerpt":{"rendered":"<p>\u00c7erez politikas\u0131 \u00c7erez, bir web sitesini ziyaret etti\u011finizde web sitesinin bilgisayar\u0131n\u0131za veya mobil cihaz\u0131n\u0131za kaydetti\u011fi k\u00fc\u00e7\u00fck bir metin dosyas\u0131d\u0131r. \u00c7erezler,<\/p>\n","protected":false},"author":1,"featured_media":0,"parent":0,"menu_order":0,"comment_status":"closed","ping_status":"closed","template":"","meta":{"footnotes":""},"class_list":["post-12826","page","type-page","status-publish","hentry"],"_links":{"self":[{"href":"https:\/\/www.matbah.se\/tr\/wp-json\/wp\/v2\/pages\/12826","targetHints":{"allow":["GET"]}}],"collection":[{"href":"https:\/\/www.matbah.se\/tr\/wp-json\/wp\/v2\/pages"}],"about":[{"href":"https:\/\/www.matbah.se\/tr\/wp-json\/wp\/v2\/types\/page"}],"author":[{"embeddable":true,"href":"https:\/\/www.matbah.se\/tr\/wp-json\/wp\/v2\/users\/1"}],"replies":[{"embeddable":true,"href":"https:\/\/www.matbah.se\/tr\/wp-json\/wp\/v2\/comments?post=12826"}],"version-history":[{"count":0,"href":"https:\/\/www.matbah.se\/tr\/wp-json\/wp\/v2\/pages\/12826\/revisions"}],"wp:attachment":[{"href":"https:\/\/www.matbah.se\/tr\/wp-json\/wp\/v2\/media?parent=12826"}],"curies":[{"name":"wp","href":"https:\/\/api.w.org\/{rel}","templated":true}]}}