{"id":16981,"date":"2023-09-30T18:51:07","date_gmt":"2023-09-30T16:51:07","guid":{"rendered":"https:\/\/www.matbah.se\/kabak-cekirdegi-yagi-kavrulmus-2\/"},"modified":"2023-11-14T18:34:11","modified_gmt":"2023-11-14T17:34:11","slug":"kabak-cekirdegi-yagi-kavrulmus-2","status":"publish","type":"product","link":"https:\/\/www.matbah.se\/tr\/kabak-cekirdegi-yagi-kavrulmus-2\/","title":{"rendered":"Kabak \u00e7ekirde\u011fi ya\u011f\u0131 Kavrulmu\u015f"},"content":{"rendered":"<div class=\"wpb-content-wrapper\"><p>[vc_row][vc_column width=&#8221;1\/2&#8243;][vc_column_text woodmart_inline=&#8221;no&#8221; text_larger=&#8221;no&#8221;]Taze ve kaliteli malzemelerle geleneksel y\u00f6ntemlerle haz\u0131rlanmaktad\u0131r.<\/p>\n<h5>\u0130\u00e7indekiler: <\/h5>\n<ul>\n<li>Kabak \u00e7ekirde\u011fi y\u00fczde 93,50<\/li>\n<li>ay\u00e7i\u0307\u00e7ek ya\u011fi 6,50<\/li>\n<\/ul>\n<h5>Alerjen uyar\u0131s\u0131 : <\/h5>\n<p>Alerjen i\u00e7ermez.<\/p>\n<h5>Saklama ko\u015fullar\u0131 : <\/h5>\n<p>Serin ve kuru bir yerde saklay\u0131n. G\u00fcne\u015f \u0131\u015f\u0131\u011f\u0131ndan koruyun.<\/p>\n<table>\n<thead>\n<tr>\n<th>K\u00f6ken<\/th>\n<th>\u00dcretim tarihi<\/th>\n<th>Son kullanma tarihi<\/th>\n<\/tr>\n<\/thead>\n<tbody>\n<tr>\n<td>Hollanda\n<\/td>\n<td>2023-8-19<\/td>\n<td>2024-8-18<\/td>\n<\/tr>\n<\/tbody>\n<\/table>\n<p>[\/vc_column_text][\/vc_column][vc_column width=&#8221;1\/2&#8243;][vc_column_text woodmart_inline=&#8221;no&#8221; text_larger=&#8221;no&#8221;]<\/p>\n<h5>100 gramdaki besin de\u011ferleri : <\/h5>\n<ul>\n<li>Enerji 2461kJ\/595kcal<\/li>\n<li>Ya\u011f 50,6g<\/li>\n<li>Bunun 11,1g&#8217;\u0131 doymu\u015f ya\u011f asitleridir<\/li>\n<li>Karbonhidratlar 2,5g<\/li>\n<li>Bunun 1,2g&#8217;\u0131 \u015feker<\/li>\n<li>Protein 28,4g<\/li>\n<li>Tuz 0.024g<\/li>\n<\/ul>\n<p>[\/vc_column_text][\/vc_column][\/vc_row]<\/p>\n<\/div>","protected":false},"excerpt":{"rendered":"<p>Taze ve kaliteli malzemelerle geleneksel y\u00f6ntemlerle haz\u0131rlanmaktad\u0131r.<\/p>\n","protected":false},"featured_media":15101,"comment_status":"closed","ping_status":"closed","template":"","meta":[],"product_brand":[],"product_cat":[1214],"product_tag":[],"class_list":{"0":"post-16981","1":"product","2":"type-product","3":"status-publish","4":"has-post-thumbnail","6":"product_cat-kuruyemis","8":"first","9":"instock","10":"taxable","11":"shipping-taxable","12":"purchasable","13":"product-type-simple"},"_links":{"self":[{"href":"https:\/\/www.matbah.se\/tr\/wp-json\/wp\/v2\/product\/16981","targetHints":{"allow":["GET"]}}],"collection":[{"href":"https:\/\/www.matbah.se\/tr\/wp-json\/wp\/v2\/product"}],"about":[{"href":"https:\/\/www.matbah.se\/tr\/wp-json\/wp\/v2\/types\/product"}],"replies":[{"embeddable":true,"href":"https:\/\/www.matbah.se\/tr\/wp-json\/wp\/v2\/comments?post=16981"}],"wp:featuredmedia":[{"embeddable":true,"href":"https:\/\/www.matbah.se\/tr\/wp-json\/wp\/v2\/media\/15101"}],"wp:attachment":[{"href":"https:\/\/www.matbah.se\/tr\/wp-json\/wp\/v2\/media?parent=16981"}],"wp:term":[{"taxonomy":"product_brand","embeddable":true,"href":"https:\/\/www.matbah.se\/tr\/wp-json\/wp\/v2\/product_brand?post=16981"},{"taxonomy":"product_cat","embeddable":true,"href":"https:\/\/www.matbah.se\/tr\/wp-json\/wp\/v2\/product_cat?post=16981"},{"taxonomy":"product_tag","embeddable":true,"href":"https:\/\/www.matbah.se\/tr\/wp-json\/wp\/v2\/product_tag?post=16981"}],"curies":[{"name":"wp","href":"https:\/\/api.w.org\/{rel}","templated":true}]}}