{"id":17000,"date":"2023-09-30T18:51:06","date_gmt":"2023-09-30T16:51:06","guid":{"rendered":"https:\/\/www.matbah.se\/multi-meyve-ve-berry-karisimi-2\/"},"modified":"2023-11-14T18:33:56","modified_gmt":"2023-11-14T17:33:56","slug":"multi-meyve-ve-berry-karisimi-2","status":"publish","type":"product","link":"https:\/\/www.matbah.se\/tr\/multi-meyve-ve-berry-karisimi-2\/","title":{"rendered":"Multi Meyve ve Berry Kar\u0131\u015f\u0131m\u0131"},"content":{"rendered":"<div class=\"wpb-content-wrapper\"><p>[vc_row][vc_column width=&#8221;1\/2&#8243;][vc_column_text woodmart_inline=&#8221;no&#8221; text_larger=&#8221;no&#8221;]Taze ve kaliteli malzemelerle geleneksel y\u00f6ntemlerle haz\u0131rlanmaktad\u0131r.<\/p>\n<h5>\u0130\u00e7indekiler: <\/h5>\n<ul>\n<li>\u015eekerler y\u00fczde 20,33<\/li>\n<li>yumu\u015fak hi\u0307ndi\u0307stan cevi\u0307zi\u0307 k\u00fcpleri\u0307 %13<\/li>\n<li>hurma y\u00fczde 12,35<\/li>\n<li>dutlar %12.<\/li>\n<li>kay\u0131s\u0131 %11,3760<\/li>\n<li>ananas %9,7356<\/li>\n<li>k\u0131z\u0131lc\u0131k 7,60<\/li>\n<li>goji meyveleri y\u00fczde 6<\/li>\n<li>elma %5.9964 . Pirin\u00e7 unu y\u00fczde 1,25<\/li>\n<li>Ay\u00e7i\u00e7ek ya\u011f\u0131 %0,19<\/li>\n<li>Malik asit (E330) %0,1425.<\/li>\n<li>Koruyucular (E220) (SULFIT) %0,0240.<\/li>\n<li>koruyucu (E223) (SULFIT) %0,0055.<\/li>\n<\/ul>\n<h5>Alerjen uyar\u0131s\u0131 : <\/h5>\n<p>Alerjen i\u00e7ermez.<\/p>\n<h5>Saklama ko\u015fullar\u0131 : <\/h5>\n<p>So\u011fuk ve kuru bir ortamda saklay\u0131n. A\u00e7\u0131ld\u0131ktan sonra buzdolab\u0131nda muhafaza edilmelidir.<\/p>\n<table>\n<thead>\n<tr>\n<th>K\u00f6ken<\/th>\n<th>\u00dcretim tarihi<\/th>\n<th>Son kullanma tarihi<\/th>\n<\/tr>\n<\/thead>\n<tbody>\n<tr>\n<td>Hollanda<\/td>\n<td>2023-8-19<\/td>\n<td>2024-8-18<\/td>\n<\/tr>\n<\/tbody>\n<\/table>\n<p>[\/vc_column_text][\/vc_column][vc_column width=&#8221;1\/2&#8243;][vc_column_text woodmart_inline=&#8221;no&#8221; text_larger=&#8221;no&#8221;]<\/p>\n<h5>100 gramdaki besin de\u011ferleri : <\/h5>\n<ul>\n<li>Enerji 1450kJ\/343kcal<\/li>\n<li>Ya\u011f 3,2 g<\/li>\n<li>Doymu\u015f ya\u011f asitleri 2,4 g<\/li>\n<li>Karbonhidratlar 69,9g<\/li>\n<li>Bunun 62,3g&#8217;\u0131 \u015feker<\/li>\n<li>Protein 4.0g<\/li>\n<li>Tuz 0.077g<\/li>\n<\/ul>\n<p>[\/vc_column_text][\/vc_column][\/vc_row]<\/p>\n<\/div>","protected":false},"excerpt":{"rendered":"<p>Taze ve kaliteli malzemelerle geleneksel y\u00f6ntemlerle haz\u0131rlanmaktad\u0131r.<\/p>\n","protected":false},"featured_media":15083,"comment_status":"closed","ping_status":"closed","template":"","meta":[],"product_brand":[],"product_cat":[1210],"product_tag":[],"class_list":{"0":"post-17000","1":"product","2":"type-product","3":"status-publish","4":"has-post-thumbnail","6":"product_cat-kuru-meyve","8":"first","9":"instock","10":"taxable","11":"shipping-taxable","12":"purchasable","13":"product-type-simple"},"_links":{"self":[{"href":"https:\/\/www.matbah.se\/tr\/wp-json\/wp\/v2\/product\/17000","targetHints":{"allow":["GET"]}}],"collection":[{"href":"https:\/\/www.matbah.se\/tr\/wp-json\/wp\/v2\/product"}],"about":[{"href":"https:\/\/www.matbah.se\/tr\/wp-json\/wp\/v2\/types\/product"}],"replies":[{"embeddable":true,"href":"https:\/\/www.matbah.se\/tr\/wp-json\/wp\/v2\/comments?post=17000"}],"wp:featuredmedia":[{"embeddable":true,"href":"https:\/\/www.matbah.se\/tr\/wp-json\/wp\/v2\/media\/15083"}],"wp:attachment":[{"href":"https:\/\/www.matbah.se\/tr\/wp-json\/wp\/v2\/media?parent=17000"}],"wp:term":[{"taxonomy":"product_brand","embeddable":true,"href":"https:\/\/www.matbah.se\/tr\/wp-json\/wp\/v2\/product_brand?post=17000"},{"taxonomy":"product_cat","embeddable":true,"href":"https:\/\/www.matbah.se\/tr\/wp-json\/wp\/v2\/product_cat?post=17000"},{"taxonomy":"product_tag","embeddable":true,"href":"https:\/\/www.matbah.se\/tr\/wp-json\/wp\/v2\/product_tag?post=17000"}],"curies":[{"name":"wp","href":"https:\/\/api.w.org\/{rel}","templated":true}]}}