{"id":17001,"date":"2023-09-30T18:51:05","date_gmt":"2023-09-30T16:51:05","guid":{"rendered":"https:\/\/www.matbah.se\/jumbo-kaplamali-yer-fistigi-karisimi-2\/"},"modified":"2023-11-14T18:33:08","modified_gmt":"2023-11-14T17:33:08","slug":"jumbo-kaplamali-yer-fistigi-karisimi-2","status":"publish","type":"product","link":"https:\/\/www.matbah.se\/tr\/jumbo-kaplamali-yer-fistigi-karisimi-2\/","title":{"rendered":"Jumbo Kaplamal\u0131 Yer F\u0131st\u0131\u011f\u0131 Kar\u0131\u015f\u0131m\u0131"},"content":{"rendered":"<div class=\"wpb-content-wrapper\"><p>[vc_row][vc_column width=&#8221;1\/2&#8243;][vc_column_text woodmart_inline=&#8221;no&#8221; text_larger=&#8221;no&#8221;]Taze ve kaliteli malzemelerle geleneksel y\u00f6ntemlerle haz\u0131rlanmaktad\u0131r.<\/p>\n<h5>\u0130\u00e7indekiler: <\/h5>\n<ul>\n<li>Bu\u011fday unu %26,9737<\/li>\n<li>YER FISTI\u011eI %23.8505<\/li>\n<li>M\u0131s\u0131r ni\u015fastas\u0131 %18,1450<\/li>\n<li>\u015eeker %14,2880<\/li>\n<li>M\u0131s\u0131r unu %7,7480<\/li>\n<li>SESAM tohumu %4,3858<\/li>\n<li>Patates ni\u015fastas\u0131 %2,5186.<\/li>\n<li>SOYA sosu, %6195.<\/li>\n<li>Maltodekstrin %0,5544<\/li>\n<li>Alev geciktirici (E503) %0,3398.<\/li>\n<li>M\u0131s\u0131r ni\u015fastas\u0131 \u015furubu %0,1175.<\/li>\n<li>Tuz %0,1155<\/li>\n<li>Alev geciktirici (E5) %0,1132.<\/li>\n<li>Deniz Yosunu %0,0917<\/li>\n<li>Renk (E150a) %0,0484.<\/li>\n<li>Malik asit (E330) %0,0292.<\/li>\n<li>Renk (E160c) %0,0221.<\/li>\n<li>So\u011fan %0,0167<\/li>\n<li>Renk (E163) %0,0140.<\/li>\n<li>Sar\u0131msak %0,0084<\/li>\n<\/ul>\n<h5>Alerjen uyar\u0131s\u0131 : <\/h5>\n<p>yer f\u0131st\u0131\u011f\u0131 i\u00e7erir<\/p>\n<h5>Saklama ko\u015fullar\u0131 : <\/h5>\n<p>Serin ve kuru bir yerde saklay\u0131n. G\u00fcne\u015f \u0131\u015f\u0131\u011f\u0131ndan koruyun.<\/p>\n<table>\n<thead>\n<tr>\n<th>K\u00f6ken<\/th>\n<th>\u00dcretim tarihi<\/th>\n<th>Son kullanma tarihi<\/th>\n<\/tr>\n<\/thead>\n<tbody>\n<tr>\n<td>\u00c7in<\/td>\n<td>2023-8-19<\/td>\n<td>2024-8-18<\/td>\n<\/tr>\n<\/tbody>\n<\/table>\n<p>[\/vc_column_text][\/vc_column][vc_column width=&#8221;1\/2&#8243;][vc_column_text woodmart_inline=&#8221;no&#8221; text_larger=&#8221;no&#8221;]<\/p>\n<h5>100 gramdaki besin de\u011ferleri : <\/h5>\n<ul>\n<li>Enerji 1816kJ\/432kcal<\/li>\n<li>Ya\u011f 15,3 g<\/li>\n<li>Doymu\u015f ya\u011f asitleri 2,3 g<\/li>\n<li>Karbonhidrat 61,2g<\/li>\n<li>Bunun 17,5g&#8217;\u0131 \u015feker<\/li>\n<li>Protein 11.0g<\/li>\n<li>Tuz 0,32 g<\/li>\n<\/ul>\n<p>[\/vc_column_text][\/vc_column][\/vc_row]<\/p>\n<\/div>","protected":false},"excerpt":{"rendered":"<p>Taze ve kaliteli malzemelerle geleneksel y\u00f6ntemlerle haz\u0131rlanmaktad\u0131r.<\/p>\n","protected":false},"featured_media":15041,"comment_status":"closed","ping_status":"closed","template":"","meta":[],"product_brand":[],"product_cat":[1214],"product_tag":[],"class_list":{"0":"post-17001","1":"product","2":"type-product","3":"status-publish","4":"has-post-thumbnail","6":"product_cat-kuruyemis","8":"first","9":"instock","10":"taxable","11":"shipping-taxable","12":"purchasable","13":"product-type-simple"},"_links":{"self":[{"href":"https:\/\/www.matbah.se\/tr\/wp-json\/wp\/v2\/product\/17001","targetHints":{"allow":["GET"]}}],"collection":[{"href":"https:\/\/www.matbah.se\/tr\/wp-json\/wp\/v2\/product"}],"about":[{"href":"https:\/\/www.matbah.se\/tr\/wp-json\/wp\/v2\/types\/product"}],"replies":[{"embeddable":true,"href":"https:\/\/www.matbah.se\/tr\/wp-json\/wp\/v2\/comments?post=17001"}],"wp:featuredmedia":[{"embeddable":true,"href":"https:\/\/www.matbah.se\/tr\/wp-json\/wp\/v2\/media\/15041"}],"wp:attachment":[{"href":"https:\/\/www.matbah.se\/tr\/wp-json\/wp\/v2\/media?parent=17001"}],"wp:term":[{"taxonomy":"product_brand","embeddable":true,"href":"https:\/\/www.matbah.se\/tr\/wp-json\/wp\/v2\/product_brand?post=17001"},{"taxonomy":"product_cat","embeddable":true,"href":"https:\/\/www.matbah.se\/tr\/wp-json\/wp\/v2\/product_cat?post=17001"},{"taxonomy":"product_tag","embeddable":true,"href":"https:\/\/www.matbah.se\/tr\/wp-json\/wp\/v2\/product_tag?post=17001"}],"curies":[{"name":"wp","href":"https:\/\/api.w.org\/{rel}","templated":true}]}}