{"id":17003,"date":"2023-09-30T18:51:06","date_gmt":"2023-09-30T16:51:06","guid":{"rendered":"https:\/\/www.matbah.se\/cam-fistigi-2\/"},"modified":"2023-11-14T18:34:01","modified_gmt":"2023-11-14T17:34:01","slug":"cam-fistigi-2","status":"publish","type":"product","link":"https:\/\/www.matbah.se\/tr\/cam-fistigi-2\/","title":{"rendered":"\u00c7am f\u0131st\u0131\u011f\u0131"},"content":{"rendered":"<div class=\"wpb-content-wrapper\"><p>[vc_row][vc_column width=&#8221;1\/2&#8243;][vc_column_text woodmart_inline=&#8221;no&#8221; text_larger=&#8221;no&#8221;]Taze ve kaliteli malzemelerle geleneksel y\u00f6ntemlerle haz\u0131rlanmaktad\u0131r.<\/p>\n<h5>\u0130\u00e7indekiler: <\/h5>\n<ul>\n<li>\u00c7am f\u0131st\u0131\u011f\u0131 %100<\/li>\n<\/ul>\n<h5>Alerjen uyar\u0131s\u0131 : <\/h5>\n<p>\u00e7am f\u0131st\u0131\u011f\u0131 i\u00e7erir<\/p>\n<h5>Saklama ko\u015fullar\u0131 : <\/h5>\n<p>Serin ve kuru bir yerde saklay\u0131n. G\u00fcne\u015f \u0131\u015f\u0131\u011f\u0131ndan koruyun.<\/p>\n<table>\n<thead>\n<tr>\n<th>K\u00f6ken<\/th>\n<th>\u00dcretim tarihi<\/th>\n<th>Son kullanma tarihi<\/th>\n<\/tr>\n<\/thead>\n<tbody>\n<tr>\n<td>\u00c7in<\/td>\n<td>2023-8-19<\/td>\n<td>2024-8-18<\/td>\n<\/tr>\n<\/tbody>\n<\/table>\n<p>[\/vc_column_text][\/vc_column][vc_column width=&#8221;1\/2&#8243;][vc_column_text woodmart_inline=&#8221;no&#8221; text_larger=&#8221;no&#8221;]<\/p>\n<h5>100 gramdaki besin de\u011ferleri : <\/h5>\n<ul>\n<li>Enerji 2532kJ\/611kcal<\/li>\n<li>Ya\u011f 50,7g<\/li>\n<li>Doymu\u015f ya\u011f asitleri 5,3 g<\/li>\n<li>Karbonhidrat 14,2g<\/li>\n<li>Bunun 3,8g&#8217;\u0131 \u015feker<\/li>\n<li>Protein 24.0g<\/li>\n<li>Tuz 0.01g<\/li>\n<\/ul>\n<p>[\/vc_column_text][\/vc_column][\/vc_row]<\/p>\n<\/div>","protected":false},"excerpt":{"rendered":"<p>Taze ve kaliteli malzemelerle geleneksel y\u00f6ntemlerle haz\u0131rlanmaktad\u0131r.<\/p>\n","protected":false},"featured_media":15089,"comment_status":"closed","ping_status":"closed","template":"","meta":[],"product_brand":[],"product_cat":[1214],"product_tag":[],"class_list":{"0":"post-17003","1":"product","2":"type-product","3":"status-publish","4":"has-post-thumbnail","6":"product_cat-kuruyemis","8":"first","9":"instock","10":"taxable","11":"shipping-taxable","12":"purchasable","13":"product-type-simple"},"_links":{"self":[{"href":"https:\/\/www.matbah.se\/tr\/wp-json\/wp\/v2\/product\/17003","targetHints":{"allow":["GET"]}}],"collection":[{"href":"https:\/\/www.matbah.se\/tr\/wp-json\/wp\/v2\/product"}],"about":[{"href":"https:\/\/www.matbah.se\/tr\/wp-json\/wp\/v2\/types\/product"}],"replies":[{"embeddable":true,"href":"https:\/\/www.matbah.se\/tr\/wp-json\/wp\/v2\/comments?post=17003"}],"wp:featuredmedia":[{"embeddable":true,"href":"https:\/\/www.matbah.se\/tr\/wp-json\/wp\/v2\/media\/15089"}],"wp:attachment":[{"href":"https:\/\/www.matbah.se\/tr\/wp-json\/wp\/v2\/media?parent=17003"}],"wp:term":[{"taxonomy":"product_brand","embeddable":true,"href":"https:\/\/www.matbah.se\/tr\/wp-json\/wp\/v2\/product_brand?post=17003"},{"taxonomy":"product_cat","embeddable":true,"href":"https:\/\/www.matbah.se\/tr\/wp-json\/wp\/v2\/product_cat?post=17003"},{"taxonomy":"product_tag","embeddable":true,"href":"https:\/\/www.matbah.se\/tr\/wp-json\/wp\/v2\/product_tag?post=17003"}],"curies":[{"name":"wp","href":"https:\/\/api.w.org\/{rel}","templated":true}]}}