{"id":17032,"date":"2023-09-30T18:50:59","date_gmt":"2023-09-30T16:50:59","guid":{"rendered":"https:\/\/www.matbah.se\/?post_type=product&#038;p=17032"},"modified":"2023-12-12T08:15:51","modified_gmt":"2023-12-12T07:15:51","slug":"mandlar-med-honung","status":"publish","type":"product","link":"https:\/\/www.matbah.se\/tr\/mandlar-med-honung\/","title":{"rendered":"Ball\u0131 Badem"},"content":{"rendered":"<div class=\"wpb-content-wrapper\"><p>[vc_row][vc_column width=&#8221;1\/2&#8243;][vc_column_text woodmart_inline=&#8221;no&#8221; text_larger=&#8221;no&#8221;]Den tillagas med traditionella metoder, med f\u00e4rska och h\u00f6gkvalitativa ingredienser.<\/p>\n<h5>Ingredienser :<\/h5>\n<ul>\n<li>MANDEL 59%<\/li>\n<li>socker 34%<\/li>\n<li>solrosolja 3%<\/li>\n<li>f\u00f6rtjockningsmedel (E414) 1%<\/li>\n<li>glukossirap 1%<\/li>\n<li>honung 0,17%<\/li>\n<li>f\u00e4rg (E150c) 0,01%<\/li>\n<\/ul>\n<h5>Allergenvarning :<\/h5>\n<p>inneh\u00e5ller mandel.<\/p>\n<h5>F\u00f6rvaringsf\u00f6rh\u00e5llanden :<\/h5>\n<p>F\u00f6rvara p\u00e5 en sval, torr plats. Skydda mot solljus.<\/p>\n<table>\n<thead>\n<tr>\n<th>Ursprung<\/th>\n<th>Tillverkningsdatum<\/th>\n<th>Utg\u00e5ngsdatum<\/th>\n<\/tr>\n<\/thead>\n<tbody>\n<tr>\n<td>Netherlands<\/td>\n<td>2023-8-19<\/td>\n<td>2024-8-18<\/td>\n<\/tr>\n<\/tbody>\n<\/table>\n<p>[\/vc_column_text][\/vc_column][vc_column width=&#8221;1\/2&#8243;][vc_column_text woodmart_inline=&#8221;no&#8221; text_larger=&#8221;no&#8221;]<\/p>\n<h5>N\u00e4ringsv\u00e4rden per 100 gram :<\/h5>\n<ul>\n<li>Energi 2261kJ\/543kcal<\/li>\n<li>Fett 35,9g<\/li>\n<li>Varav m\u00e4ttade fettsyror 2,5g<\/li>\n<li>Kolhydrater 40,1g<\/li>\n<li>Varav sockerarter 37,1g<\/li>\n<li>Protein 12,8g<\/li>\n<li>Salt 0,008g<\/li>\n<\/ul>\n<p>[\/vc_column_text][\/vc_column][\/vc_row]<\/p>\n<\/div>","protected":false},"excerpt":{"rendered":"<p>Taze ve kaliteli malzemelerle geleneksel y\u00f6ntemlerle haz\u0131rlanmaktad\u0131r.<\/p>\n","protected":false},"featured_media":19386,"comment_status":"closed","ping_status":"closed","template":"","meta":[],"product_brand":[],"product_cat":[1214],"product_tag":[],"class_list":{"0":"post-17032","1":"product","2":"type-product","3":"status-publish","4":"has-post-thumbnail","6":"product_cat-kuruyemis","8":"first","9":"instock","10":"taxable","11":"shipping-taxable","12":"purchasable","13":"product-type-simple"},"_links":{"self":[{"href":"https:\/\/www.matbah.se\/tr\/wp-json\/wp\/v2\/product\/17032","targetHints":{"allow":["GET"]}}],"collection":[{"href":"https:\/\/www.matbah.se\/tr\/wp-json\/wp\/v2\/product"}],"about":[{"href":"https:\/\/www.matbah.se\/tr\/wp-json\/wp\/v2\/types\/product"}],"replies":[{"embeddable":true,"href":"https:\/\/www.matbah.se\/tr\/wp-json\/wp\/v2\/comments?post=17032"}],"wp:featuredmedia":[{"embeddable":true,"href":"https:\/\/www.matbah.se\/tr\/wp-json\/wp\/v2\/media\/19386"}],"wp:attachment":[{"href":"https:\/\/www.matbah.se\/tr\/wp-json\/wp\/v2\/media?parent=17032"}],"wp:term":[{"taxonomy":"product_brand","embeddable":true,"href":"https:\/\/www.matbah.se\/tr\/wp-json\/wp\/v2\/product_brand?post=17032"},{"taxonomy":"product_cat","embeddable":true,"href":"https:\/\/www.matbah.se\/tr\/wp-json\/wp\/v2\/product_cat?post=17032"},{"taxonomy":"product_tag","embeddable":true,"href":"https:\/\/www.matbah.se\/tr\/wp-json\/wp\/v2\/product_tag?post=17032"}],"curies":[{"name":"wp","href":"https:\/\/api.w.org\/{rel}","templated":true}]}}