{"id":17054,"date":"2023-09-30T18:51:00","date_gmt":"2023-09-30T16:51:00","guid":{"rendered":"https:\/\/www.matbah.se\/acili-pirinc-sisesi-2\/"},"modified":"2023-11-14T18:32:48","modified_gmt":"2023-11-14T17:32:48","slug":"acili-pirinc-sisesi-2","status":"publish","type":"product","link":"https:\/\/www.matbah.se\/tr\/acili-pirinc-sisesi-2\/","title":{"rendered":"Ac\u0131l\u0131 Pirin\u00e7 \u015ei\u015fesi"},"content":{"rendered":"<div class=\"wpb-content-wrapper\"><p>[vc_row][vc_column width=&#8221;1\/2&#8243;][vc_column_text woodmart_inline=&#8221;no&#8221; text_larger=&#8221;no&#8221;]Geleneksel y\u00f6ntemlerle haz\u0131rlanm\u0131\u015ft\u0131r, katk\u0131 maddesi i\u00e7ermez.<\/p>\n<h5>\u0130\u00e7indekiler: <\/h5>\n<ul>\n<li>Pirin\u00e7 unu y\u00fczde 46,20<\/li>\n<li>Ay\u00e7i\u00e7ek ya\u011f\u0131 y\u00fczde 32,70<\/li>\n<li>\u015eeker y\u00fczde 9,80<\/li>\n<li>Tapyoka ni\u015fastas\u0131 5,80<\/li>\n<li>Maltodekstrin y\u00fczde 2,80<\/li>\n<li>2 tuz<\/li>\n<li>Renk (E160c) 0,20<\/li>\n<li>Renk (E150c) 0,20<\/li>\n<li>SOYA sos (SOYA fasulyesi, BU\u011eDAY, su, tuz) %0,10.<\/li>\n<li>K\u0131rm\u0131z\u0131 biber \u00f6z\u00fct\u00fc &lt;%0,1<\/li>\n<li>Biber &lt;%0,1<\/li>\n<\/ul>\n<h5>Saklama ko\u015fullar\u0131 : <\/h5>\n<p>So\u011fuk ve kuru bir ortamda saklay\u0131n. A\u00e7\u0131ld\u0131ktan sonra buzdolab\u0131nda muhafaza edilmelidir.<\/p>\n<table>\n<thead>\n<tr>\n<th>K\u00f6ken<\/th>\n<th>\u00dcretim tarihi<\/th>\n<th>Son kullanma tarihi<\/th>\n<\/tr>\n<\/thead>\n<tbody>\n<tr>\n<td>Tayland<\/td>\n<td>2023-8-19<\/td>\n<td>2024-8-18<\/td>\n<\/tr>\n<\/tbody>\n<\/table>\n<p>[\/vc_column_text][\/vc_column][vc_column width=&#8221;1\/2&#8243;][vc_column_text woodmart_inline=&#8221;no&#8221; text_larger=&#8221;no&#8221;]<\/p>\n<h5>100 gramdaki besin de\u011ferleri : <\/h5>\n<ul>\n<li>Enerji 2264kJ\/543kcal<\/li>\n<li>Ya\u011f 33,1g<\/li>\n<li>Doymu\u015f ya\u011f asitleri 3,9 g<\/li>\n<li>Karbonhidrat 56,9g<\/li>\n<li>Bunun 10,5g&#8217;\u0131 \u015feker<\/li>\n<li>Protein 3.7g<\/li>\n<li>Tuz 2,004g<\/li>\n<\/ul>\n<p>[\/vc_column_text][\/vc_column][\/vc_row]<\/p>\n<\/div>","protected":false},"excerpt":{"rendered":"<p>Geleneksel y\u00f6ntemlerle haz\u0131rlanm\u0131\u015ft\u0131r, katk\u0131 maddesi i\u00e7ermez.<\/p>\n","protected":false},"featured_media":15331,"comment_status":"closed","ping_status":"closed","template":"","meta":[],"product_brand":[],"product_cat":[1148],"product_tag":[],"class_list":{"0":"post-17054","1":"product","2":"type-product","3":"status-publish","4":"has-post-thumbnail","6":"product_cat-atistirmalik","8":"first","9":"instock","10":"taxable","11":"shipping-taxable","12":"purchasable","13":"product-type-simple"},"_links":{"self":[{"href":"https:\/\/www.matbah.se\/tr\/wp-json\/wp\/v2\/product\/17054","targetHints":{"allow":["GET"]}}],"collection":[{"href":"https:\/\/www.matbah.se\/tr\/wp-json\/wp\/v2\/product"}],"about":[{"href":"https:\/\/www.matbah.se\/tr\/wp-json\/wp\/v2\/types\/product"}],"replies":[{"embeddable":true,"href":"https:\/\/www.matbah.se\/tr\/wp-json\/wp\/v2\/comments?post=17054"}],"wp:featuredmedia":[{"embeddable":true,"href":"https:\/\/www.matbah.se\/tr\/wp-json\/wp\/v2\/media\/15331"}],"wp:attachment":[{"href":"https:\/\/www.matbah.se\/tr\/wp-json\/wp\/v2\/media?parent=17054"}],"wp:term":[{"taxonomy":"product_brand","embeddable":true,"href":"https:\/\/www.matbah.se\/tr\/wp-json\/wp\/v2\/product_brand?post=17054"},{"taxonomy":"product_cat","embeddable":true,"href":"https:\/\/www.matbah.se\/tr\/wp-json\/wp\/v2\/product_cat?post=17054"},{"taxonomy":"product_tag","embeddable":true,"href":"https:\/\/www.matbah.se\/tr\/wp-json\/wp\/v2\/product_tag?post=17054"}],"curies":[{"name":"wp","href":"https:\/\/api.w.org\/{rel}","templated":true}]}}