{"id":17061,"date":"2023-09-30T18:50:59","date_gmt":"2023-09-30T16:50:59","guid":{"rendered":"https:\/\/www.matbah.se\/yumusak-meyve-2\/"},"modified":"2023-11-14T18:32:26","modified_gmt":"2023-11-14T17:32:26","slug":"yumusak-meyve-2","status":"publish","type":"product","link":"https:\/\/www.matbah.se\/tr\/yumusak-meyve-2\/","title":{"rendered":"Yumu\u015fak Meyve"},"content":{"rendered":"<div class=\"wpb-content-wrapper\"><p>[vc_row][vc_column width=&#8221;1\/2&#8243;][vc_column_text woodmart_inline=&#8221;no&#8221; text_larger=&#8221;no&#8221;]Taze ve kaliteli malzemelerle geleneksel y\u00f6ntemlerle haz\u0131rlanmaktad\u0131r.<\/p>\n<h5>\u0130\u00e7indekiler: <\/h5>\n<ul>\n<li>Glikoz \u015furubu y\u00fczde 44<\/li>\n<li>36 \u015feker<\/li>\n<li>Su y\u00fczde 14,80<\/li>\n<li>Jelle\u015ftirici madde (E440) 2,50<\/li>\n<li>0,80 Yulaf lifi<\/li>\n<li>Asitlik d\u00fczenleyici (E330) y\u00fczde 0,70<\/li>\n<li>Renk (E163) &lt;%1<\/li>\n<li>Renk (E141) &lt;%1<\/li>\n<li>Renk (E120) &lt;%1<\/li>\n<li>Renk (E1) &lt;%1<\/li>\n<li>Do\u011fal portakal aromas\u0131 &lt;%1<\/li>\n<li>Do\u011fal aroma &lt;%1<\/li>\n<li>Ananas konsantresi y\u00fczde 0,10<\/li>\n<\/ul>\n<h5>Alerjen uyar\u0131s\u0131 : <\/h5>\n<p>Alerjen i\u00e7ermez.<\/p>\n<h5>Saklama ko\u015fullar\u0131 : <\/h5>\n<p>So\u011fuk ve kuru bir ortamda saklay\u0131n. A\u00e7\u0131ld\u0131ktan sonra buzdolab\u0131nda muhafaza edilmelidir.<\/p>\n<table>\n<thead>\n<tr>\n<th>K\u00f6ken<\/th>\n<th>\u00dcretim tarihi<\/th>\n<th>Son kullanma tarihi<\/th>\n<\/tr>\n<\/thead>\n<tbody>\n<tr>\n<td>Slovakya<\/td>\n<td>2023-8-19<\/td>\n<td>2024-8-18<\/td>\n<\/tr>\n<\/tbody>\n<\/table>\n<p>[\/vc_column_text][\/vc_column][vc_column width=&#8221;1\/2&#8243;][vc_column_text woodmart_inline=&#8221;no&#8221; text_larger=&#8221;no&#8221;]<\/p>\n<h5>100 gramdaki besin de\u011ferleri : <\/h5>\n<ul>\n<li>Enerji 1298kJ\/305kcal<\/li>\n<li>Ya\u011f 0.0g<\/li>\n<li>Doymu\u015f ya\u011f asitleri 0,0 g<\/li>\n<li>Karbonhidratlar 74,9g<\/li>\n<li>Bunun 69,5g&#8217;\u0131 \u015feker<\/li>\n<li>Protein 1.1g<\/li>\n<li>Tuz 0,14 g<\/li>\n<\/ul>\n<p>[\/vc_column_text][\/vc_column][\/vc_row]<\/p>\n<\/div>","protected":false},"excerpt":{"rendered":"<p>Taze ve kaliteli malzemelerle geleneksel y\u00f6ntemlerle haz\u0131rlanmaktad\u0131r.<\/p>\n","protected":false},"featured_media":15307,"comment_status":"closed","ping_status":"closed","template":"","meta":[],"product_brand":[],"product_cat":[1162],"product_tag":[],"class_list":{"0":"post-17061","1":"product","2":"type-product","3":"status-publish","4":"has-post-thumbnail","6":"product_cat-torkad-frukt","8":"first","9":"instock","10":"taxable","11":"shipping-taxable","12":"purchasable","13":"product-type-simple"},"_links":{"self":[{"href":"https:\/\/www.matbah.se\/tr\/wp-json\/wp\/v2\/product\/17061","targetHints":{"allow":["GET"]}}],"collection":[{"href":"https:\/\/www.matbah.se\/tr\/wp-json\/wp\/v2\/product"}],"about":[{"href":"https:\/\/www.matbah.se\/tr\/wp-json\/wp\/v2\/types\/product"}],"replies":[{"embeddable":true,"href":"https:\/\/www.matbah.se\/tr\/wp-json\/wp\/v2\/comments?post=17061"}],"wp:featuredmedia":[{"embeddable":true,"href":"https:\/\/www.matbah.se\/tr\/wp-json\/wp\/v2\/media\/15307"}],"wp:attachment":[{"href":"https:\/\/www.matbah.se\/tr\/wp-json\/wp\/v2\/media?parent=17061"}],"wp:term":[{"taxonomy":"product_brand","embeddable":true,"href":"https:\/\/www.matbah.se\/tr\/wp-json\/wp\/v2\/product_brand?post=17061"},{"taxonomy":"product_cat","embeddable":true,"href":"https:\/\/www.matbah.se\/tr\/wp-json\/wp\/v2\/product_cat?post=17061"},{"taxonomy":"product_tag","embeddable":true,"href":"https:\/\/www.matbah.se\/tr\/wp-json\/wp\/v2\/product_tag?post=17061"}],"curies":[{"name":"wp","href":"https:\/\/api.w.org\/{rel}","templated":true}]}}