{"id":17069,"date":"2023-09-30T18:50:58","date_gmt":"2023-09-30T16:50:58","guid":{"rendered":"https:\/\/www.matbah.se\/kurutulmus-orman-meyveleri-karisimi-2\/"},"modified":"2023-11-14T18:32:06","modified_gmt":"2023-11-14T17:32:06","slug":"kurutulmus-orman-meyveleri-karisimi-2","status":"publish","type":"product","link":"https:\/\/www.matbah.se\/tr\/kurutulmus-orman-meyveleri-karisimi-2\/","title":{"rendered":"Kurutulmu\u015f Orman Meyveleri Kar\u0131\u015f\u0131m\u0131"},"content":{"rendered":"<div class=\"wpb-content-wrapper\"><p>[vc_row][vc_column width=&#8221;1\/2&#8243;][vc_column_text woodmart_inline=&#8221;no&#8221; text_larger=&#8221;no&#8221;]Taze ve kaliteli malzemelerle geleneksel y\u00f6ntemlerle haz\u0131rlanmaktad\u0131r.<\/p>\n<h5>\u0130\u00e7indekiler: <\/h5>\n<ul>\n<li>\u015eeker %47,1176<\/li>\n<li>Kiraz %12,4583<\/li>\n<li>\u00c7ilek %11,5330<\/li>\n<li>K\u0131z\u0131lc\u0131k %11.1682<\/li>\n<li>Mango %10,8167<\/li>\n<li>Yaban Mersini %5,5841<\/li>\n<li>Ay\u00e7i\u00e7ek ya\u011f\u0131 %0,5427<\/li>\n<li>Malik asit (E330) %0,4545.<\/li>\n<li>Do\u011fal aroma %0,2148<\/li>\n<li>Renk (E160a) %0,0606.<\/li>\n<li>Lezzet %0,0057<\/li>\n<li>Renk (E129) %0,0045.<\/li>\n<li>koruyucu (E223) (SULFIT) %0,0038.<\/li>\n<\/ul>\n<h5>Alerjen uyar\u0131s\u0131 : <\/h5>\n<p>Alerjen i\u00e7ermez.<\/p>\n<h5>Uyar\u0131lar : <\/h5>\n<p>E122,E124,E129,E155 \u00e7ocuklar\u0131n aktivitesi ve dikkati \u00fczerinde olumsuz etkilere sahip olabilir.<\/p>\n<h5>Saklama ko\u015fullar\u0131 : <\/h5>\n<p>So\u011fuk ve kuru bir ortamda saklay\u0131n. A\u00e7\u0131ld\u0131ktan sonra buzdolab\u0131nda muhafaza edilmelidir.<\/p>\n<table>\n<thead>\n<tr>\n<th>K\u00f6ken<\/th>\n<th>\u00dcretim tarihi<\/th>\n<th>Son kullanma tarihi<\/th>\n<\/tr>\n<\/thead>\n<tbody>\n<tr>\n<td>Hollanda<\/td>\n<td>2023-8-19<\/td>\n<td>2024-8-18<\/td>\n<\/tr>\n<\/tbody>\n<\/table>\n<p>[\/vc_column_text][\/vc_column][vc_column width=&#8221;1\/2&#8243;][vc_column_text woodmart_inline=&#8221;no&#8221; text_larger=&#8221;no&#8221;]<\/p>\n<h5>100 gramdaki besin de\u011ferleri : <\/h5>\n<ul>\n<li>Enerji 1478kJ\/349kcal<\/li>\n<li>Ya\u011f 0,8 g<\/li>\n<li>Doymu\u015f ya\u011f asitleri 0,1 g<\/li>\n<li>Karbonhidrat 79.0g<\/li>\n<li>Bunun 77,7g&#8217;\u0131 \u015feker<\/li>\n<li>Protein 2.7g<\/li>\n<li>Tuz 0.019g<\/li>\n<\/ul>\n<p>[\/vc_column_text][\/vc_column][\/vc_row]<\/p>\n<\/div>","protected":false},"excerpt":{"rendered":"<p>Taze ve kaliteli malzemelerle geleneksel y\u00f6ntemlerle haz\u0131rlanmaktad\u0131r.<\/p>\n","protected":false},"featured_media":15286,"comment_status":"closed","ping_status":"closed","template":"","meta":[],"product_brand":[],"product_cat":[1210],"product_tag":[],"class_list":{"0":"post-17069","1":"product","2":"type-product","3":"status-publish","4":"has-post-thumbnail","6":"product_cat-kuru-meyve","8":"first","9":"instock","10":"taxable","11":"shipping-taxable","12":"purchasable","13":"product-type-simple"},"_links":{"self":[{"href":"https:\/\/www.matbah.se\/tr\/wp-json\/wp\/v2\/product\/17069","targetHints":{"allow":["GET"]}}],"collection":[{"href":"https:\/\/www.matbah.se\/tr\/wp-json\/wp\/v2\/product"}],"about":[{"href":"https:\/\/www.matbah.se\/tr\/wp-json\/wp\/v2\/types\/product"}],"replies":[{"embeddable":true,"href":"https:\/\/www.matbah.se\/tr\/wp-json\/wp\/v2\/comments?post=17069"}],"wp:featuredmedia":[{"embeddable":true,"href":"https:\/\/www.matbah.se\/tr\/wp-json\/wp\/v2\/media\/15286"}],"wp:attachment":[{"href":"https:\/\/www.matbah.se\/tr\/wp-json\/wp\/v2\/media?parent=17069"}],"wp:term":[{"taxonomy":"product_brand","embeddable":true,"href":"https:\/\/www.matbah.se\/tr\/wp-json\/wp\/v2\/product_brand?post=17069"},{"taxonomy":"product_cat","embeddable":true,"href":"https:\/\/www.matbah.se\/tr\/wp-json\/wp\/v2\/product_cat?post=17069"},{"taxonomy":"product_tag","embeddable":true,"href":"https:\/\/www.matbah.se\/tr\/wp-json\/wp\/v2\/product_tag?post=17069"}],"curies":[{"name":"wp","href":"https:\/\/api.w.org\/{rel}","templated":true}]}}