{"id":17070,"date":"2023-09-30T18:50:58","date_gmt":"2023-09-30T16:50:58","guid":{"rendered":"https:\/\/www.matbah.se\/tango-nuts-barbeku-biber-2\/"},"modified":"2023-11-14T18:32:11","modified_gmt":"2023-11-14T17:32:11","slug":"tango-nuts-barbeku-biber-2","status":"publish","type":"product","link":"https:\/\/www.matbah.se\/tr\/tango-nuts-barbeku-biber-2\/","title":{"rendered":"Tango Nuts Barbek\u00fc Biber"},"content":{"rendered":"<div class=\"wpb-content-wrapper\"><p>[vc_row][vc_column width=&#8221;1\/2&#8243;][vc_column_text woodmart_inline=&#8221;no&#8221; text_larger=&#8221;no&#8221;]Taze ve kaliteli malzemelerle geleneksel y\u00f6ntemlerle haz\u0131rlanmaktad\u0131r.<\/p>\n<h5>\u0130\u00e7indekiler: <\/h5>\n<ul>\n<li>YER FISTI\u011eI %32,2320<\/li>\n<li>Palm Ya\u011f\u0131 (RSPO SG) %20,9760<\/li>\n<li>Patates ni\u015fastas\u0131 %12,3011<\/li>\n<li>BU\u011eDAY unu %10,5302<\/li>\n<li>M\u0131s\u0131r ni\u015fastas\u0131 %10,2610<\/li>\n<li>\u015eeker oran\u0131 y\u00fczde 9,8409<\/li>\n<li>Tuz %2.3459.<\/li>\n<li>SOYA sos tozu %0,4909<\/li>\n<li>Renk (E160c) %0,2911.<\/li>\n<li>So\u011fan %0,2828<\/li>\n<li>Renk (E1) %0,1958<\/li>\n<li>Biber baharat\u0131 %0.1178.<\/li>\n<li>k\u0131rm\u0131z\u0131 biber %0,0589<\/li>\n<li>Malik asit (E330 ) %0,0265.<\/li>\n<li>Maltodekstrin %0,0245<\/li>\n<li>Barbek\u00fc baharat\u0131 %0,0196<\/li>\n<li>Sar\u0131msak %0,0049<\/li>\n<li>CELERY %0,0001<\/li>\n<\/ul>\n<h5>Alerjen uyar\u0131s\u0131 : <\/h5>\n<p>yer f\u0131st\u0131\u011f\u0131 i\u00e7erir<\/p>\n<h5>Saklama ko\u015fullar\u0131 : <\/h5>\n<p>Serin ve kuru bir yerde saklay\u0131n. G\u00fcne\u015f \u0131\u015f\u0131\u011f\u0131ndan koruyun.<\/p>\n<table>\n<thead>\n<tr>\n<th>K\u00f6ken<\/th>\n<th>\u00dcretim tarihi<\/th>\n<th>Son kullanma tarihi<\/th>\n<\/tr>\n<\/thead>\n<tbody>\n<tr>\n<td>\u00c7in<\/td>\n<td>2023-8-19<\/td>\n<td>2024-8-18<\/td>\n<\/tr>\n<\/tbody>\n<\/table>\n<p>[\/vc_column_text][\/vc_column][vc_column width=&#8221;1\/2&#8243;][vc_column_text woodmart_inline=&#8221;no&#8221; text_larger=&#8221;no&#8221;]<\/p>\n<h5>100 gramdaki besin de\u011ferleri : <\/h5>\n<ul>\n<li>Enerji 2279kJ\/548kcal<\/li>\n<li>Ya\u011f 37,8g<\/li>\n<li>Bunun 12,8g&#8217;\u0131 doymu\u015f ya\u011f asitleridir<\/li>\n<li>Karbonhidratlar 41,2g<\/li>\n<li>Bunun 13,1g&#8217;\u0131 \u015feker<\/li>\n<li>Protein 9.3g<\/li>\n<li>Tuz 2.41g<\/li>\n<\/ul>\n<p>[\/vc_column_text][\/vc_column][\/vc_row]<\/p>\n<\/div>","protected":false},"excerpt":{"rendered":"<p>Taze ve kaliteli malzemelerle geleneksel y\u00f6ntemlerle haz\u0131rlanmaktad\u0131r.<\/p>\n","protected":false},"featured_media":15292,"comment_status":"closed","ping_status":"closed","template":"","meta":[],"product_brand":[],"product_cat":[1214],"product_tag":[],"class_list":{"0":"post-17070","1":"product","2":"type-product","3":"status-publish","4":"has-post-thumbnail","6":"product_cat-kuruyemis","8":"first","9":"instock","10":"taxable","11":"shipping-taxable","12":"purchasable","13":"product-type-simple"},"_links":{"self":[{"href":"https:\/\/www.matbah.se\/tr\/wp-json\/wp\/v2\/product\/17070","targetHints":{"allow":["GET"]}}],"collection":[{"href":"https:\/\/www.matbah.se\/tr\/wp-json\/wp\/v2\/product"}],"about":[{"href":"https:\/\/www.matbah.se\/tr\/wp-json\/wp\/v2\/types\/product"}],"replies":[{"embeddable":true,"href":"https:\/\/www.matbah.se\/tr\/wp-json\/wp\/v2\/comments?post=17070"}],"wp:featuredmedia":[{"embeddable":true,"href":"https:\/\/www.matbah.se\/tr\/wp-json\/wp\/v2\/media\/15292"}],"wp:attachment":[{"href":"https:\/\/www.matbah.se\/tr\/wp-json\/wp\/v2\/media?parent=17070"}],"wp:term":[{"taxonomy":"product_brand","embeddable":true,"href":"https:\/\/www.matbah.se\/tr\/wp-json\/wp\/v2\/product_brand?post=17070"},{"taxonomy":"product_cat","embeddable":true,"href":"https:\/\/www.matbah.se\/tr\/wp-json\/wp\/v2\/product_cat?post=17070"},{"taxonomy":"product_tag","embeddable":true,"href":"https:\/\/www.matbah.se\/tr\/wp-json\/wp\/v2\/product_tag?post=17070"}],"curies":[{"name":"wp","href":"https:\/\/api.w.org\/{rel}","templated":true}]}}