{"id":17080,"date":"2023-09-30T18:50:58","date_gmt":"2023-09-30T16:50:58","guid":{"rendered":"https:\/\/www.matbah.se\/karayip-tarzini-karistirin-2\/"},"modified":"2023-11-14T18:32:08","modified_gmt":"2023-11-14T17:32:08","slug":"karayip-tarzini-karistirin-2","status":"publish","type":"product","link":"https:\/\/www.matbah.se\/tr\/karayip-tarzini-karistirin-2\/","title":{"rendered":"Karayip Tarz\u0131n\u0131 Kar\u0131\u015ft\u0131r\u0131n"},"content":{"rendered":"<div class=\"wpb-content-wrapper\"><p>[vc_row][vc_column width=&#8221;1\/2&#8243;][vc_column_text woodmart_inline=&#8221;no&#8221; text_larger=&#8221;no&#8221;]Taze ve kaliteli malzemelerle geleneksel y\u00f6ntemlerle haz\u0131rlanmaktad\u0131r.<\/p>\n<h5>\u0130\u00e7indekiler: <\/h5>\n<ul>\n<li>YER FISTI\u011eI %36,4308<\/li>\n<li>Palm ya\u011f\u0131 (RSPO SG) %22,6194<\/li>\n<li>Patates ni\u015fastas\u0131 %20,6955<\/li>\n<li>M\u0131s\u0131r ni\u015fastas\u0131 %8,8695.<\/li>\n<li>\u015eekerler y\u00fczde 7,1336<\/li>\n<li>Tuz %1.5042.<\/li>\n<li>So\u011fan %1,2396<\/li>\n<li>Sar\u0131msak %0,5312<\/li>\n<li>Renk (E150a) %0,4223.<\/li>\n<li>Maltodekstrin %0,3541.<\/li>\n<li>Renk (E1) %0,0916<\/li>\n<li>Renk (E160c) %0,0728.<\/li>\n<li>Aroma artt\u0131r\u0131c\u0131lar (E635) %0,0354<\/li>\n<\/ul>\n<h5>Alerjen uyar\u0131s\u0131 : <\/h5>\n<p>yer f\u0131st\u0131\u011f\u0131 i\u00e7erir<\/p>\n<h5>Saklama ko\u015fullar\u0131 : <\/h5>\n<p>Serin ve kuru bir yerde saklay\u0131n. G\u00fcne\u015f \u0131\u015f\u0131\u011f\u0131ndan koruyun.<\/p>\n<table>\n<thead>\n<tr>\n<th>K\u00f6ken<\/th>\n<th>\u00dcretim tarihi<\/th>\n<th>Son kullanma tarihi<\/th>\n<\/tr>\n<\/thead>\n<tbody>\n<tr>\n<td>\u00c7in<\/td>\n<td>2023-8-19<\/td>\n<td>2024-8-18<\/td>\n<\/tr>\n<\/tbody>\n<\/table>\n<p>[\/vc_column_text][\/vc_column][vc_column width=&#8221;1\/2&#8243;][vc_column_text woodmart_inline=&#8221;no&#8221; text_larger=&#8221;no&#8221;]<\/p>\n<h5>100 gramdaki besin de\u011ferleri : <\/h5>\n<ul>\n<li>Enerji 2363kJ\/568kcal<\/li>\n<li>Ya\u011f 41,5g<\/li>\n<li>Bunun 13,9g&#8217;\u0131 doymu\u015f ya\u011f asitleridir<\/li>\n<li>Karbonhidrat 38.0g<\/li>\n<li>Bunun 11,4g&#8217;\u0131 \u015feker<\/li>\n<li>Protein 9.4g<\/li>\n<li>Tuz 1,505g<\/li>\n<\/ul>\n<p>[\/vc_column_text][\/vc_column][\/vc_row]<\/p>\n<\/div>","protected":false},"excerpt":{"rendered":"<p>Taze ve kaliteli malzemelerle geleneksel y\u00f6ntemlerle haz\u0131rlanmaktad\u0131r.<\/p>\n","protected":false},"featured_media":15289,"comment_status":"closed","ping_status":"closed","template":"","meta":[],"product_brand":[],"product_cat":[1214],"product_tag":[],"class_list":{"0":"post-17080","1":"product","2":"type-product","3":"status-publish","4":"has-post-thumbnail","6":"product_cat-kuruyemis","8":"first","9":"outofstock","10":"taxable","11":"shipping-taxable","12":"purchasable","13":"product-type-simple"},"_links":{"self":[{"href":"https:\/\/www.matbah.se\/tr\/wp-json\/wp\/v2\/product\/17080","targetHints":{"allow":["GET"]}}],"collection":[{"href":"https:\/\/www.matbah.se\/tr\/wp-json\/wp\/v2\/product"}],"about":[{"href":"https:\/\/www.matbah.se\/tr\/wp-json\/wp\/v2\/types\/product"}],"replies":[{"embeddable":true,"href":"https:\/\/www.matbah.se\/tr\/wp-json\/wp\/v2\/comments?post=17080"}],"wp:featuredmedia":[{"embeddable":true,"href":"https:\/\/www.matbah.se\/tr\/wp-json\/wp\/v2\/media\/15289"}],"wp:attachment":[{"href":"https:\/\/www.matbah.se\/tr\/wp-json\/wp\/v2\/media?parent=17080"}],"wp:term":[{"taxonomy":"product_brand","embeddable":true,"href":"https:\/\/www.matbah.se\/tr\/wp-json\/wp\/v2\/product_brand?post=17080"},{"taxonomy":"product_cat","embeddable":true,"href":"https:\/\/www.matbah.se\/tr\/wp-json\/wp\/v2\/product_cat?post=17080"},{"taxonomy":"product_tag","embeddable":true,"href":"https:\/\/www.matbah.se\/tr\/wp-json\/wp\/v2\/product_tag?post=17080"}],"curies":[{"name":"wp","href":"https:\/\/api.w.org\/{rel}","templated":true}]}}