{"id":17086,"date":"2023-09-30T18:50:52","date_gmt":"2023-09-30T16:50:52","guid":{"rendered":"https:\/\/www.matbah.se\/?post_type=product&#038;p=17086"},"modified":"2026-02-04T10:18:23","modified_gmt":"2026-02-04T09:18:23","slug":"torkad-paron-medium","status":"publish","type":"product","link":"https:\/\/www.matbah.se\/tr\/torkad-paron-medium\/","title":{"rendered":"Torkad P\u00e4ron Medium"},"content":{"rendered":"<div class=\"wpb-content-wrapper\"><p>[vc_row][vc_column width=&#8221;1\/2&#8243;][vc_column_text woodmart_inline=&#8221;no&#8221; text_larger=&#8221;no&#8221;]Den tillagas med traditionella metoder, med f\u00e4rska och h\u00f6gkvalitativa ingredienser.<\/p>\n<h5>Ingredienser :<\/h5>\n<ul>\n<li>P\u00e4ron 57%<\/li>\n<li>Glukos-fruktossirap 21,50%<\/li>\n<li>Socker 21,50%<\/li>\n<li>Matsyra (E330) &lt;1%<\/li>\n<li>F\u00e4rg (E131) &lt;1%<\/li>\n<li>F\u00e4rg (E1) &lt;1%,<\/li>\n<\/ul>\n<h5>Allergenvarning :<\/h5>\n<p>Inneh\u00e5ller inga allergener.<\/p>\n<h5>F\u00f6rvaringsf\u00f6rh\u00e5llanden :<\/h5>\n<p>F\u00f6rvaras i en kall och torr milj\u00f6. Efter \u00f6ppning ska den f\u00f6rvaras i kylen.<\/p>\n<table>\n<thead>\n<tr>\n<th>Ursprung<\/th>\n<th>Tillverkningsdatum<\/th>\n<th>Utg\u00e5ngsdatum<\/th>\n<\/tr>\n<\/thead>\n<tbody>\n<tr>\n<td><\/td>\n<td>2023-8-19<\/td>\n<td>2024-8-18<\/td>\n<\/tr>\n<\/tbody>\n<\/table>\n<p>[\/vc_column_text][\/vc_column][vc_column width=&#8221;1\/2&#8243;][vc_column_text woodmart_inline=&#8221;no&#8221; text_larger=&#8221;no&#8221;][\/vc_column_text][\/vc_column][\/vc_row]<\/p>\n<\/div>","protected":false},"excerpt":{"rendered":"<p>Den tillagas med traditionella metoder, med f\u00e4rska och h\u00f6gkvalitativa ingredienser.<\/p>\n","protected":false},"featured_media":19077,"comment_status":"closed","ping_status":"closed","template":"","meta":[],"product_brand":[],"product_cat":[1210],"product_tag":[],"class_list":{"0":"post-17086","1":"product","2":"type-product","3":"status-publish","4":"has-post-thumbnail","6":"product_cat-kuru-meyve","8":"first","9":"instock","10":"taxable","11":"shipping-taxable","12":"purchasable","13":"product-type-simple"},"_links":{"self":[{"href":"https:\/\/www.matbah.se\/tr\/wp-json\/wp\/v2\/product\/17086","targetHints":{"allow":["GET"]}}],"collection":[{"href":"https:\/\/www.matbah.se\/tr\/wp-json\/wp\/v2\/product"}],"about":[{"href":"https:\/\/www.matbah.se\/tr\/wp-json\/wp\/v2\/types\/product"}],"replies":[{"embeddable":true,"href":"https:\/\/www.matbah.se\/tr\/wp-json\/wp\/v2\/comments?post=17086"}],"wp:featuredmedia":[{"embeddable":true,"href":"https:\/\/www.matbah.se\/tr\/wp-json\/wp\/v2\/media\/19077"}],"wp:attachment":[{"href":"https:\/\/www.matbah.se\/tr\/wp-json\/wp\/v2\/media?parent=17086"}],"wp:term":[{"taxonomy":"product_brand","embeddable":true,"href":"https:\/\/www.matbah.se\/tr\/wp-json\/wp\/v2\/product_brand?post=17086"},{"taxonomy":"product_cat","embeddable":true,"href":"https:\/\/www.matbah.se\/tr\/wp-json\/wp\/v2\/product_cat?post=17086"},{"taxonomy":"product_tag","embeddable":true,"href":"https:\/\/www.matbah.se\/tr\/wp-json\/wp\/v2\/product_tag?post=17086"}],"curies":[{"name":"wp","href":"https:\/\/api.w.org\/{rel}","templated":true}]}}