{"id":17089,"date":"2023-09-30T18:50:53","date_gmt":"2023-09-30T16:50:53","guid":{"rendered":"https:\/\/www.matbah.se\/mango-tayland-dogranmis-portakal-rengi-2\/"},"modified":"2023-11-14T18:31:22","modified_gmt":"2023-11-14T17:31:22","slug":"mango-tayland-dogranmis-portakal-rengi-2","status":"publish","type":"product","link":"https:\/\/www.matbah.se\/tr\/mango-tayland-dogranmis-portakal-rengi-2\/","title":{"rendered":"Mango Tayland Do\u011franm\u0131\u015f Portakal Rengi"},"content":{"rendered":"<div class=\"wpb-content-wrapper\"><p>[vc_row][vc_column width=&#8221;1\/2&#8243;][vc_column_text woodmart_inline=&#8221;no&#8221; text_larger=&#8221;no&#8221;]Taze ve kaliteli malzemelerle geleneksel y\u00f6ntemlerle haz\u0131rlanmaktad\u0131r.<\/p>\n<h5>\u0130\u00e7indekiler: <\/h5>\n<ul>\n<li>Mango %71,39.<\/li>\n<li>27 \u015feker<\/li>\n<li>malik asit (E330) y\u00fczde 1,20<\/li>\n<li>renk (E160a) %0,40<\/li>\n<li>koruyucular (E223) (SULFIT) %0,01<\/li>\n<\/ul>\n<h5>Alerjen uyar\u0131s\u0131 : <\/h5>\n<p>Alerjen i\u00e7ermez.<\/p>\n<h5>Saklama ko\u015fullar\u0131 : <\/h5>\n<p>So\u011fuk ve kuru bir ortamda saklay\u0131n. A\u00e7\u0131ld\u0131ktan sonra buzdolab\u0131nda muhafaza edilmelidir.<\/p>\n<table>\n<thead>\n<tr>\n<th>K\u00f6ken<\/th>\n<th>\u00dcretim tarihi<\/th>\n<th>Son kullanma tarihi<\/th>\n<\/tr>\n<\/thead>\n<tbody>\n<tr>\n<td>Tayland<\/td>\n<td>2023-8-19<\/td>\n<td>2024-8-18<\/td>\n<\/tr>\n<\/tbody>\n<\/table>\n<p>[\/vc_column_text][\/vc_column][vc_column width=&#8221;1\/2&#8243;][vc_column_text woodmart_inline=&#8221;no&#8221; text_larger=&#8221;no&#8221;]<\/p>\n<h5>100 gramdaki besin de\u011ferleri : <\/h5>\n<ul>\n<li>Enerji 1475kJ\/348kcal<\/li>\n<li>Ya\u011f 0,7 g<\/li>\n<li>Doymu\u015f ya\u011f asitleri 0,0 g<\/li>\n<li>Karbonhidrat 80,3g<\/li>\n<li>Bunun 77,3g&#8217;\u0131 \u015feker<\/li>\n<li>Protein 2.2g<\/li>\n<li>Tuz 0.012g<\/li>\n<\/ul>\n<p>[\/vc_column_text][\/vc_column][\/vc_row]<\/p>\n<\/div>","protected":false},"excerpt":{"rendered":"<p>Taze ve kaliteli malzemelerle geleneksel y\u00f6ntemlerle haz\u0131rlanmaktad\u0131r.<\/p>\n","protected":false},"featured_media":15247,"comment_status":"closed","ping_status":"closed","template":"","meta":[],"product_brand":[],"product_cat":[1210],"product_tag":[],"class_list":{"0":"post-17089","1":"product","2":"type-product","3":"status-publish","4":"has-post-thumbnail","6":"product_cat-kuru-meyve","8":"first","9":"instock","10":"taxable","11":"shipping-taxable","12":"purchasable","13":"product-type-simple"},"_links":{"self":[{"href":"https:\/\/www.matbah.se\/tr\/wp-json\/wp\/v2\/product\/17089","targetHints":{"allow":["GET"]}}],"collection":[{"href":"https:\/\/www.matbah.se\/tr\/wp-json\/wp\/v2\/product"}],"about":[{"href":"https:\/\/www.matbah.se\/tr\/wp-json\/wp\/v2\/types\/product"}],"replies":[{"embeddable":true,"href":"https:\/\/www.matbah.se\/tr\/wp-json\/wp\/v2\/comments?post=17089"}],"wp:featuredmedia":[{"embeddable":true,"href":"https:\/\/www.matbah.se\/tr\/wp-json\/wp\/v2\/media\/15247"}],"wp:attachment":[{"href":"https:\/\/www.matbah.se\/tr\/wp-json\/wp\/v2\/media?parent=17089"}],"wp:term":[{"taxonomy":"product_brand","embeddable":true,"href":"https:\/\/www.matbah.se\/tr\/wp-json\/wp\/v2\/product_brand?post=17089"},{"taxonomy":"product_cat","embeddable":true,"href":"https:\/\/www.matbah.se\/tr\/wp-json\/wp\/v2\/product_cat?post=17089"},{"taxonomy":"product_tag","embeddable":true,"href":"https:\/\/www.matbah.se\/tr\/wp-json\/wp\/v2\/product_tag?post=17089"}],"curies":[{"name":"wp","href":"https:\/\/api.w.org\/{rel}","templated":true}]}}