{"id":17130,"date":"2023-09-30T18:50:50","date_gmt":"2023-09-30T16:50:50","guid":{"rendered":"https:\/\/www.matbah.se\/barmix-2\/"},"modified":"2023-11-14T18:29:59","modified_gmt":"2023-11-14T17:29:59","slug":"barmix-2","status":"publish","type":"product","link":"https:\/\/www.matbah.se\/tr\/barmix-2\/","title":{"rendered":"Barmix"},"content":{"rendered":"<div class=\"wpb-content-wrapper\"><p>[vc_row][vc_column width=&#8221;1\/2&#8243;][vc_column_text woodmart_inline=&#8221;no&#8221; text_larger=&#8221;no&#8221;]Taze ve kaliteli malzemelerle geleneksel y\u00f6ntemlerle haz\u0131rlanmaktad\u0131r.<\/p>\n<h5>\u0130\u00e7indekiler: <\/h5>\n<ul>\n<li>YER FISTI\u011eI %75,3025<\/li>\n<li>Pirin\u00e7 unu %8,5980<\/li>\n<li>Bu\u011fday unu 5,60<\/li>\n<li>M\u0131s\u0131r ni\u015fastas\u0131 %3,04<\/li>\n<li>\u015eekerler y\u00fczde 2,9290<\/li>\n<li>Tuz %1,3917.<\/li>\n<li>SOY sosu (su, SOY, BU\u011eDAY, tuz, fruktoz) %0,9960.<\/li>\n<li>Arachis ya\u011f\u0131 (YER FISTI\u011eI) %0,6858<\/li>\n<li>Malt \u015furubu (m\u0131s\u0131r) 0,64<\/li>\n<li>Ay\u00e7i\u00e7ek ya\u011f\u0131 %0,34<\/li>\n<li>Ac\u0131 biber baharat\u0131 (biber tozu, maltodekstrin. \u015eeker. Tuz. Sar\u0131msak. Siyah. Biber. So\u011fan. renkli (E160c). malik asit (E330). biber aromas\u0131). 0.30%<\/li>\n<li>renk (E160c) %0,0610.<\/li>\n<li>fermente edici madde (E503) %0,04.<\/li>\n<li>Modifiye tapyoka ni\u015fastas\u0131 %0,0320.<\/li>\n<li>Renk (E150a) %0,0210.<\/li>\n<li>Glikoz %0,0070<\/li>\n<li>Deniz yosunu y\u00fczde 0,60<\/li>\n<li>Maltodekstrin %0,0060.<\/li>\n<li>Renk (E141) %0,0030.<\/li>\n<li>Meyve tozu %0,0010<\/li>\n<\/ul>\n<h5>Alerjen uyar\u0131s\u0131 : <\/h5>\n<p>yer f\u0131st\u0131\u011f\u0131 i\u00e7erir<\/p>\n<h5>Saklama ko\u015fullar\u0131 : <\/h5>\n<p>So\u011fuk ve kuru bir ortamda saklay\u0131n. A\u00e7\u0131ld\u0131ktan sonra buzdolab\u0131nda muhafaza edilmelidir.<\/p>\n<table>\n<thead>\n<tr>\n<th>K\u00f6ken<\/th>\n<th>\u00dcretim tarihi<\/th>\n<th>Son kullanma tarihi<\/th>\n<\/tr>\n<\/thead>\n<tbody>\n<tr>\n<td>Hollanda<\/td>\n<td>2023-8-19<\/td>\n<td>2024-8-18<\/td>\n<\/tr>\n<\/tbody>\n<\/table>\n<p>[\/vc_column_text][\/vc_column][vc_column width=&#8221;1\/2&#8243;][vc_column_text woodmart_inline=&#8221;no&#8221; text_larger=&#8221;no&#8221;]<\/p>\n<h5>100 gramdaki besin de\u011ferleri : <\/h5>\n<ul>\n<li>Enerji 2347kJ\/565kcal<\/li>\n<li>Ya\u011f 40,1g<\/li>\n<li>Doymu\u015f ya\u011f asitleri 5,8 g<\/li>\n<li>Karbonhidrat 27,5g<\/li>\n<li>Bunun 7,6g&#8217;\u0131 \u015feker<\/li>\n<li>Protein 20,6g<\/li>\n<li>Tuz 1,555g<\/li>\n<\/ul>\n<p>[\/vc_column_text][\/vc_column][\/vc_row]<\/p>\n<\/div>","protected":false},"excerpt":{"rendered":"<p>Taze ve kaliteli malzemelerle geleneksel y\u00f6ntemlerle haz\u0131rlanmaktad\u0131r.<\/p>\n","protected":false},"featured_media":15175,"comment_status":"closed","ping_status":"closed","template":"","meta":[],"product_brand":[],"product_cat":[1210],"product_tag":[],"class_list":{"0":"post-17130","1":"product","2":"type-product","3":"status-publish","4":"has-post-thumbnail","6":"product_cat-kuru-meyve","8":"first","9":"outofstock","10":"taxable","11":"shipping-taxable","12":"purchasable","13":"product-type-simple"},"_links":{"self":[{"href":"https:\/\/www.matbah.se\/tr\/wp-json\/wp\/v2\/product\/17130","targetHints":{"allow":["GET"]}}],"collection":[{"href":"https:\/\/www.matbah.se\/tr\/wp-json\/wp\/v2\/product"}],"about":[{"href":"https:\/\/www.matbah.se\/tr\/wp-json\/wp\/v2\/types\/product"}],"replies":[{"embeddable":true,"href":"https:\/\/www.matbah.se\/tr\/wp-json\/wp\/v2\/comments?post=17130"}],"wp:featuredmedia":[{"embeddable":true,"href":"https:\/\/www.matbah.se\/tr\/wp-json\/wp\/v2\/media\/15175"}],"wp:attachment":[{"href":"https:\/\/www.matbah.se\/tr\/wp-json\/wp\/v2\/media?parent=17130"}],"wp:term":[{"taxonomy":"product_brand","embeddable":true,"href":"https:\/\/www.matbah.se\/tr\/wp-json\/wp\/v2\/product_brand?post=17130"},{"taxonomy":"product_cat","embeddable":true,"href":"https:\/\/www.matbah.se\/tr\/wp-json\/wp\/v2\/product_cat?post=17130"},{"taxonomy":"product_tag","embeddable":true,"href":"https:\/\/www.matbah.se\/tr\/wp-json\/wp\/v2\/product_tag?post=17130"}],"curies":[{"name":"wp","href":"https:\/\/api.w.org\/{rel}","templated":true}]}}