{"id":17141,"date":"2023-09-30T18:50:50","date_gmt":"2023-09-30T16:50:50","guid":{"rendered":"https:\/\/www.matbah.se\/pepita-karisimi-bak-2\/"},"modified":"2023-11-14T18:29:53","modified_gmt":"2023-11-14T17:29:53","slug":"pepita-karisimi-bak-2","status":"publish","type":"product","link":"https:\/\/www.matbah.se\/tr\/pepita-karisimi-bak-2\/","title":{"rendered":"Pepita Kar\u0131\u015f\u0131m\u0131 (Bak)"},"content":{"rendered":"<div class=\"wpb-content-wrapper\"><p>[vc_row][vc_column width=&#8221;1\/2&#8243;][vc_column_text woodmart_inline=&#8221;no&#8221; text_larger=&#8221;no&#8221;]Taze ve kaliteli malzemelerle geleneksel y\u00f6ntemlerle haz\u0131rlanmaktad\u0131r.<\/p>\n<h5>\u0130\u00e7indekiler: <\/h5>\n<ul>\n<li>YER FISTI\u011eI %50,5051<\/li>\n<li>Kabak \u00e7ekirde\u011fi %17<\/li>\n<li>KAJU FISTI\u011eI %14,1414<\/li>\n<li>BADEM %10,1010<\/li>\n<li>PIKAN CEVIZI %5,0505<\/li>\n<li>Ay\u00e7i\u00e7ek ya\u011f\u0131 %1,1818<\/li>\n<li>Arachis ya\u011f\u0131 (TOPRAK FISTI\u011eI) %10101<\/li>\n<li>Tuz 1,0101%.%<\/li>\n<\/ul>\n<h5>Alerjen uyar\u0131s\u0131 : <\/h5>\n<p>badem, ceviz, yer f\u0131st\u0131\u011f\u0131, kaju f\u0131st\u0131\u011f\u0131 i\u00e7erir.  <\/p>\n<h5>Saklama ko\u015fullar\u0131 : <\/h5>\n<p>Serin ve kuru bir yerde saklay\u0131n. G\u00fcne\u015f \u0131\u015f\u0131\u011f\u0131ndan koruyun.<\/p>\n<table>\n<thead>\n<tr>\n<th>K\u00f6ken<\/th>\n<th>\u00dcretim tarihi<\/th>\n<th>Son kullanma tarihi<\/th>\n<\/tr>\n<\/thead>\n<tbody>\n<tr>\n<td>Hollanda<\/td>\n<td>2023-8-19<\/td>\n<td>2024-8-18<\/td>\n<\/tr>\n<\/tbody>\n<\/table>\n<p>[\/vc_column_text][\/vc_column][vc_column width=&#8221;1\/2&#8243;][vc_column_text woodmart_inline=&#8221;no&#8221; text_larger=&#8221;no&#8221;]<\/p>\n<h5>100 gramdaki besin de\u011ferleri : <\/h5>\n<ul>\n<li>Enerji 2576kJ\/622kcal<\/li>\n<li>Ya\u011f 52,4g<\/li>\n<li>Bunun 7,9g&#8217;\u0131 doymu\u015f ya\u011f asitleridir<\/li>\n<li>Karbonhidrat 10.9g<\/li>\n<li>Bunun 4,0g&#8217;\u0131 \u015fekerdir<\/li>\n<li>Protein 23,5g<\/li>\n<li>Tuz 1.01g<\/li>\n<\/ul>\n<p>[\/vc_column_text][\/vc_column][\/vc_row]<\/p>\n<\/div>","protected":false},"excerpt":{"rendered":"<p>Taze ve kaliteli malzemelerle geleneksel y\u00f6ntemlerle haz\u0131rlanmaktad\u0131r.<\/p>\n","protected":false},"featured_media":15169,"comment_status":"closed","ping_status":"closed","template":"","meta":[],"product_brand":[],"product_cat":[1214],"product_tag":[],"class_list":{"0":"post-17141","1":"product","2":"type-product","3":"status-publish","4":"has-post-thumbnail","6":"product_cat-kuruyemis","8":"first","9":"instock","10":"taxable","11":"shipping-taxable","12":"purchasable","13":"product-type-simple"},"_links":{"self":[{"href":"https:\/\/www.matbah.se\/tr\/wp-json\/wp\/v2\/product\/17141","targetHints":{"allow":["GET"]}}],"collection":[{"href":"https:\/\/www.matbah.se\/tr\/wp-json\/wp\/v2\/product"}],"about":[{"href":"https:\/\/www.matbah.se\/tr\/wp-json\/wp\/v2\/types\/product"}],"replies":[{"embeddable":true,"href":"https:\/\/www.matbah.se\/tr\/wp-json\/wp\/v2\/comments?post=17141"}],"wp:featuredmedia":[{"embeddable":true,"href":"https:\/\/www.matbah.se\/tr\/wp-json\/wp\/v2\/media\/15169"}],"wp:attachment":[{"href":"https:\/\/www.matbah.se\/tr\/wp-json\/wp\/v2\/media?parent=17141"}],"wp:term":[{"taxonomy":"product_brand","embeddable":true,"href":"https:\/\/www.matbah.se\/tr\/wp-json\/wp\/v2\/product_brand?post=17141"},{"taxonomy":"product_cat","embeddable":true,"href":"https:\/\/www.matbah.se\/tr\/wp-json\/wp\/v2\/product_cat?post=17141"},{"taxonomy":"product_tag","embeddable":true,"href":"https:\/\/www.matbah.se\/tr\/wp-json\/wp\/v2\/product_tag?post=17141"}],"curies":[{"name":"wp","href":"https:\/\/api.w.org\/{rel}","templated":true}]}}