{"id":17191,"date":"2023-09-30T18:50:42","date_gmt":"2023-09-30T16:50:42","guid":{"rendered":"https:\/\/www.matbah.se\/?post_type=product&#038;p=17191"},"modified":"2023-12-12T10:12:41","modified_gmt":"2023-12-12T09:12:41","slug":"sithon-yunan-cicek-bali-450g","status":"publish","type":"product","link":"https:\/\/www.matbah.se\/tr\/sithon-yunan-cicek-bali-450g\/","title":{"rendered":"Sithon Yunan \u00c7i\u00e7ek Bal\u0131 450G"},"content":{"rendered":"","protected":false},"excerpt":{"rendered":"","protected":false},"featured_media":18776,"comment_status":"closed","ping_status":"closed","template":"","meta":[],"product_brand":[],"product_cat":[1225],"product_tag":[],"class_list":{"0":"post-17191","1":"product","2":"type-product","3":"status-publish","4":"has-post-thumbnail","6":"product_cat-bal","8":"first","9":"instock","10":"taxable","11":"shipping-taxable","12":"purchasable","13":"product-type-simple"},"_links":{"self":[{"href":"https:\/\/www.matbah.se\/tr\/wp-json\/wp\/v2\/product\/17191","targetHints":{"allow":["GET"]}}],"collection":[{"href":"https:\/\/www.matbah.se\/tr\/wp-json\/wp\/v2\/product"}],"about":[{"href":"https:\/\/www.matbah.se\/tr\/wp-json\/wp\/v2\/types\/product"}],"replies":[{"embeddable":true,"href":"https:\/\/www.matbah.se\/tr\/wp-json\/wp\/v2\/comments?post=17191"}],"wp:featuredmedia":[{"embeddable":true,"href":"https:\/\/www.matbah.se\/tr\/wp-json\/wp\/v2\/media\/18776"}],"wp:attachment":[{"href":"https:\/\/www.matbah.se\/tr\/wp-json\/wp\/v2\/media?parent=17191"}],"wp:term":[{"taxonomy":"product_brand","embeddable":true,"href":"https:\/\/www.matbah.se\/tr\/wp-json\/wp\/v2\/product_brand?post=17191"},{"taxonomy":"product_cat","embeddable":true,"href":"https:\/\/www.matbah.se\/tr\/wp-json\/wp\/v2\/product_cat?post=17191"},{"taxonomy":"product_tag","embeddable":true,"href":"https:\/\/www.matbah.se\/tr\/wp-json\/wp\/v2\/product_tag?post=17191"}],"curies":[{"name":"wp","href":"https:\/\/api.w.org\/{rel}","templated":true}]}}