{"id":17219,"date":"2023-09-30T18:50:37","date_gmt":"2023-09-30T16:50:37","guid":{"rendered":"https:\/\/www.matbah.se\/mavi-yagda-sardalya-2\/"},"modified":"2023-11-14T18:28:24","modified_gmt":"2023-11-14T17:28:24","slug":"mavi-yagda-sardalya-2","status":"publish","type":"product","link":"https:\/\/www.matbah.se\/tr\/mavi-yagda-sardalya-2\/","title":{"rendered":"Mavi Ya\u011fda Sardalya"},"content":{"rendered":"<div class=\"wpb-content-wrapper\"><p>[vc_row][vc_column width=&#8221;1\/2&#8243;][vc_column_text woodmart_inline=&#8221;no&#8221; text_larger=&#8221;no&#8221;]<\/p>\n<h5>\u0130\u00e7indekiler: <\/h5>\n<ul>\n<li>SARDALYALAR (Sardina pilchardus) (%72)<\/li>\n<li>ay\u00e7i\u00e7ek ya\u011f\u0131 (%27)<\/li>\n<li>Tuz,<\/li>\n<\/ul>\n<h5>Alerjen uyar\u0131s\u0131 : <\/h5>\n<p>Sardalya (bal\u0131k) i\u00e7erir.<\/p>\n<h5>Saklama ko\u015fullar\u0131 : <\/h5>\n<p>Kuru ve serin. Saklama i\u00e7in, kapa\u011f\u0131 s\u0131k\u0131ca kapat\u0131lm\u0131\u015f uygun bir kaba koyun ve buzdolab\u0131nda en fazla 2 g\u00fcn saklay\u0131n.[\/vc_column_text][\/vc_column][vc_column width=&#8221;1\/2&#8243;][vc_column_text woodmart_inline=&#8221;no&#8221; text_larger=&#8221;no&#8221;]<\/p>\n<h5>100 gramdaki besin de\u011ferleri : <\/h5>\n<ul>\n<li>Enerji 758kJ\/181kcal<\/li>\n<li>Ya\u011f 9.0g<\/li>\n<li>bunun doymu\u015f ya\u011f oran\u0131 2,1 g<\/li>\n<li>Karbonhidrat 0.0g<\/li>\n<li>bunun i\u00e7inde \u015fekerler 0,0g<\/li>\n<li>Protein 25.0g<\/li>\n<li>Tuz 0,9 g<\/li>\n<\/ul>\n<p>[\/vc_column_text][\/vc_column][\/vc_row]<\/p>\n<\/div>","protected":false},"excerpt":{"rendered":"<p>[vc_row][vc_column width=&#8221;1\/2&#8243;][vc_column_text woodmart_inline=&#8221;no&#8221; text_larger=&#8221;no&#8221;] \u0130\u00e7indekiler: SARDALYALAR (Sardina pilchardus) (%72) ay\u00e7i\u00e7ek ya\u011f\u0131 (%27) Tuz, Alerjen uyar\u0131s\u0131 : Sardalya (bal\u0131k) i\u00e7erir. Saklama<\/p>\n","protected":false},"featured_media":15915,"comment_status":"closed","ping_status":"closed","template":"","meta":[],"product_brand":[],"product_cat":[1208],"product_tag":[],"class_list":{"0":"post-17219","1":"product","2":"type-product","3":"status-publish","4":"has-post-thumbnail","6":"product_cat-yemeklik","8":"first","9":"outofstock","10":"taxable","11":"shipping-taxable","12":"purchasable","13":"product-type-simple"},"_links":{"self":[{"href":"https:\/\/www.matbah.se\/tr\/wp-json\/wp\/v2\/product\/17219","targetHints":{"allow":["GET"]}}],"collection":[{"href":"https:\/\/www.matbah.se\/tr\/wp-json\/wp\/v2\/product"}],"about":[{"href":"https:\/\/www.matbah.se\/tr\/wp-json\/wp\/v2\/types\/product"}],"replies":[{"embeddable":true,"href":"https:\/\/www.matbah.se\/tr\/wp-json\/wp\/v2\/comments?post=17219"}],"wp:featuredmedia":[{"embeddable":true,"href":"https:\/\/www.matbah.se\/tr\/wp-json\/wp\/v2\/media\/15915"}],"wp:attachment":[{"href":"https:\/\/www.matbah.se\/tr\/wp-json\/wp\/v2\/media?parent=17219"}],"wp:term":[{"taxonomy":"product_brand","embeddable":true,"href":"https:\/\/www.matbah.se\/tr\/wp-json\/wp\/v2\/product_brand?post=17219"},{"taxonomy":"product_cat","embeddable":true,"href":"https:\/\/www.matbah.se\/tr\/wp-json\/wp\/v2\/product_cat?post=17219"},{"taxonomy":"product_tag","embeddable":true,"href":"https:\/\/www.matbah.se\/tr\/wp-json\/wp\/v2\/product_tag?post=17219"}],"curies":[{"name":"wp","href":"https:\/\/api.w.org\/{rel}","templated":true}]}}