{"id":17239,"date":"2023-09-30T18:50:37","date_gmt":"2023-09-30T16:50:37","guid":{"rendered":"https:\/\/www.matbah.se\/sevan-portakal-cicegi-suyu-245ml-2\/"},"modified":"2023-11-14T18:28:10","modified_gmt":"2023-11-14T17:28:10","slug":"sevan-portakal-cicegi-suyu-245ml-2","status":"publish","type":"product","link":"https:\/\/www.matbah.se\/tr\/sevan-portakal-cicegi-suyu-245ml-2\/","title":{"rendered":"Sevan Portakal \u00c7i\u00e7e\u011fi Suyu 245ML"},"content":{"rendered":"<div class=\"wpb-content-wrapper\"><p>[vc_row][vc_column width=&#8221;1\/2&#8243;][vc_column_text woodmart_inline=&#8221;no&#8221; text_larger=&#8221;no&#8221;]Portakal \u00e7i\u00e7e\u011fi suyu L\u00fcbnan ve Kuzey Afrika yemeklerinde genellikle helva ile birlikte kullan\u0131l\u0131r. Birka\u00e7 damla portakal \u00e7i\u00e7e\u011fi suyu ile unlu mamulleri ve tatl\u0131lar\u0131 tatland\u0131r\u0131n ya da meyve salatalar\u0131 i\u00e7in \u015furup veya salatalar i\u00e7in sos olarak kullan\u0131n.<\/p>\n<h5>\u0130\u00e7indekiler: <\/h5>\n<ul>\n<li>Su<\/li>\n<li>portakal \u00e7i\u00e7e\u011fi aromal\u0131,<\/li>\n<\/ul>\n<h5>Saklama ko\u015fullar\u0131 : <\/h5>\n<p>A\u00e7\u0131lmam\u0131\u015f \u015fi\u015feyi serin ve kuru bir yerde saklay\u0131n. A\u00e7\u0131lan \u015fi\u015fe buzdolab\u0131nda maksimum +8\u00b0C&#8217;de saklan\u0131r ve 3 ay dayan\u0131r.[\/vc_column_text][\/vc_column][vc_column width=&#8221;1\/2&#8243;][vc_column_text woodmart_inline=&#8221;no&#8221; text_larger=&#8221;no&#8221;]<\/p>\n<h5>100 gramdaki besin de\u011ferleri : <\/h5>\n<ul>\n<li>Enerji 14kJ\/3kcal<\/li>\n<li>Ya\u011f 0,3 g<\/li>\n<li>bunun doymu\u015f ya\u011f oran\u0131 0.0g<\/li>\n<li>Karbonhidrat 0.1g<\/li>\n<li>bunun i\u00e7inde \u015fekerler 0,0g<\/li>\n<li>Protein 0.0g<\/li>\n<li>Tuz 0.0g<\/li>\n<\/ul>\n<p>[\/vc_column_text][\/vc_column][\/vc_row]<\/p>\n<\/div>","protected":false},"excerpt":{"rendered":"<p>[vc_row][vc_column width=&#8221;1\/2&#8243;][vc_column_text woodmart_inline=&#8221;no&#8221; text_larger=&#8221;no&#8221;]Portakal \u00e7i\u00e7e\u011fi suyu L\u00fcbnan ve Kuzey Afrika yemeklerinde genellikle helva ile birlikte kullan\u0131l\u0131r. Birka\u00e7 damla portakal \u00e7i\u00e7e\u011fi<\/p>\n","protected":false},"featured_media":15900,"comment_status":"closed","ping_status":"closed","template":"","meta":[],"product_brand":[],"product_cat":[1220],"product_tag":[],"class_list":{"0":"post-17239","1":"product","2":"type-product","3":"status-publish","4":"has-post-thumbnail","6":"product_cat-cesni","8":"first","9":"instock","10":"taxable","11":"shipping-taxable","12":"purchasable","13":"product-type-simple"},"_links":{"self":[{"href":"https:\/\/www.matbah.se\/tr\/wp-json\/wp\/v2\/product\/17239","targetHints":{"allow":["GET"]}}],"collection":[{"href":"https:\/\/www.matbah.se\/tr\/wp-json\/wp\/v2\/product"}],"about":[{"href":"https:\/\/www.matbah.se\/tr\/wp-json\/wp\/v2\/types\/product"}],"replies":[{"embeddable":true,"href":"https:\/\/www.matbah.se\/tr\/wp-json\/wp\/v2\/comments?post=17239"}],"wp:featuredmedia":[{"embeddable":true,"href":"https:\/\/www.matbah.se\/tr\/wp-json\/wp\/v2\/media\/15900"}],"wp:attachment":[{"href":"https:\/\/www.matbah.se\/tr\/wp-json\/wp\/v2\/media?parent=17239"}],"wp:term":[{"taxonomy":"product_brand","embeddable":true,"href":"https:\/\/www.matbah.se\/tr\/wp-json\/wp\/v2\/product_brand?post=17239"},{"taxonomy":"product_cat","embeddable":true,"href":"https:\/\/www.matbah.se\/tr\/wp-json\/wp\/v2\/product_cat?post=17239"},{"taxonomy":"product_tag","embeddable":true,"href":"https:\/\/www.matbah.se\/tr\/wp-json\/wp\/v2\/product_tag?post=17239"}],"curies":[{"name":"wp","href":"https:\/\/api.w.org\/{rel}","templated":true}]}}