{"id":17259,"date":"2023-09-30T18:50:35","date_gmt":"2023-09-30T17:50:35","guid":{"rendered":"https:\/\/www.matbah.se\/?post_type=product&#038;p=17259"},"modified":"2023-12-15T10:33:58","modified_gmt":"2023-12-15T09:33:58","slug":"pembe-metalik-badem-ejderha","status":"publish","type":"product","link":"https:\/\/www.matbah.se\/tr\/pembe-metalik-badem-ejderha\/","title":{"rendered":"Pembe Metalik Badem Ejderha"},"content":{"rendered":"<div class=\"wpb-content-wrapper\"><p>[vc_row][vc_column width=&#8221;1\/2&#8243;][vc_column_text woodmart_inline=&#8221;no&#8221; text_larger=&#8221;no&#8221;]<\/p>\n<h5>\u0130\u00e7indekiler: <\/h5>\n<ul>\n<li>S\u00fctl\u00fc \u00e7ikolata y\u00fczde 60\n<ul>\n<li>\u015feker<\/li>\n<li>kakao ya\u011f\u0131<\/li>\n<li>s\u00fct tozu<\/li>\n<li>kakao tozu<\/li>\n<li>bitkisel ya\u011f (palm \u00e7ekirde\u011fi ya\u011f\u0131)<\/li>\n<li>em\u00fclgat\u00f6r (soya lesitini E-322)<\/li>\n<li>tatland\u0131r\u0131c\u0131 (vanilya)<\/li>\n<\/ul>\n<\/li>\n<li>Badem<\/li>\n<li>renkli \u015feker kaplama\n<ul>\n<li>\u015feker<\/li>\n<li>Arap zamk\u0131 (E-414)<\/li>\n<li>Renkler (E-122)<\/li>\n<li>Camlama maddeleri (E-414, E-904)<\/li>\n<\/ul>\n<\/li>\n<\/ul>\n<h5>Alerjen uyar\u0131s\u0131 : <\/h5>\n<p>Eser miktarda P\u0131stak, F\u0131nd\u0131k, Badem, Susam, S\u00fct ve Soya Fasulyesi i\u00e7erir.<\/p>\n<h5>Saklama ko\u015fullar\u0131 : <\/h5>\n<p>Serin ve kuru bir yerde saklay\u0131n. G\u00fcne\u015f \u0131\u015f\u0131\u011f\u0131ndan koruyun.<\/p>\n<table>\n<thead>\n<tr>\n<th>K\u00f6ken<\/th>\n<th>\u00dcretim tarihi<\/th>\n<th>Son kullanma tarihi<\/th>\n<\/tr>\n<\/thead>\n<tbody>\n<tr>\n<td>T\u00fcrkiye<\/td>\n<td>2023-1-20<\/td>\n<td>2024-1-20<\/td>\n<\/tr>\n<\/tbody>\n<\/table>\n<p>[\/vc_column_text][\/vc_column][vc_column width=&#8221;1\/2&#8243;][vc_column_text woodmart_inline=&#8221;no&#8221; text_larger=&#8221;no&#8221;][\/vc_column_text][\/vc_column][\/vc_row]<\/p>\n<\/div>","protected":false},"excerpt":{"rendered":"<p>[vc_row][vc_column width=&#8221;1\/2&#8243;][vc_column_text woodmart_inline=&#8221;no&#8221; text_larger=&#8221;no&#8221;] \u0130\u00e7indekiler: S\u00fctl\u00fc \u00e7ikolata y\u00fczde 60 \u015feker kakao ya\u011f\u0131 s\u00fct tozu kakao tozu bitkisel ya\u011f (palm \u00e7ekirde\u011fi<\/p>\n","protected":false},"featured_media":18821,"comment_status":"closed","ping_status":"closed","template":"","meta":[],"product_brand":[],"product_cat":[1232],"product_tag":[],"class_list":{"0":"post-17259","1":"product","2":"type-product","3":"status-publish","4":"has-post-thumbnail","6":"product_cat-sekerleme","8":"first","9":"instock","10":"taxable","11":"shipping-taxable","12":"purchasable","13":"product-type-simple"},"_links":{"self":[{"href":"https:\/\/www.matbah.se\/tr\/wp-json\/wp\/v2\/product\/17259","targetHints":{"allow":["GET"]}}],"collection":[{"href":"https:\/\/www.matbah.se\/tr\/wp-json\/wp\/v2\/product"}],"about":[{"href":"https:\/\/www.matbah.se\/tr\/wp-json\/wp\/v2\/types\/product"}],"replies":[{"embeddable":true,"href":"https:\/\/www.matbah.se\/tr\/wp-json\/wp\/v2\/comments?post=17259"}],"wp:featuredmedia":[{"embeddable":true,"href":"https:\/\/www.matbah.se\/tr\/wp-json\/wp\/v2\/media\/18821"}],"wp:attachment":[{"href":"https:\/\/www.matbah.se\/tr\/wp-json\/wp\/v2\/media?parent=17259"}],"wp:term":[{"taxonomy":"product_brand","embeddable":true,"href":"https:\/\/www.matbah.se\/tr\/wp-json\/wp\/v2\/product_brand?post=17259"},{"taxonomy":"product_cat","embeddable":true,"href":"https:\/\/www.matbah.se\/tr\/wp-json\/wp\/v2\/product_cat?post=17259"},{"taxonomy":"product_tag","embeddable":true,"href":"https:\/\/www.matbah.se\/tr\/wp-json\/wp\/v2\/product_tag?post=17259"}],"curies":[{"name":"wp","href":"https:\/\/api.w.org\/{rel}","templated":true}]}}