{"id":17273,"date":"2023-09-30T18:50:30","date_gmt":"2023-09-30T16:50:30","guid":{"rendered":"https:\/\/www.matbah.se\/?post_type=product&#038;p=17273"},"modified":"2023-12-19T11:11:20","modified_gmt":"2023-12-19T10:11:20","slug":"kahve-drajelerinin-karistirilmasi","status":"publish","type":"product","link":"https:\/\/www.matbah.se\/tr\/kahve-drajelerinin-karistirilmasi\/","title":{"rendered":"Kahve drajelerinin kar\u0131\u015ft\u0131r\u0131lmas\u0131"},"content":{"rendered":"<div class=\"wpb-content-wrapper\"><p>[vc_row][vc_column width=&#8221;1\/2&#8243;][vc_column_text woodmart_inline=&#8221;no&#8221; text_larger=&#8221;no&#8221;]<\/p>\n<h5>\u0130\u00e7indekiler: <\/h5>\n<ul>\n<li>\u00c7ikolata %80 (\u015eeker, Kakao Ya\u011f\u0131, S\u00fct Tozu, Kakao Tozu, Bitkisel Ya\u011f, (Palm \u00c7ekirde\u011fi Ya\u011f\u0131)).<\/li>\n<li>Em\u00fclgat\u00f6r (Soya lesitini E-322)<\/li>\n<li>Tatland\u0131r\u0131c\u0131 (Vanilya)<\/li>\n<\/ul>\n<\/li>\n<li>Kahve \u00e7ekirdekleri<\/li>\n<li>K\u0131vam artt\u0131r\u0131c\u0131 madde (Arap zamk\u0131 E-414)<\/li>\n<li>Camlama maddeleri (E-414, E-904)<\/li>\n<\/ul>\n<h5>Alerjen uyar\u0131s\u0131 : <\/h5>\n<p>S\u00fct \u00fcr\u00fcn\u00fc i\u00e7erir. Eser miktarda badem, f\u0131nd\u0131k, kaju f\u0131st\u0131\u011f\u0131, yer f\u0131st\u0131\u011f\u0131, antep f\u0131st\u0131\u011f\u0131, ceviz, susam, gluten i\u00e7erir.<\/p>\n<h5>Saklama ko\u015fullar\u0131 : <\/h5>\n<p>Serin ve kuru bir yerde saklay\u0131n. G\u00fcne\u015f \u0131\u015f\u0131\u011f\u0131ndan koruyun.<\/p>\n<table>\n<thead>\n<tr>\n<th>K\u00f6ken<\/th>\n<th>\u00dcretim tarihi<\/th>\n<th>Son kullanma tarihi<\/th>\n<\/tr>\n<\/thead>\n<tbody>\n<tr>\n<td>T\u00fcrkiye<\/td>\n<td>2023-1-20<\/td>\n<td>2024-1-20<\/td>\n<\/tr>\n<\/tbody>\n<\/table>\n<p>[\/vc_column_text][\/vc_column][vc_column width=&#8221;1\/2&#8243;][vc_column_text woodmart_inline=&#8221;no&#8221; text_larger=&#8221;no&#8221;][\/vc_column_text][\/vc_column][\/vc_row]<\/p>\n<\/div>","protected":false},"excerpt":{"rendered":"<p>[vc_row][vc_column width=&#8221;1\/2&#8243;][vc_column_text woodmart_inline=&#8221;no&#8221; text_larger=&#8221;no&#8221;] \u0130\u00e7indekiler: \u00c7ikolata %80 (\u015eeker, Kakao Ya\u011f\u0131, S\u00fct Tozu, Kakao Tozu, Bitkisel Ya\u011f, (Palm \u00c7ekirde\u011fi Ya\u011f\u0131)). Em\u00fclgat\u00f6r<\/p>\n","protected":false},"featured_media":20836,"comment_status":"closed","ping_status":"closed","template":"","meta":[],"product_brand":[],"product_cat":[1232],"product_tag":[],"class_list":{"0":"post-17273","1":"product","2":"type-product","3":"status-publish","4":"has-post-thumbnail","6":"product_cat-sekerleme","8":"first","9":"instock","10":"taxable","11":"shipping-taxable","12":"purchasable","13":"product-type-simple"},"_links":{"self":[{"href":"https:\/\/www.matbah.se\/tr\/wp-json\/wp\/v2\/product\/17273","targetHints":{"allow":["GET"]}}],"collection":[{"href":"https:\/\/www.matbah.se\/tr\/wp-json\/wp\/v2\/product"}],"about":[{"href":"https:\/\/www.matbah.se\/tr\/wp-json\/wp\/v2\/types\/product"}],"replies":[{"embeddable":true,"href":"https:\/\/www.matbah.se\/tr\/wp-json\/wp\/v2\/comments?post=17273"}],"wp:featuredmedia":[{"embeddable":true,"href":"https:\/\/www.matbah.se\/tr\/wp-json\/wp\/v2\/media\/20836"}],"wp:attachment":[{"href":"https:\/\/www.matbah.se\/tr\/wp-json\/wp\/v2\/media?parent=17273"}],"wp:term":[{"taxonomy":"product_brand","embeddable":true,"href":"https:\/\/www.matbah.se\/tr\/wp-json\/wp\/v2\/product_brand?post=17273"},{"taxonomy":"product_cat","embeddable":true,"href":"https:\/\/www.matbah.se\/tr\/wp-json\/wp\/v2\/product_cat?post=17273"},{"taxonomy":"product_tag","embeddable":true,"href":"https:\/\/www.matbah.se\/tr\/wp-json\/wp\/v2\/product_tag?post=17273"}],"curies":[{"name":"wp","href":"https:\/\/api.w.org\/{rel}","templated":true}]}}