{"id":17278,"date":"2023-09-30T18:50:30","date_gmt":"2023-09-30T17:50:30","guid":{"rendered":"https:\/\/www.matbah.se\/?post_type=product&#038;p=17278"},"modified":"2023-12-19T11:09:32","modified_gmt":"2023-12-19T10:09:32","slug":"tiknaz-bogurtlenli-draje","status":"publish","type":"product","link":"https:\/\/www.matbah.se\/tr\/tiknaz-bogurtlenli-draje\/","title":{"rendered":"T\u0131knaz B\u00f6\u011f\u00fcrtlenli Draje"},"content":{"rendered":"<div class=\"wpb-content-wrapper\"><p>[vc_row][vc_column width=&#8221;1\/2&#8243;][vc_column_text woodmart_inline=&#8221;no&#8221; text_larger=&#8221;no&#8221;]<\/p>\n<h5>\u0130\u00e7indekiler: <\/h5>\n<ul>\n<li>Beyaz \u00c7ikolata %65\n<ul>\n<li>\u015eeker<\/li>\n<li>Kakao ya\u011f\u0131<\/li>\n<li>S\u00fct tozu<\/li>\n<li>Em\u00fclgat\u00f6r (Soya Lesitini)<\/li>\n<li>Do\u011fal \u0130dentik Aroma (Vanilin, B\u00f6\u011f\u00fcrtlen)<\/li>\n<\/ul>\n<\/li>\n<li>Bitter \u00c7ikolata<\/li>\n<li>Coccamassa<\/li>\n<li>K\u0131vam artt\u0131r\u0131c\u0131 madde (Arap zamk\u0131)<\/li>\n<li>Renklendirici (E-122, E-124, E-129, E-133, E-155)<\/li>\n<li>Camlama maddeleri (E-903, E-904)<\/li>\n<\/ul>\n<h5>Alerjen uyar\u0131s\u0131 : <\/h5>\n<p>S\u00fct \u00fcr\u00fcn\u00fc i\u00e7erir. Eser miktarda badem, f\u0131nd\u0131k, kaju f\u0131st\u0131\u011f\u0131, yer f\u0131st\u0131\u011f\u0131, antep f\u0131st\u0131\u011f\u0131, ceviz, susam, gluten i\u00e7erir.<\/p>\n<h5>Saklama ko\u015fullar\u0131 : <\/h5>\n<p>Serin ve kuru bir yerde saklay\u0131n. G\u00fcne\u015f \u0131\u015f\u0131\u011f\u0131ndan koruyun.<\/p>\n<table>\n<thead>\n<tr>\n<th>K\u00f6ken<\/th>\n<th>\u00dcretim tarihi<\/th>\n<th>Son kullanma tarihi<\/th>\n<\/tr>\n<\/thead>\n<tbody>\n<tr>\n<td>T\u00fcrkiye<\/td>\n<td>2023-1-20<\/td>\n<td>2024-1-20<\/td>\n<\/tr>\n<\/tbody>\n<\/table>\n<p>[\/vc_column_text][\/vc_column][vc_column width=&#8221;1\/2&#8243;][vc_column_text woodmart_inline=&#8221;no&#8221; text_larger=&#8221;no&#8221;][\/vc_column_text][\/vc_column][\/vc_row]<\/p>\n<\/div>","protected":false},"excerpt":{"rendered":"<p>[vc_row][vc_column width=&#8221;1\/2&#8243;][vc_column_text woodmart_inline=&#8221;no&#8221; text_larger=&#8221;no&#8221;] \u0130\u00e7indekiler: Beyaz \u00c7ikolata %65 \u015eeker Kakao ya\u011f\u0131 S\u00fct tozu Em\u00fclgat\u00f6r (Soya Lesitini) Do\u011fal \u0130dentik Aroma (Vanilin,<\/p>\n","protected":false},"featured_media":18935,"comment_status":"closed","ping_status":"closed","template":"","meta":[],"product_brand":[],"product_cat":[1232],"product_tag":[],"class_list":{"0":"post-17278","1":"product","2":"type-product","3":"status-publish","4":"has-post-thumbnail","6":"product_cat-sekerleme","8":"first","9":"instock","10":"taxable","11":"shipping-taxable","12":"purchasable","13":"product-type-simple"},"_links":{"self":[{"href":"https:\/\/www.matbah.se\/tr\/wp-json\/wp\/v2\/product\/17278","targetHints":{"allow":["GET"]}}],"collection":[{"href":"https:\/\/www.matbah.se\/tr\/wp-json\/wp\/v2\/product"}],"about":[{"href":"https:\/\/www.matbah.se\/tr\/wp-json\/wp\/v2\/types\/product"}],"replies":[{"embeddable":true,"href":"https:\/\/www.matbah.se\/tr\/wp-json\/wp\/v2\/comments?post=17278"}],"wp:featuredmedia":[{"embeddable":true,"href":"https:\/\/www.matbah.se\/tr\/wp-json\/wp\/v2\/media\/18935"}],"wp:attachment":[{"href":"https:\/\/www.matbah.se\/tr\/wp-json\/wp\/v2\/media?parent=17278"}],"wp:term":[{"taxonomy":"product_brand","embeddable":true,"href":"https:\/\/www.matbah.se\/tr\/wp-json\/wp\/v2\/product_brand?post=17278"},{"taxonomy":"product_cat","embeddable":true,"href":"https:\/\/www.matbah.se\/tr\/wp-json\/wp\/v2\/product_cat?post=17278"},{"taxonomy":"product_tag","embeddable":true,"href":"https:\/\/www.matbah.se\/tr\/wp-json\/wp\/v2\/product_tag?post=17278"}],"curies":[{"name":"wp","href":"https:\/\/api.w.org\/{rel}","templated":true}]}}