{"id":17289,"date":"2023-09-30T18:50:30","date_gmt":"2023-09-30T16:50:30","guid":{"rendered":"https:\/\/www.matbah.se\/?post_type=product&#038;p=17289"},"modified":"2023-12-19T11:11:58","modified_gmt":"2023-12-19T10:11:58","slug":"zikke-dragee","status":"publish","type":"product","link":"https:\/\/www.matbah.se\/tr\/zikke-dragee\/","title":{"rendered":"Zikke dragee"},"content":{"rendered":"<div class=\"wpb-content-wrapper\"><p>[vc_row][vc_column width=&#8221;1\/2&#8243;][vc_column_text woodmart_inline=&#8221;no&#8221; text_larger=&#8221;no&#8221;]<\/p>\n<h5>\u0130\u00e7indekiler: <\/h5>\n<ul>\n<li>Bitter \u00e7ikolata\n<ul>\n<li>kakao k\u00fctlesi<\/li>\n<li>\u015feker<\/li>\n<li>kakao ya\u011f\u0131<\/li>\n<li>em\u00fclgat\u00f6r (lesitin)<\/li>\n<\/ul>\n<\/li>\n<li>do\u011fal aroma (vanilya)<\/li>\n<li>k\u0131vam artt\u0131r\u0131c\u0131 (Arap zamk\u0131-414)<\/li>\n<li>renkli kaplama (E-172,E-555)<\/li>\n<li>y\u00fczey i\u015fleme maddeleri (E-903, E-904)<br \/>\nToplam Kokao Kuru maddesi: Min %28<\/li>\n<\/ul>\n<h5>Alerjen uyar\u0131s\u0131 : <\/h5>\n<p>Eser miktarda P\u0131stak, F\u0131nd\u0131k, Badem, Susam, S\u00fct ve Soya Fasulyesi i\u00e7erir.<\/p>\n<h5>Saklama ko\u015fullar\u0131 : <\/h5>\n<p>Serin ve kuru bir yerde saklay\u0131n. G\u00fcne\u015f \u0131\u015f\u0131\u011f\u0131ndan koruyun.<\/p>\n<table>\n<thead>\n<tr>\n<th>K\u00f6ken<\/th>\n<th>\u00dcretim tarihi<\/th>\n<th>Son kullanma tarihi<\/th>\n<\/tr>\n<\/thead>\n<tbody>\n<tr>\n<td>T\u00fcrkiye<\/td>\n<td>2023-1-20<\/td>\n<td>2024-1-20<\/td>\n<\/tr>\n<\/tbody>\n<\/table>\n<p>[\/vc_column_text][\/vc_column][vc_column width=&#8221;1\/2&#8243;][vc_column_text woodmart_inline=&#8221;no&#8221; text_larger=&#8221;no&#8221;][\/vc_column_text][\/vc_column][\/vc_row]<\/p>\n<\/div>","protected":false},"excerpt":{"rendered":"<p>[vc_row][vc_column width=&#8221;1\/2&#8243;][vc_column_text woodmart_inline=&#8221;no&#8221; text_larger=&#8221;no&#8221;] \u0130\u00e7indekiler: Bitter \u00e7ikolata kakao k\u00fctlesi \u015feker kakao ya\u011f\u0131 em\u00fclgat\u00f6r (lesitin) do\u011fal aroma (vanilya) k\u0131vam artt\u0131r\u0131c\u0131 (Arap<\/p>\n","protected":false},"featured_media":20841,"comment_status":"closed","ping_status":"closed","template":"","meta":[],"product_brand":[],"product_cat":[1232],"product_tag":[],"class_list":{"0":"post-17289","1":"product","2":"type-product","3":"status-publish","4":"has-post-thumbnail","6":"product_cat-sekerleme","8":"first","9":"instock","10":"taxable","11":"shipping-taxable","12":"purchasable","13":"product-type-simple"},"_links":{"self":[{"href":"https:\/\/www.matbah.se\/tr\/wp-json\/wp\/v2\/product\/17289","targetHints":{"allow":["GET"]}}],"collection":[{"href":"https:\/\/www.matbah.se\/tr\/wp-json\/wp\/v2\/product"}],"about":[{"href":"https:\/\/www.matbah.se\/tr\/wp-json\/wp\/v2\/types\/product"}],"replies":[{"embeddable":true,"href":"https:\/\/www.matbah.se\/tr\/wp-json\/wp\/v2\/comments?post=17289"}],"wp:featuredmedia":[{"embeddable":true,"href":"https:\/\/www.matbah.se\/tr\/wp-json\/wp\/v2\/media\/20841"}],"wp:attachment":[{"href":"https:\/\/www.matbah.se\/tr\/wp-json\/wp\/v2\/media?parent=17289"}],"wp:term":[{"taxonomy":"product_brand","embeddable":true,"href":"https:\/\/www.matbah.se\/tr\/wp-json\/wp\/v2\/product_brand?post=17289"},{"taxonomy":"product_cat","embeddable":true,"href":"https:\/\/www.matbah.se\/tr\/wp-json\/wp\/v2\/product_cat?post=17289"},{"taxonomy":"product_tag","embeddable":true,"href":"https:\/\/www.matbah.se\/tr\/wp-json\/wp\/v2\/product_tag?post=17289"}],"curies":[{"name":"wp","href":"https:\/\/api.w.org\/{rel}","templated":true}]}}