{"id":17375,"date":"2023-09-30T18:50:21","date_gmt":"2023-09-30T16:50:21","guid":{"rendered":"https:\/\/www.matbah.se\/sevan-kikartshalvor-lappe-900gr-2\/"},"modified":"2023-11-14T18:27:12","modified_gmt":"2023-11-14T17:27:12","slug":"sevan-kikartshalvor-lappe-900gr-2","status":"publish","type":"product","link":"https:\/\/www.matbah.se\/tr\/sevan-kikartshalvor-lappe-900gr-2\/","title":{"rendered":"Sevan Kik\u00e4rtshalvor Lappe 900Gr."},"content":{"rendered":"<div class=\"wpb-content-wrapper\"><p>[vc_row][vc_column width=&#8221;1\/2&#8243;][vc_column_text woodmart_inline=&#8221;no&#8221; text_larger=&#8221;no&#8221;]Nohut, \u00e7orbalarda, humusta, bifteklerde veya biraz kimyonla tek ba\u015f\u0131na kullan\u0131lan klasik bir k\u00fc\u00e7\u00fck bezelyedir. Bu nohut yar\u0131mlar\u0131 ya da di\u011fer ad\u0131yla lappe veya chana dal, Hint yemeklerinde s\u0131kl\u0131kla kullan\u0131l\u0131r.<\/p>\n<h5>\u0130\u00e7indekiler: <\/h5>\n<ul>\n<li>Nohut yar\u0131mlar\u0131,<\/li>\n<\/ul>\n<h5>Alerjen uyar\u0131s\u0131 : <\/h5>\n<p>Eser miktarda f\u0131nd\u0131k, yer f\u0131st\u0131\u011f\u0131, gluten ve soya i\u00e7erebilir.<\/p>\n<h5>Saklama ko\u015fullar\u0131 : <\/h5>\n<p>Kuru ve serin bir yerde saklay\u0131n.[\/vc_column_text][\/vc_column][vc_column width=&#8221;1\/2&#8243;][vc_column_text woodmart_inline=&#8221;no&#8221; text_larger=&#8221;no&#8221;]<\/p>\n<h5>100 gramdaki besin de\u011ferleri : <\/h5>\n<ul>\n<li>Enerji 1247kJ\/298kcal<\/li>\n<li>Ya\u011f 3.1g<\/li>\n<li>bunun doymu\u015f ya\u011f oran\u0131 0.0g<\/li>\n<li>Karbonhidrat 60.0g<\/li>\n<li>bunun 2.2g&#8217;\u0131 \u015feker<\/li>\n<li>Protein 24.0g<\/li>\n<li>Tuz 0.1g<\/li>\n<\/ul>\n<p>[\/vc_column_text][\/vc_column][\/vc_row]<\/p>\n<\/div>","protected":false},"excerpt":{"rendered":"<p>[vc_row][vc_column width=&#8221;1\/2&#8243;][vc_column_text woodmart_inline=&#8221;no&#8221; text_larger=&#8221;no&#8221;]Nohut, \u00e7orbalarda, humusta, bifteklerde veya biraz kimyonla tek ba\u015f\u0131na kullan\u0131lan klasik bir k\u00fc\u00e7\u00fck bezelyedir. Bu nohut yar\u0131mlar\u0131<\/p>\n","protected":false},"featured_media":15858,"comment_status":"closed","ping_status":"closed","template":"","meta":[],"product_brand":[],"product_cat":[1247],"product_tag":[],"class_list":{"0":"post-17375","1":"product","2":"type-product","3":"status-publish","4":"has-post-thumbnail","6":"product_cat-kuru-bakla","8":"first","9":"instock","10":"taxable","11":"shipping-taxable","12":"purchasable","13":"product-type-simple"},"_links":{"self":[{"href":"https:\/\/www.matbah.se\/tr\/wp-json\/wp\/v2\/product\/17375","targetHints":{"allow":["GET"]}}],"collection":[{"href":"https:\/\/www.matbah.se\/tr\/wp-json\/wp\/v2\/product"}],"about":[{"href":"https:\/\/www.matbah.se\/tr\/wp-json\/wp\/v2\/types\/product"}],"replies":[{"embeddable":true,"href":"https:\/\/www.matbah.se\/tr\/wp-json\/wp\/v2\/comments?post=17375"}],"wp:featuredmedia":[{"embeddable":true,"href":"https:\/\/www.matbah.se\/tr\/wp-json\/wp\/v2\/media\/15858"}],"wp:attachment":[{"href":"https:\/\/www.matbah.se\/tr\/wp-json\/wp\/v2\/media?parent=17375"}],"wp:term":[{"taxonomy":"product_brand","embeddable":true,"href":"https:\/\/www.matbah.se\/tr\/wp-json\/wp\/v2\/product_brand?post=17375"},{"taxonomy":"product_cat","embeddable":true,"href":"https:\/\/www.matbah.se\/tr\/wp-json\/wp\/v2\/product_cat?post=17375"},{"taxonomy":"product_tag","embeddable":true,"href":"https:\/\/www.matbah.se\/tr\/wp-json\/wp\/v2\/product_tag?post=17375"}],"curies":[{"name":"wp","href":"https:\/\/api.w.org\/{rel}","templated":true}]}}