{"id":17377,"date":"2023-09-30T18:50:17","date_gmt":"2023-09-30T16:50:17","guid":{"rendered":"https:\/\/www.matbah.se\/sevan-borlotti-fasulyesi-400gr-2\/"},"modified":"2023-11-14T18:26:42","modified_gmt":"2023-11-14T17:26:42","slug":"sevan-borlotti-fasulyesi-400gr-2","status":"publish","type":"product","link":"https:\/\/www.matbah.se\/tr\/sevan-borlotti-fasulyesi-400gr-2\/","title":{"rendered":"Sevan Borlotti Fasulyesi 400Gr"},"content":{"rendered":"<div class=\"wpb-content-wrapper\"><p>[vc_row][vc_column width=&#8221;1\/2&#8243;][vc_column_text woodmart_inline=&#8221;no&#8221; text_larger=&#8221;no&#8221;]Sevan&#8217;\u0131n borlotti fasulyeleri hafif, tatl\u0131, zengin bir tada ve kremsi bir dokuya sahiptir. Bifteklerle, g\u00fcve\u00e7lerle, \u00e7orbalarla ve salatalarla iyi giderler.<\/p>\n<h5>\u0130\u00e7indekiler: <\/h5>\n<ul>\n<li>Borlotti fasulyesi (%60)<\/li>\n<li>su<\/li>\n<li>tuz<\/li>\n<li>antioksidanlar (askorbik asit),<\/li>\n<\/ul>\n<h5>Saklama ko\u015fullar\u0131 : <\/h5>\n<p>A\u00e7\u0131lmam\u0131\u015f kavanozu serin ve kuru bir yerde saklay\u0131n. A\u00e7\u0131lm\u0131\u015f kavanozu buzdolab\u0131nda en fazla +8\u00b0C&#8217;de saklay\u0131n ve 3 g\u00fcn muhafaza edin. Fasulyeleri ba\u015fka bir kaba aktar\u0131n.[\/vc_column_text][\/vc_column][vc_column width=&#8221;1\/2&#8243;][vc_column_text woodmart_inline=&#8221;no&#8221; text_larger=&#8221;no&#8221;]<\/p>\n<h5>100 gramdaki besin de\u011ferleri : <\/h5>\n<ul>\n<li>Enerji 249kJ\/59kcal<\/li>\n<li>Ya\u011f 0.0g<\/li>\n<li>bunun doymu\u015f ya\u011f oran\u0131 0.0g<\/li>\n<li>Karbonhidrat 6.7g<\/li>\n<li>bunun i\u00e7inde \u015fekerler 0,0g<\/li>\n<li>Protein 4.6g<\/li>\n<li>Tuz 0.5g<\/li>\n<\/ul>\n<p>[\/vc_column_text][\/vc_column][\/vc_row]<\/p>\n<\/div>","protected":false},"excerpt":{"rendered":"<p>[vc_row][vc_column width=&#8221;1\/2&#8243;][vc_column_text woodmart_inline=&#8221;no&#8221; text_larger=&#8221;no&#8221;]Sevan&#8217;\u0131n borlotti fasulyeleri hafif, tatl\u0131, zengin bir tada ve kremsi bir dokuya sahiptir. Bifteklerle, g\u00fcve\u00e7lerle, \u00e7orbalarla ve<\/p>\n","protected":false},"featured_media":15825,"comment_status":"closed","ping_status":"closed","template":"","meta":[],"product_brand":[],"product_cat":[1247],"product_tag":[],"class_list":{"0":"post-17377","1":"product","2":"type-product","3":"status-publish","4":"has-post-thumbnail","6":"product_cat-kuru-bakla","8":"first","9":"instock","10":"taxable","11":"shipping-taxable","12":"purchasable","13":"product-type-simple"},"_links":{"self":[{"href":"https:\/\/www.matbah.se\/tr\/wp-json\/wp\/v2\/product\/17377","targetHints":{"allow":["GET"]}}],"collection":[{"href":"https:\/\/www.matbah.se\/tr\/wp-json\/wp\/v2\/product"}],"about":[{"href":"https:\/\/www.matbah.se\/tr\/wp-json\/wp\/v2\/types\/product"}],"replies":[{"embeddable":true,"href":"https:\/\/www.matbah.se\/tr\/wp-json\/wp\/v2\/comments?post=17377"}],"wp:featuredmedia":[{"embeddable":true,"href":"https:\/\/www.matbah.se\/tr\/wp-json\/wp\/v2\/media\/15825"}],"wp:attachment":[{"href":"https:\/\/www.matbah.se\/tr\/wp-json\/wp\/v2\/media?parent=17377"}],"wp:term":[{"taxonomy":"product_brand","embeddable":true,"href":"https:\/\/www.matbah.se\/tr\/wp-json\/wp\/v2\/product_brand?post=17377"},{"taxonomy":"product_cat","embeddable":true,"href":"https:\/\/www.matbah.se\/tr\/wp-json\/wp\/v2\/product_cat?post=17377"},{"taxonomy":"product_tag","embeddable":true,"href":"https:\/\/www.matbah.se\/tr\/wp-json\/wp\/v2\/product_tag?post=17377"}],"curies":[{"name":"wp","href":"https:\/\/api.w.org\/{rel}","templated":true}]}}