{"id":17380,"date":"2023-09-30T18:50:17","date_gmt":"2023-09-30T17:50:17","guid":{"rendered":"https:\/\/www.matbah.se\/sevan-parl-cous-cous-moghrabie-500gr-2\/"},"modified":"2023-11-14T18:26:55","modified_gmt":"2023-11-14T17:26:55","slug":"sevan-parl-cous-cous-moghrabie-500gr-2","status":"publish","type":"product","link":"https:\/\/www.matbah.se\/tr\/sevan-parl-cous-cous-moghrabie-500gr-2\/","title":{"rendered":"Sevan P\u00e4rl Cous-Cous Moghrabie 500Gr."},"content":{"rendered":"<div class=\"wpb-content-wrapper\"><p>[vc_row][vc_column width=&#8221;1\/2&#8243;][vc_column_text woodmart_inline=&#8221;no&#8221; text_larger=&#8221;no&#8221;]L\u00fcbnan inci kuskusu, tanelerin k\u00fc\u00e7\u00fck inciler boyutunda ve \u015feklinde oldu\u011fu daha b\u00fcy\u00fck bir kuskus formudur. Kuskus durum bu\u011fday\u0131ndan yap\u0131l\u0131r ve Moghrabie olarak da adland\u0131r\u0131l\u0131r. \u0130nci kuskusu, t\u0131pk\u0131 bulgur ve pirin\u00e7 gibi temel bir besindir ve her t\u00fcrl\u00fc yemekte kullan\u0131l\u0131r. Tam g\u00f6vdeli lezzeti salatalar, g\u00fcve\u00e7ler, \u00e7orbalar ve makarna yerine iyi gider. K\u0131s\u0131k ate\u015fte 20-25 dakika pi\u015firin.<\/p>\n<h5>\u0130\u00e7indekiler: <\/h5>\n<ul>\n<li>DurumVETE<\/li>\n<li>Tuz,<\/li>\n<\/ul>\n<h5>Alerjen uyar\u0131s\u0131 : <\/h5>\n<p>Bu\u011fday (gluten) i\u00e7erir. Eser miktarda f\u0131nd\u0131k, yer f\u0131st\u0131\u011f\u0131 ve soya i\u00e7erebilir.<\/p>\n<h5>Saklama ko\u015fullar\u0131 : <\/h5>\n<p>Kuru ve serin bir yerde saklay\u0131n.[\/vc_column_text][\/vc_column][vc_column width=&#8221;1\/2&#8243;][vc_column_text woodmart_inline=&#8221;no&#8221; text_larger=&#8221;no&#8221;]<\/p>\n<h5>100 gramdaki besin de\u011ferleri : <\/h5>\n<ul>\n<li>Enerji 1456kJ\/355kcal<\/li>\n<li>Ya\u011f 3,3 g<\/li>\n<li>bunun doymu\u015f ya\u011f oran\u0131 0.0g<\/li>\n<li>Karbonhidrat 71.0g<\/li>\n<li>bunun i\u00e7inde \u015fekerler 0,0g<\/li>\n<li>Protein 13.0g<\/li>\n<li>Tuz 0.2g<\/li>\n<\/ul>\n<p>[\/vc_column_text][\/vc_column][\/vc_row]<\/p>\n<\/div>","protected":false},"excerpt":{"rendered":"<p>[vc_row][vc_column width=&#8221;1\/2&#8243;][vc_column_text woodmart_inline=&#8221;no&#8221; text_larger=&#8221;no&#8221;]L\u00fcbnan inci kuskusu, tanelerin k\u00fc\u00e7\u00fck inciler boyutunda ve \u015feklinde oldu\u011fu daha b\u00fcy\u00fck bir kuskus formudur. Kuskus durum<\/p>\n","protected":false},"featured_media":15840,"comment_status":"closed","ping_status":"closed","template":"","meta":[],"product_brand":[],"product_cat":[1247],"product_tag":[],"class_list":{"0":"post-17380","1":"product","2":"type-product","3":"status-publish","4":"has-post-thumbnail","6":"product_cat-kuru-bakla","8":"first","9":"instock","10":"taxable","11":"shipping-taxable","12":"purchasable","13":"product-type-simple"},"_links":{"self":[{"href":"https:\/\/www.matbah.se\/tr\/wp-json\/wp\/v2\/product\/17380","targetHints":{"allow":["GET"]}}],"collection":[{"href":"https:\/\/www.matbah.se\/tr\/wp-json\/wp\/v2\/product"}],"about":[{"href":"https:\/\/www.matbah.se\/tr\/wp-json\/wp\/v2\/types\/product"}],"replies":[{"embeddable":true,"href":"https:\/\/www.matbah.se\/tr\/wp-json\/wp\/v2\/comments?post=17380"}],"wp:featuredmedia":[{"embeddable":true,"href":"https:\/\/www.matbah.se\/tr\/wp-json\/wp\/v2\/media\/15840"}],"wp:attachment":[{"href":"https:\/\/www.matbah.se\/tr\/wp-json\/wp\/v2\/media?parent=17380"}],"wp:term":[{"taxonomy":"product_brand","embeddable":true,"href":"https:\/\/www.matbah.se\/tr\/wp-json\/wp\/v2\/product_brand?post=17380"},{"taxonomy":"product_cat","embeddable":true,"href":"https:\/\/www.matbah.se\/tr\/wp-json\/wp\/v2\/product_cat?post=17380"},{"taxonomy":"product_tag","embeddable":true,"href":"https:\/\/www.matbah.se\/tr\/wp-json\/wp\/v2\/product_tag?post=17380"}],"curies":[{"name":"wp","href":"https:\/\/api.w.org\/{rel}","templated":true}]}}