{"id":17391,"date":"2023-09-30T18:50:17","date_gmt":"2023-09-30T16:50:17","guid":{"rendered":"https:\/\/www.matbah.se\/sevan-bakla-buyuk-780gr-2\/"},"modified":"2023-11-14T18:26:44","modified_gmt":"2023-11-14T17:26:44","slug":"sevan-bakla-buyuk-780gr-2","status":"publish","type":"product","link":"https:\/\/www.matbah.se\/tr\/sevan-bakla-buyuk-780gr-2\/","title":{"rendered":"Sevan Bakla B\u00fcy\u00fck 780Gr"},"content":{"rendered":"<div class=\"wpb-content-wrapper\"><p>[vc_row][vc_column width=&#8221;1\/2&#8243;][vc_column_text woodmart_inline=&#8221;no&#8221; text_larger=&#8221;no&#8221;]Bakla en yayg\u0131n fasulye t\u00fcrlerinden biridir ve \u0130sve\u00e7&#8217;te y\u00fczlerce y\u0131ld\u0131r yenmektedir. G\u00fcve\u00e7lerde, \u00e7orbalarda veya k\u0131zartmalarda kullan\u0131m i\u00e7in ideal olan doyurucu bir fasulye \u00e7e\u015fididir. Bakla, doyurucu bir yemek olu\u015fturmak i\u00e7in salatalarda da harikad\u0131r. Baklan\u0131n bir di\u011fer ad\u0131 da fava fasulyesidir.<\/p>\n<h5>\u0130\u00e7indekiler: <\/h5>\n<ul>\n<li>Bakla (%61)<\/li>\n<li>su<\/li>\n<li>tuz<\/li>\n<li>antioksidan (kalsiyum disodyum etilendiamintetraasetat)<\/li>\n<li>asitlik d\u00fczenleyici (sitrik asit),<\/li>\n<\/ul>\n<h5>Saklama ko\u015fullar\u0131 : <\/h5>\n<p>A\u00e7\u0131lmam\u0131\u015f kavanozu serin ve kuru bir yerde saklay\u0131n. A\u00e7\u0131lm\u0131\u015f kavanozu buzdolab\u0131nda maksimum +8 \u00b0C&#8217;de saklay\u0131n.[\/vc_column_text][\/vc_column][vc_column width=&#8221;1\/2&#8243;][vc_column_text woodmart_inline=&#8221;no&#8221; text_larger=&#8221;no&#8221;]<\/p>\n<h5>100 gramdaki besin de\u011ferleri : <\/h5>\n<ul>\n<li>Enerji 297kJ\/71kcal<\/li>\n<li>Ya\u011f 0.0g<\/li>\n<li>bunun doymu\u015f ya\u011f oran\u0131 0.0g<\/li>\n<li>Karbonhidrat 8.7g<\/li>\n<li>bunun i\u00e7inde \u015fekerler 0,0g<\/li>\n<li>Protein 5.5g<\/li>\n<li>Tuz 1.12g<\/li>\n<\/ul>\n<p>[\/vc_column_text][\/vc_column][\/vc_row]<\/p>\n<\/div>","protected":false},"excerpt":{"rendered":"<p>[vc_row][vc_column width=&#8221;1\/2&#8243;][vc_column_text woodmart_inline=&#8221;no&#8221; text_larger=&#8221;no&#8221;]Bakla en yayg\u0131n fasulye t\u00fcrlerinden biridir ve \u0130sve\u00e7&#8217;te y\u00fczlerce y\u0131ld\u0131r yenmektedir. G\u00fcve\u00e7lerde, \u00e7orbalarda veya k\u0131zartmalarda kullan\u0131m i\u00e7in<\/p>\n","protected":false},"featured_media":15828,"comment_status":"closed","ping_status":"closed","template":"","meta":[],"product_brand":[],"product_cat":[1247],"product_tag":[],"class_list":{"0":"post-17391","1":"product","2":"type-product","3":"status-publish","4":"has-post-thumbnail","6":"product_cat-kuru-bakla","8":"first","9":"instock","10":"taxable","11":"shipping-taxable","12":"purchasable","13":"product-type-simple"},"_links":{"self":[{"href":"https:\/\/www.matbah.se\/tr\/wp-json\/wp\/v2\/product\/17391","targetHints":{"allow":["GET"]}}],"collection":[{"href":"https:\/\/www.matbah.se\/tr\/wp-json\/wp\/v2\/product"}],"about":[{"href":"https:\/\/www.matbah.se\/tr\/wp-json\/wp\/v2\/types\/product"}],"replies":[{"embeddable":true,"href":"https:\/\/www.matbah.se\/tr\/wp-json\/wp\/v2\/comments?post=17391"}],"wp:featuredmedia":[{"embeddable":true,"href":"https:\/\/www.matbah.se\/tr\/wp-json\/wp\/v2\/media\/15828"}],"wp:attachment":[{"href":"https:\/\/www.matbah.se\/tr\/wp-json\/wp\/v2\/media?parent=17391"}],"wp:term":[{"taxonomy":"product_brand","embeddable":true,"href":"https:\/\/www.matbah.se\/tr\/wp-json\/wp\/v2\/product_brand?post=17391"},{"taxonomy":"product_cat","embeddable":true,"href":"https:\/\/www.matbah.se\/tr\/wp-json\/wp\/v2\/product_cat?post=17391"},{"taxonomy":"product_tag","embeddable":true,"href":"https:\/\/www.matbah.se\/tr\/wp-json\/wp\/v2\/product_tag?post=17391"}],"curies":[{"name":"wp","href":"https:\/\/api.w.org\/{rel}","templated":true}]}}