{"id":17409,"date":"2023-09-30T18:50:16","date_gmt":"2023-09-30T16:50:16","guid":{"rendered":"https:\/\/www.matbah.se\/sevan-nohut-400gr-2\/"},"modified":"2023-11-14T18:26:25","modified_gmt":"2023-11-14T17:26:25","slug":"sevan-nohut-400gr-2","status":"publish","type":"product","link":"https:\/\/www.matbah.se\/tr\/sevan-nohut-400gr-2\/","title":{"rendered":"Sevan Nohut 400Gr"},"content":{"rendered":"<div class=\"wpb-content-wrapper\"><p>[vc_row][vc_column width=&#8221;1\/2&#8243;][vc_column_text woodmart_inline=&#8221;no&#8221; text_larger=&#8221;no&#8221;]Nohut, \u00e7orbalarda, humusta, bifteklerde veya biraz kimyonla tek ba\u015f\u0131na kullan\u0131lan klasik bir k\u00fc\u00e7\u00fck bezelyedir. Nohutlar\u0131m\u0131z harika bir ceviz aromas\u0131na sahiptir ve tuz, kimyon, ac\u0131 biber ve k\u0131rm\u0131z\u0131 biber gibi baharatlar\u0131 sever. Neden kendi humusunuzu yapmay\u0131 denemiyorsunuz?<\/p>\n<h5>\u0130\u00e7indekiler: <\/h5>\n<ul>\n<li>Nohut (%60)<\/li>\n<li>su<\/li>\n<li>tuz<\/li>\n<li>antioksidanlar (askorbik asit),<\/li>\n<\/ul>\n<h5>Saklama ko\u015fullar\u0131 : <\/h5>\n<p>A\u00e7\u0131lmam\u0131\u015f kavanozu serin ve kuru bir yerde saklay\u0131n. A\u00e7\u0131lm\u0131\u015f kavanozu buzdolab\u0131nda, maksimum +8 \u00b0C&#8217;de saklay\u0131n.[\/vc_column_text][\/vc_column][vc_column width=&#8221;1\/2&#8243;][vc_column_text woodmart_inline=&#8221;no&#8221; text_larger=&#8221;no&#8221;]<\/p>\n<h5>100 gramdaki besin de\u011ferleri : <\/h5>\n<ul>\n<li>Enerji 480kJ\/114kcal<\/li>\n<li>Ya\u011f 2,2 g<\/li>\n<li>bunun doymu\u015f ya\u011f oran\u0131 0.0g<\/li>\n<li>Karbonhidrat 14.0g<\/li>\n<li>bunun i\u00e7inde \u015fekerler 0,0g<\/li>\n<li>Protein 6.5g<\/li>\n<li>Tuz 0.4g<\/li>\n<\/ul>\n<p>[\/vc_column_text][\/vc_column][\/vc_row]<\/p>\n<\/div>","protected":false},"excerpt":{"rendered":"<p>[vc_row][vc_column width=&#8221;1\/2&#8243;][vc_column_text woodmart_inline=&#8221;no&#8221; text_larger=&#8221;no&#8221;]Nohut, \u00e7orbalarda, humusta, bifteklerde veya biraz kimyonla tek ba\u015f\u0131na kullan\u0131lan klasik bir k\u00fc\u00e7\u00fck bezelyedir. Nohutlar\u0131m\u0131z harika bir<\/p>\n","protected":false},"featured_media":15819,"comment_status":"closed","ping_status":"closed","template":"","meta":[],"product_brand":[],"product_cat":[1247],"product_tag":[],"class_list":{"0":"post-17409","1":"product","2":"type-product","3":"status-publish","4":"has-post-thumbnail","6":"product_cat-kuru-bakla","8":"first","9":"instock","10":"taxable","11":"shipping-taxable","12":"purchasable","13":"product-type-simple"},"_links":{"self":[{"href":"https:\/\/www.matbah.se\/tr\/wp-json\/wp\/v2\/product\/17409","targetHints":{"allow":["GET"]}}],"collection":[{"href":"https:\/\/www.matbah.se\/tr\/wp-json\/wp\/v2\/product"}],"about":[{"href":"https:\/\/www.matbah.se\/tr\/wp-json\/wp\/v2\/types\/product"}],"replies":[{"embeddable":true,"href":"https:\/\/www.matbah.se\/tr\/wp-json\/wp\/v2\/comments?post=17409"}],"wp:featuredmedia":[{"embeddable":true,"href":"https:\/\/www.matbah.se\/tr\/wp-json\/wp\/v2\/media\/15819"}],"wp:attachment":[{"href":"https:\/\/www.matbah.se\/tr\/wp-json\/wp\/v2\/media?parent=17409"}],"wp:term":[{"taxonomy":"product_brand","embeddable":true,"href":"https:\/\/www.matbah.se\/tr\/wp-json\/wp\/v2\/product_brand?post=17409"},{"taxonomy":"product_cat","embeddable":true,"href":"https:\/\/www.matbah.se\/tr\/wp-json\/wp\/v2\/product_cat?post=17409"},{"taxonomy":"product_tag","embeddable":true,"href":"https:\/\/www.matbah.se\/tr\/wp-json\/wp\/v2\/product_tag?post=17409"}],"curies":[{"name":"wp","href":"https:\/\/api.w.org\/{rel}","templated":true}]}}