{"id":17412,"date":"2023-09-30T18:50:16","date_gmt":"2023-09-30T17:50:16","guid":{"rendered":"https:\/\/www.matbah.se\/sevan-beyaz-fasulye-cam-560gr-2\/"},"modified":"2023-11-14T18:26:19","modified_gmt":"2023-11-14T17:26:19","slug":"sevan-beyaz-fasulye-cam-560gr-2","status":"publish","type":"product","link":"https:\/\/www.matbah.se\/tr\/sevan-beyaz-fasulye-cam-560gr-2\/","title":{"rendered":"Sevan Beyaz Fasulye Cam 560Gr."},"content":{"rendered":"<div class=\"wpb-content-wrapper\"><p>[vc_row][vc_column width=&#8221;1\/2&#8243;][vc_column_text woodmart_inline=&#8221;no&#8221; text_larger=&#8221;no&#8221;]Beyaz fasulye \u00e7o\u011fu \u015feyle birlikte kullan\u0131labilen \u00e7ok ama\u00e7l\u0131 klasik bir fasulyedir, ancak domates soslu beyaz fasulye belki de en \u00fcnl\u00fc beyaz fasulye yeme\u011fidir. Ayr\u0131ca salatalarda, sosa kar\u0131\u015ft\u0131rarak, marine ederek ya da g\u00fcve\u00e7 veya \u00e7orbalarda deneyin. Nefis!<\/p>\n<h5>\u0130\u00e7indekiler: <\/h5>\n<ul>\n<li>Beyaz fasulye (%71)<\/li>\n<li>su<\/li>\n<li>tuz<\/li>\n<li>antioksidan (kalsiyum disodyum etilendiamintetraasetat)<\/li>\n<li>koruyucular (sodyum diSULFIT),<\/li>\n<\/ul>\n<h5>Alerjen uyar\u0131s\u0131 : <\/h5>\n<p>S\u00fclfit i\u00e7erir.<\/p>\n<h5>Saklama ko\u015fullar\u0131 : <\/h5>\n<p>A\u00e7\u0131lmam\u0131\u015f kavanozu serin ve kuru bir yerde saklay\u0131n. A\u00e7\u0131lm\u0131\u015f kavanozu buzdolab\u0131nda maksimum +8 \u00b0C&#8217;de saklay\u0131n.[\/vc_column_text][\/vc_column][vc_column width=&#8221;1\/2&#8243;][vc_column_text woodmart_inline=&#8221;no&#8221; text_larger=&#8221;no&#8221;]<\/p>\n<h5>100 gramdaki besin de\u011ferleri : <\/h5>\n<ul>\n<li>Enerji 477kJ\/114kcal<\/li>\n<li>Ya\u011f 0.0g<\/li>\n<li>bunun doymu\u015f ya\u011f oran\u0131 0.0g<\/li>\n<li>Karbonhidrat 16.0g<\/li>\n<li>bunun i\u00e7inde \u015fekerler 0,0g<\/li>\n<li>Protein 7.3g<\/li>\n<li>Tuz 0,9 g<\/li>\n<\/ul>\n<p>[\/vc_column_text][\/vc_column][\/vc_row]<\/p>\n<\/div>","protected":false},"excerpt":{"rendered":"<p>[vc_row][vc_column width=&#8221;1\/2&#8243;][vc_column_text woodmart_inline=&#8221;no&#8221; text_larger=&#8221;no&#8221;]Beyaz fasulye \u00e7o\u011fu \u015feyle birlikte kullan\u0131labilen \u00e7ok ama\u00e7l\u0131 klasik bir fasulyedir, ancak domates soslu beyaz fasulye belki<\/p>\n","protected":false},"featured_media":15813,"comment_status":"closed","ping_status":"closed","template":"","meta":[],"product_brand":[],"product_cat":[1247],"product_tag":[],"class_list":{"0":"post-17412","1":"product","2":"type-product","3":"status-publish","4":"has-post-thumbnail","6":"product_cat-kuru-bakla","8":"first","9":"outofstock","10":"taxable","11":"shipping-taxable","12":"purchasable","13":"product-type-simple"},"_links":{"self":[{"href":"https:\/\/www.matbah.se\/tr\/wp-json\/wp\/v2\/product\/17412","targetHints":{"allow":["GET"]}}],"collection":[{"href":"https:\/\/www.matbah.se\/tr\/wp-json\/wp\/v2\/product"}],"about":[{"href":"https:\/\/www.matbah.se\/tr\/wp-json\/wp\/v2\/types\/product"}],"replies":[{"embeddable":true,"href":"https:\/\/www.matbah.se\/tr\/wp-json\/wp\/v2\/comments?post=17412"}],"wp:featuredmedia":[{"embeddable":true,"href":"https:\/\/www.matbah.se\/tr\/wp-json\/wp\/v2\/media\/15813"}],"wp:attachment":[{"href":"https:\/\/www.matbah.se\/tr\/wp-json\/wp\/v2\/media?parent=17412"}],"wp:term":[{"taxonomy":"product_brand","embeddable":true,"href":"https:\/\/www.matbah.se\/tr\/wp-json\/wp\/v2\/product_brand?post=17412"},{"taxonomy":"product_cat","embeddable":true,"href":"https:\/\/www.matbah.se\/tr\/wp-json\/wp\/v2\/product_cat?post=17412"},{"taxonomy":"product_tag","embeddable":true,"href":"https:\/\/www.matbah.se\/tr\/wp-json\/wp\/v2\/product_tag?post=17412"}],"curies":[{"name":"wp","href":"https:\/\/api.w.org\/{rel}","templated":true}]}}