{"id":17413,"date":"2023-09-30T18:50:16","date_gmt":"2023-09-30T16:50:16","guid":{"rendered":"https:\/\/www.matbah.se\/sevan-kebap-pepperoni-460gr-2\/"},"modified":"2023-11-14T18:26:03","modified_gmt":"2023-11-14T17:26:03","slug":"sevan-kebap-pepperoni-460gr-2","status":"publish","type":"product","link":"https:\/\/www.matbah.se\/tr\/sevan-kebap-pepperoni-460gr-2\/","title":{"rendered":"Sevan Kebap Pepperoni 460Gr"},"content":{"rendered":"<div class=\"wpb-content-wrapper\"><p>[vc_row][vc_column width=&#8221;1\/2&#8243;][vc_column_text woodmart_inline=&#8221;no&#8221; text_larger=&#8221;no&#8221;]Kebap Sucuklar\u0131m\u0131z kebaplar\u0131n m\u00fckemmel e\u015flik\u00e7isidir! Oldu\u011fu gibi yenebilece\u011fi gibi k\u0131zart\u0131l\u0131p peynirle de doldurulabilir.<\/p>\n<h5>\u0130\u00e7indekiler: <\/h5>\n<ul>\n<li>Pepperoni (%46)<\/li>\n<li>su<\/li>\n<li>deniz tuzu<\/li>\n<li>asitlik d\u00fczenleyici (asetik asit, sitrik asit)<\/li>\n<li>antioksidan (askorbik asit)<\/li>\n<li>koruyucular (sodyum benzoat, potasyum dis\u00fclfit),<\/li>\n<\/ul>\n<h5>Alerjen uyar\u0131s\u0131 : <\/h5>\n<p>S\u00fclfit i\u00e7erir.<\/p>\n<h5>Saklama ko\u015fullar\u0131 : <\/h5>\n<p>A\u00e7\u0131lmam\u0131\u015f kavanozu serin ve kuru bir yerde saklay\u0131n. A\u00e7\u0131lm\u0131\u015f kavanozu buzdolab\u0131nda maksimum +8 \u00b0C&#8217;de saklay\u0131n.[\/vc_column_text][\/vc_column][vc_column width=&#8221;1\/2&#8243;][vc_column_text woodmart_inline=&#8221;no&#8221; text_larger=&#8221;no&#8221;]<\/p>\n<h5>100 gramdaki besin de\u011ferleri : <\/h5>\n<ul>\n<li>Enerji 94kJ\/22kcal<\/li>\n<li>Ya\u011f 0,7 g<\/li>\n<li>bunun doymu\u015f ya\u011f oran\u0131 0.0g<\/li>\n<li>Karbonhidrat 4.1g<\/li>\n<li>bunun 2.0g&#8217;\u0131 \u015feker<\/li>\n<li>Protein 0.9g<\/li>\n<li>Tuz 2.17g<\/li>\n<\/ul>\n<p>[\/vc_column_text][\/vc_column][\/vc_row]<\/p>\n<\/div>","protected":false},"excerpt":{"rendered":"<p>[vc_row][vc_column width=&#8221;1\/2&#8243;][vc_column_text woodmart_inline=&#8221;no&#8221; text_larger=&#8221;no&#8221;]Kebap Sucuklar\u0131m\u0131z kebaplar\u0131n m\u00fckemmel e\u015flik\u00e7isidir! Oldu\u011fu gibi yenebilece\u011fi gibi k\u0131zart\u0131l\u0131p peynirle de doldurulabilir. \u0130\u00e7indekiler: Pepperoni (%46) su<\/p>\n","protected":false},"featured_media":15798,"comment_status":"closed","ping_status":"closed","template":"","meta":[],"product_brand":[],"product_cat":[1250],"product_tag":[],"class_list":{"0":"post-17413","1":"product","2":"type-product","3":"status-publish","4":"has-post-thumbnail","6":"product_cat-tursu","8":"first","9":"instock","10":"taxable","11":"shipping-taxable","12":"purchasable","13":"product-type-simple"},"_links":{"self":[{"href":"https:\/\/www.matbah.se\/tr\/wp-json\/wp\/v2\/product\/17413","targetHints":{"allow":["GET"]}}],"collection":[{"href":"https:\/\/www.matbah.se\/tr\/wp-json\/wp\/v2\/product"}],"about":[{"href":"https:\/\/www.matbah.se\/tr\/wp-json\/wp\/v2\/types\/product"}],"replies":[{"embeddable":true,"href":"https:\/\/www.matbah.se\/tr\/wp-json\/wp\/v2\/comments?post=17413"}],"wp:featuredmedia":[{"embeddable":true,"href":"https:\/\/www.matbah.se\/tr\/wp-json\/wp\/v2\/media\/15798"}],"wp:attachment":[{"href":"https:\/\/www.matbah.se\/tr\/wp-json\/wp\/v2\/media?parent=17413"}],"wp:term":[{"taxonomy":"product_brand","embeddable":true,"href":"https:\/\/www.matbah.se\/tr\/wp-json\/wp\/v2\/product_brand?post=17413"},{"taxonomy":"product_cat","embeddable":true,"href":"https:\/\/www.matbah.se\/tr\/wp-json\/wp\/v2\/product_cat?post=17413"},{"taxonomy":"product_tag","embeddable":true,"href":"https:\/\/www.matbah.se\/tr\/wp-json\/wp\/v2\/product_tag?post=17413"}],"curies":[{"name":"wp","href":"https:\/\/api.w.org\/{rel}","templated":true}]}}