{"id":17416,"date":"2023-09-30T18:50:15","date_gmt":"2023-09-30T17:50:15","guid":{"rendered":"https:\/\/www.matbah.se\/sevan-baba-ghannouge-380gr-2\/"},"modified":"2023-11-14T18:25:27","modified_gmt":"2023-11-14T17:25:27","slug":"sevan-baba-ghannouge-380gr-2","status":"publish","type":"product","link":"https:\/\/www.matbah.se\/tr\/sevan-baba-ghannouge-380gr-2\/","title":{"rendered":"Sevan Baba Ghannouge 380Gr"},"content":{"rendered":"<div class=\"wpb-content-wrapper\"><p>[vc_row][vc_column width=&#8221;1\/2&#8243;][vc_column_text woodmart_inline=&#8221;no&#8221; text_larger=&#8221;no&#8221;]Patl\u0131canl\u0131 omlet (Baba ganu\u015f veya Baba ghannouge), tahin (susam ezmesi) ile tatland\u0131r\u0131lm\u0131\u015f k\u00f6zlenmi\u015f patl\u0131canlardan yap\u0131lan bir omlettir. Kavurma i\u015flemi ona dumanl\u0131, tuzlu bir karakter kazand\u0131r\u0131r ve bu da onu \u0131zgara yemeklere m\u00fckemmel bir e\u015flik\u00e7i yapar. \u00c7\u0131rp\u0131lm\u0131\u015f patl\u0131can meze sofralar\u0131n\u0131n vazge\u00e7ilmezidir, bal\u0131k ve tavukla iyi gider ama ayn\u0131 zamanda bir par\u00e7a ekmekle t\u00fcm sadeli\u011fiyle lezzetlidir.<\/p>\n<h5>\u0130\u00e7indekiler: <\/h5>\n<ul>\n<li>Izgara patl\u0131can (%89)<\/li>\n<li>tahina (SESAM macunu) (%10)<\/li>\n<li>tuz<\/li>\n<li>asitlik d\u00fczenleyici (sitrik asit),<\/li>\n<\/ul>\n<h5>Alerjen uyar\u0131s\u0131 : <\/h5>\n<p>Susam tohumu i\u00e7erir.<\/p>\n<h5>Saklama ko\u015fullar\u0131 : <\/h5>\n<p>A\u00e7\u0131lmam\u0131\u015f kavanozu serin ve kuru bir yerde saklay\u0131n. A\u00e7\u0131lm\u0131\u015f kavanozu buzdolab\u0131nda maksimum +8 \u00b0C&#8217;de saklay\u0131n.[\/vc_column_text][\/vc_column][vc_column width=&#8221;1\/2&#8243;][vc_column_text woodmart_inline=&#8221;no&#8221; text_larger=&#8221;no&#8221;]<\/p>\n<h5>100 gramdaki besin de\u011ferleri : <\/h5>\n<ul>\n<li>Enerji 272kJ\/65kcal<\/li>\n<li>Ya\u011f 3.0g<\/li>\n<li>bunun doymu\u015f ya\u011f oran\u0131 1,7 g<\/li>\n<li>Karbonhidrat 7.2g<\/li>\n<li>bunun 2.7g&#8217;\u0131 \u015feker<\/li>\n<li>Lif 6,7 g<\/li>\n<li>Protein 2.2g<\/li>\n<li>Tuz 0.8g<\/li>\n<\/ul>\n<p>[\/vc_column_text][\/vc_column][\/vc_row]<\/p>\n<\/div>","protected":false},"excerpt":{"rendered":"<p>[vc_row][vc_column width=&#8221;1\/2&#8243;][vc_column_text woodmart_inline=&#8221;no&#8221; text_larger=&#8221;no&#8221;]Patl\u0131canl\u0131 omlet (Baba ganu\u015f veya Baba ghannouge), tahin (susam ezmesi) ile tatland\u0131r\u0131lm\u0131\u015f k\u00f6zlenmi\u015f patl\u0131canlardan yap\u0131lan bir omlettir.<\/p>\n","protected":false},"featured_media":15771,"comment_status":"closed","ping_status":"closed","template":"","meta":[],"product_brand":[],"product_cat":[1206],"product_tag":[],"class_list":{"0":"post-17416","1":"product","2":"type-product","3":"status-publish","4":"has-post-thumbnail","6":"product_cat-sos","8":"first","9":"instock","10":"taxable","11":"shipping-taxable","12":"purchasable","13":"product-type-simple"},"_links":{"self":[{"href":"https:\/\/www.matbah.se\/tr\/wp-json\/wp\/v2\/product\/17416","targetHints":{"allow":["GET"]}}],"collection":[{"href":"https:\/\/www.matbah.se\/tr\/wp-json\/wp\/v2\/product"}],"about":[{"href":"https:\/\/www.matbah.se\/tr\/wp-json\/wp\/v2\/types\/product"}],"replies":[{"embeddable":true,"href":"https:\/\/www.matbah.se\/tr\/wp-json\/wp\/v2\/comments?post=17416"}],"wp:featuredmedia":[{"embeddable":true,"href":"https:\/\/www.matbah.se\/tr\/wp-json\/wp\/v2\/media\/15771"}],"wp:attachment":[{"href":"https:\/\/www.matbah.se\/tr\/wp-json\/wp\/v2\/media?parent=17416"}],"wp:term":[{"taxonomy":"product_brand","embeddable":true,"href":"https:\/\/www.matbah.se\/tr\/wp-json\/wp\/v2\/product_brand?post=17416"},{"taxonomy":"product_cat","embeddable":true,"href":"https:\/\/www.matbah.se\/tr\/wp-json\/wp\/v2\/product_cat?post=17416"},{"taxonomy":"product_tag","embeddable":true,"href":"https:\/\/www.matbah.se\/tr\/wp-json\/wp\/v2\/product_tag?post=17416"}],"curies":[{"name":"wp","href":"https:\/\/api.w.org\/{rel}","templated":true}]}}