{"id":17430,"date":"2023-09-30T18:50:15","date_gmt":"2023-09-30T17:50:15","guid":{"rendered":"https:\/\/www.matbah.se\/sevan-humus-tahin-geleneksel-400gr-2\/"},"modified":"2023-11-14T18:25:33","modified_gmt":"2023-11-14T17:25:33","slug":"sevan-humus-tahin-geleneksel-400gr-2","status":"publish","type":"product","link":"https:\/\/www.matbah.se\/tr\/sevan-humus-tahin-geleneksel-400gr-2\/","title":{"rendered":"Sevan Humus Tahin Geleneksel 400Gr."},"content":{"rendered":"<div class=\"wpb-content-wrapper\"><p>[vc_row][vc_column width=&#8221;1\/2&#8243;][vc_column_text woodmart_inline=&#8221;no&#8221; text_larger=&#8221;no&#8221;]Humus, Orta Do\u011fu&#8217;nun klasik nohut ezmesidir ve meze sofralar\u0131n\u0131n vazge\u00e7ilmezidir. Bu \u00fcr\u00fcn humus i\u00e7in bir baz olarak kullan\u0131l\u0131r ve biraz taze s\u0131k\u0131lm\u0131\u015f limon, muhtemelen daha fazla tahin (susam ezmesi), sar\u0131msak ve tuz eklemenizi \u00f6neririz. Bitirmek i\u00e7in \u00fczerine iyi bir zeytinya\u011f\u0131 gezdirin.<\/p>\n<h5>\u0130\u00e7indekiler: <\/h5>\n<ul>\n<li>\u0130\u00e7indekiler: Su<\/li>\n<li>nohut (%46)<\/li>\n<li>tahina (SESAM macunu) (%10)<\/li>\n<li>asitlik d\u00fczenleyici (sitrik asit)<\/li>\n<li>Tuz,<\/li>\n<\/ul>\n<h5>Alerjen uyar\u0131s\u0131 : <\/h5>\n<p>Susam tohumu i\u00e7erir.<\/p>\n<h5>Saklama ko\u015fullar\u0131 : <\/h5>\n<p>A\u00e7\u0131lmam\u0131\u015f ambalaj\u0131 kuru ve serin bir yerde saklay\u0131n. A\u00e7\u0131lm\u0131\u015f ambalaj\u0131 buzdolab\u0131nda maksimum +8 \u00b0C&#8217;de saklay\u0131n.[\/vc_column_text][\/vc_column][vc_column width=&#8221;1\/2&#8243;][vc_column_text woodmart_inline=&#8221;no&#8221; text_larger=&#8221;no&#8221;]<\/p>\n<h5>100 gramdaki besin de\u011ferleri : <\/h5>\n<ul>\n<li>Enerji 502kJ\/120kcal<\/li>\n<li>Ya\u011f 4,3 g<\/li>\n<li>bunun doymu\u015f ya\u011f oran\u0131 0,7 g<\/li>\n<li>Karbonhidrat 15.0g<\/li>\n<li>bunun 1.0g&#8217;\u0131 \u015feker<\/li>\n<li>Lif 6,7 g<\/li>\n<li>Protein 5.0g<\/li>\n<li>Tuz 1.2g<\/li>\n<\/ul>\n<p>[\/vc_column_text][\/vc_column][\/vc_row]<\/p>\n<\/div>","protected":false},"excerpt":{"rendered":"<p>[vc_row][vc_column width=&#8221;1\/2&#8243;][vc_column_text woodmart_inline=&#8221;no&#8221; text_larger=&#8221;no&#8221;]Humus, Orta Do\u011fu&#8217;nun klasik nohut ezmesidir ve meze sofralar\u0131n\u0131n vazge\u00e7ilmezidir. Bu \u00fcr\u00fcn humus i\u00e7in bir baz olarak<\/p>\n","protected":false},"featured_media":15774,"comment_status":"closed","ping_status":"closed","template":"","meta":[],"product_brand":[],"product_cat":[1240],"product_tag":[],"class_list":{"0":"post-17430","1":"product","2":"type-product","3":"status-publish","4":"has-post-thumbnail","6":"product_cat-tahin","8":"first","9":"instock","10":"taxable","11":"shipping-taxable","12":"purchasable","13":"product-type-simple"},"_links":{"self":[{"href":"https:\/\/www.matbah.se\/tr\/wp-json\/wp\/v2\/product\/17430","targetHints":{"allow":["GET"]}}],"collection":[{"href":"https:\/\/www.matbah.se\/tr\/wp-json\/wp\/v2\/product"}],"about":[{"href":"https:\/\/www.matbah.se\/tr\/wp-json\/wp\/v2\/types\/product"}],"replies":[{"embeddable":true,"href":"https:\/\/www.matbah.se\/tr\/wp-json\/wp\/v2\/comments?post=17430"}],"wp:featuredmedia":[{"embeddable":true,"href":"https:\/\/www.matbah.se\/tr\/wp-json\/wp\/v2\/media\/15774"}],"wp:attachment":[{"href":"https:\/\/www.matbah.se\/tr\/wp-json\/wp\/v2\/media?parent=17430"}],"wp:term":[{"taxonomy":"product_brand","embeddable":true,"href":"https:\/\/www.matbah.se\/tr\/wp-json\/wp\/v2\/product_brand?post=17430"},{"taxonomy":"product_cat","embeddable":true,"href":"https:\/\/www.matbah.se\/tr\/wp-json\/wp\/v2\/product_cat?post=17430"},{"taxonomy":"product_tag","embeddable":true,"href":"https:\/\/www.matbah.se\/tr\/wp-json\/wp\/v2\/product_tag?post=17430"}],"curies":[{"name":"wp","href":"https:\/\/api.w.org\/{rel}","templated":true}]}}