{"id":17432,"date":"2023-09-30T18:50:15","date_gmt":"2023-09-30T16:50:15","guid":{"rendered":"https:\/\/www.matbah.se\/pride-enginar-kalpleri-400gr-2\/"},"modified":"2023-11-14T18:25:53","modified_gmt":"2023-11-14T17:25:53","slug":"pride-enginar-kalpleri-400gr-2","status":"publish","type":"product","link":"https:\/\/www.matbah.se\/tr\/pride-enginar-kalpleri-400gr-2\/","title":{"rendered":"Pride Enginar Kalpleri 400Gr."},"content":{"rendered":"<div class=\"wpb-content-wrapper\"><p>[vc_row][vc_column width=&#8221;1\/2&#8243;][vc_column_text woodmart_inline=&#8221;no&#8221; text_larger=&#8221;no&#8221;]<\/p>\n<h5>\u0130\u00e7indekiler: <\/h5>\n<ul>\n<li>Enginar kalpleri<\/li>\n<li>su<\/li>\n<li>tuz<\/li>\n<li>asitlik d\u00fczenleyici (sitrik asit),<\/li>\n<\/ul>\n<h5>Saklama ko\u015fullar\u0131 : <\/h5>\n<p>A\u00e7\u0131lmam\u0131\u015f kavanozu serin ve kuru bir yerde saklay\u0131n. A\u00e7\u0131lan kavanozun i\u00e7eri\u011fi s\u0131k\u0131 kapanan uygun bir kaba bo\u015falt\u0131lmal\u0131 ve buzdolab\u0131nda en fazla 3 g\u00fcn saklanmal\u0131d\u0131r.[\/vc_column_text][\/vc_column][vc_column width=&#8221;1\/2&#8243;][vc_column_text woodmart_inline=&#8221;no&#8221; text_larger=&#8221;no&#8221;]<\/p>\n<h5>100 gramdaki besin de\u011ferleri : <\/h5>\n<ul>\n<li>Enerji 112kJ\/27kcal<\/li>\n<li>Ya\u011f 0.0g<\/li>\n<li>bunun doymu\u015f ya\u011f oran\u0131 0.0g<\/li>\n<li>Karbonhidrat 3,5g<\/li>\n<li>bunun 1.0g&#8217;\u0131 \u015feker<\/li>\n<li>Lif 2,5 g<\/li>\n<li>Protein 1.5g<\/li>\n<li>Tuz 0.7g<\/li>\n<\/ul>\n<p>[\/vc_column_text][\/vc_column][\/vc_row]<\/p>\n<\/div>","protected":false},"excerpt":{"rendered":"<p>[vc_row][vc_column width=&#8221;1\/2&#8243;][vc_column_text woodmart_inline=&#8221;no&#8221; text_larger=&#8221;no&#8221;] \u0130\u00e7indekiler: Enginar kalpleri su tuz asitlik d\u00fczenleyici (sitrik asit), Saklama ko\u015fullar\u0131 : A\u00e7\u0131lmam\u0131\u015f kavanozu serin ve<\/p>\n","protected":false},"featured_media":15786,"comment_status":"closed","ping_status":"closed","template":"","meta":[],"product_brand":[],"product_cat":[1236],"product_tag":[],"class_list":{"0":"post-17432","1":"product","2":"type-product","3":"status-publish","4":"has-post-thumbnail","6":"product_cat-konserve","8":"first","9":"instock","10":"taxable","11":"shipping-taxable","12":"purchasable","13":"product-type-simple"},"_links":{"self":[{"href":"https:\/\/www.matbah.se\/tr\/wp-json\/wp\/v2\/product\/17432","targetHints":{"allow":["GET"]}}],"collection":[{"href":"https:\/\/www.matbah.se\/tr\/wp-json\/wp\/v2\/product"}],"about":[{"href":"https:\/\/www.matbah.se\/tr\/wp-json\/wp\/v2\/types\/product"}],"replies":[{"embeddable":true,"href":"https:\/\/www.matbah.se\/tr\/wp-json\/wp\/v2\/comments?post=17432"}],"wp:featuredmedia":[{"embeddable":true,"href":"https:\/\/www.matbah.se\/tr\/wp-json\/wp\/v2\/media\/15786"}],"wp:attachment":[{"href":"https:\/\/www.matbah.se\/tr\/wp-json\/wp\/v2\/media?parent=17432"}],"wp:term":[{"taxonomy":"product_brand","embeddable":true,"href":"https:\/\/www.matbah.se\/tr\/wp-json\/wp\/v2\/product_brand?post=17432"},{"taxonomy":"product_cat","embeddable":true,"href":"https:\/\/www.matbah.se\/tr\/wp-json\/wp\/v2\/product_cat?post=17432"},{"taxonomy":"product_tag","embeddable":true,"href":"https:\/\/www.matbah.se\/tr\/wp-json\/wp\/v2\/product_tag?post=17432"}],"curies":[{"name":"wp","href":"https:\/\/api.w.org\/{rel}","templated":true}]}}