{"id":17436,"date":"2023-09-30T18:50:15","date_gmt":"2023-09-30T16:50:15","guid":{"rendered":"https:\/\/www.matbah.se\/sevan-bulgur-fin-koftelik-1kg-2\/"},"modified":"2023-11-14T18:25:12","modified_gmt":"2023-11-14T17:25:12","slug":"sevan-bulgur-fin-koftelik-1kg-2","status":"publish","type":"product","link":"https:\/\/www.matbah.se\/tr\/sevan-bulgur-fin-koftelik-1kg-2\/","title":{"rendered":"Sevan Bulgur Fin K\u00f6ftelik 1Kg"},"content":{"rendered":"<div class=\"wpb-content-wrapper\"><p>[vc_row][vc_column width=&#8221;1\/2&#8243;][vc_column_text woodmart_inline=&#8221;no&#8221; text_larger=&#8221;no&#8221;]Bulgur, Orta Do\u011fu yemeklerinde merkezi bir rol oynar ve farkl\u0131 \u00e7e\u015fitlerde gelir: ince, orta ve kaba. Bulgur Fin, bu\u011fday tanelerinin \u00e7ok ince ezildi\u011fi bir bulgurdur. Bu bulgur t\u00fcr\u00fcn\u00fcn pi\u015firilmesine gerek yoktur, sadece \u0131slat\u0131l\u0131r ve bu nedenle tabbouleh (salata) ve kibbeh (bulgur, et ve baharat kar\u0131\u015f\u0131m\u0131) i\u00e7in idealdir. Ekstra lezzet i\u00e7in en iyi limon suyunda pi\u015firilir.<\/p>\n<h5>\u0130\u00e7indekiler: <\/h5>\n<ul>\n<li>DurumVETE,<\/li>\n<\/ul>\n<h5>Alerjen uyar\u0131s\u0131 : <\/h5>\n<p>Bu\u011fday (gluten) i\u00e7erir.<\/p>\n<h5>Saklama ko\u015fullar\u0131 : <\/h5>\n<p>Kuru ve serin bir yerde saklay\u0131n.[\/vc_column_text][\/vc_column][vc_column width=&#8221;1\/2&#8243;][vc_column_text woodmart_inline=&#8221;no&#8221; text_larger=&#8221;no&#8221;]<\/p>\n<h5>100 gramdaki besin de\u011ferleri : <\/h5>\n<ul>\n<li>Enerji 1500kJ\/362kcal<\/li>\n<li>Ya\u011f 1,5g<\/li>\n<li>bunun doymu\u015f ya\u011f oran\u0131 0.0g<\/li>\n<li>Karbonhidrat 73.0g<\/li>\n<li>bunun i\u00e7inde \u015fekerler 0,0g<\/li>\n<li>Protein 14.0g<\/li>\n<li>Tuz 0.0g<\/li>\n<\/ul>\n<p>[\/vc_column_text][\/vc_column][\/vc_row]<\/p>\n<\/div>","protected":false},"excerpt":{"rendered":"<p>[vc_row][vc_column width=&#8221;1\/2&#8243;][vc_column_text woodmart_inline=&#8221;no&#8221; text_larger=&#8221;no&#8221;]Bulgur, Orta Do\u011fu yemeklerinde merkezi bir rol oynar ve farkl\u0131 \u00e7e\u015fitlerde gelir: ince, orta ve kaba. Bulgur<\/p>\n","protected":false},"featured_media":15768,"comment_status":"closed","ping_status":"closed","template":"","meta":[],"product_brand":[],"product_cat":[1247],"product_tag":[],"class_list":{"0":"post-17436","1":"product","2":"type-product","3":"status-publish","4":"has-post-thumbnail","6":"product_cat-kuru-bakla","8":"first","9":"instock","10":"taxable","11":"shipping-taxable","12":"purchasable","13":"product-type-simple"},"_links":{"self":[{"href":"https:\/\/www.matbah.se\/tr\/wp-json\/wp\/v2\/product\/17436","targetHints":{"allow":["GET"]}}],"collection":[{"href":"https:\/\/www.matbah.se\/tr\/wp-json\/wp\/v2\/product"}],"about":[{"href":"https:\/\/www.matbah.se\/tr\/wp-json\/wp\/v2\/types\/product"}],"replies":[{"embeddable":true,"href":"https:\/\/www.matbah.se\/tr\/wp-json\/wp\/v2\/comments?post=17436"}],"wp:featuredmedia":[{"embeddable":true,"href":"https:\/\/www.matbah.se\/tr\/wp-json\/wp\/v2\/media\/15768"}],"wp:attachment":[{"href":"https:\/\/www.matbah.se\/tr\/wp-json\/wp\/v2\/media?parent=17436"}],"wp:term":[{"taxonomy":"product_brand","embeddable":true,"href":"https:\/\/www.matbah.se\/tr\/wp-json\/wp\/v2\/product_brand?post=17436"},{"taxonomy":"product_cat","embeddable":true,"href":"https:\/\/www.matbah.se\/tr\/wp-json\/wp\/v2\/product_cat?post=17436"},{"taxonomy":"product_tag","embeddable":true,"href":"https:\/\/www.matbah.se\/tr\/wp-json\/wp\/v2\/product_tag?post=17436"}],"curies":[{"name":"wp","href":"https:\/\/api.w.org\/{rel}","templated":true}]}}