{"id":17438,"date":"2023-09-30T18:50:15","date_gmt":"2023-09-30T17:50:15","guid":{"rendered":"https:\/\/www.matbah.se\/sevan-hurma-surubu-450ml-2\/"},"modified":"2023-11-14T18:25:45","modified_gmt":"2023-11-14T17:25:45","slug":"sevan-hurma-surubu-450ml-2","status":"publish","type":"product","link":"https:\/\/www.matbah.se\/tr\/sevan-hurma-surubu-450ml-2\/","title":{"rendered":"Sevan Hurma \u015eurubu 450Ml"},"content":{"rendered":"<div class=\"wpb-content-wrapper\"><p>[vc_row][vc_column width=&#8221;1\/2&#8243;][vc_column_text woodmart_inline=&#8221;no&#8221; text_larger=&#8221;no&#8221;]Hurma \u015eurubumuz Deglet Nour hurmalar\u0131ndan yap\u0131l\u0131r ve zengin ve n\u00fcansl\u0131 bir aromaya sahiptir. Hurma \u015furubu rafine \u015fekere lezzetli bir alternatiftir ve \u015furup ve bal ile ayn\u0131 \u015fekilde kullan\u0131labilir. Hurma \u015furubunu i\u00e7eceklerde tatland\u0131r\u0131c\u0131 olarak, f\u0131r\u0131nc\u0131l\u0131kta ve granolada, dondurma i\u00e7in sos olarak veya Orta Do\u011fu tarz\u0131 bir dip sos i\u00e7in tahinle kar\u0131\u015ft\u0131rarak deneyin.<\/p>\n<h5>\u0130\u00e7indekiler: <\/h5>\n<ul>\n<li>Pi\u015firilmi\u015f ve preslenmi\u015f hurma,<\/li>\n<\/ul>\n<h5>Saklama ko\u015fullar\u0131 : <\/h5>\n<p>Kuru ve serin bir yerde saklay\u0131n.[\/vc_column_text][\/vc_column][vc_column width=&#8221;1\/2&#8243;][vc_column_text woodmart_inline=&#8221;no&#8221; text_larger=&#8221;no&#8221;]<\/p>\n<h5>100 gramdaki besin de\u011ferleri : <\/h5>\n<ul>\n<li>Enerji 1290kJ\/304kcal<\/li>\n<li>Ya\u011f 0.0g<\/li>\n<li>bunun doymu\u015f ya\u011f oran\u0131 0.0g<\/li>\n<li>Karbonhidrat 73.0g<\/li>\n<li>bunun 66.0g&#8217;\u0131 \u015feker<\/li>\n<li>Protein 1.2g<\/li>\n<li>Tuz 0.1g<\/li>\n<\/ul>\n<p>[\/vc_column_text][\/vc_column][\/vc_row]<\/p>\n<\/div>","protected":false},"excerpt":{"rendered":"<p>[vc_row][vc_column width=&#8221;1\/2&#8243;][vc_column_text woodmart_inline=&#8221;no&#8221; text_larger=&#8221;no&#8221;]Hurma \u015eurubumuz Deglet Nour hurmalar\u0131ndan yap\u0131l\u0131r ve zengin ve n\u00fcansl\u0131 bir aromaya sahiptir. Hurma \u015furubu rafine \u015fekere<\/p>\n","protected":false},"featured_media":15783,"comment_status":"closed","ping_status":"closed","template":"","meta":[],"product_brand":[],"product_cat":[1206],"product_tag":[],"class_list":{"0":"post-17438","1":"product","2":"type-product","3":"status-publish","4":"has-post-thumbnail","6":"product_cat-sos","8":"first","9":"instock","10":"taxable","11":"shipping-taxable","12":"purchasable","13":"product-type-simple"},"_links":{"self":[{"href":"https:\/\/www.matbah.se\/tr\/wp-json\/wp\/v2\/product\/17438","targetHints":{"allow":["GET"]}}],"collection":[{"href":"https:\/\/www.matbah.se\/tr\/wp-json\/wp\/v2\/product"}],"about":[{"href":"https:\/\/www.matbah.se\/tr\/wp-json\/wp\/v2\/types\/product"}],"replies":[{"embeddable":true,"href":"https:\/\/www.matbah.se\/tr\/wp-json\/wp\/v2\/comments?post=17438"}],"wp:featuredmedia":[{"embeddable":true,"href":"https:\/\/www.matbah.se\/tr\/wp-json\/wp\/v2\/media\/15783"}],"wp:attachment":[{"href":"https:\/\/www.matbah.se\/tr\/wp-json\/wp\/v2\/media?parent=17438"}],"wp:term":[{"taxonomy":"product_brand","embeddable":true,"href":"https:\/\/www.matbah.se\/tr\/wp-json\/wp\/v2\/product_brand?post=17438"},{"taxonomy":"product_cat","embeddable":true,"href":"https:\/\/www.matbah.se\/tr\/wp-json\/wp\/v2\/product_cat?post=17438"},{"taxonomy":"product_tag","embeddable":true,"href":"https:\/\/www.matbah.se\/tr\/wp-json\/wp\/v2\/product_tag?post=17438"}],"curies":[{"name":"wp","href":"https:\/\/api.w.org\/{rel}","templated":true}]}}