{"id":17469,"date":"2023-09-30T18:50:09","date_gmt":"2023-09-30T16:50:09","guid":{"rendered":"https:\/\/www.matbah.se\/habib-basmati-pirinc-2kg-2\/"},"modified":"2023-11-14T18:23:54","modified_gmt":"2023-11-14T17:23:54","slug":"habib-basmati-pirinc-2kg-2","status":"publish","type":"product","link":"https:\/\/www.matbah.se\/tr\/habib-basmati-pirinc-2kg-2\/","title":{"rendered":"Habib Basmati pirin\u00e7 2Kg"},"content":{"rendered":"<div class=\"wpb-content-wrapper\"><p>[vc_row][vc_column width=&#8221;1\/2&#8243;][vc_column_text woodmart_inline=&#8221;no&#8221; text_larger=&#8221;no&#8221;]Kurutulmu\u015f ve y\u0131lland\u0131r\u0131lm\u0131\u015f lezzetli basmati pirinci. Pirin\u00e7, Hint ve Pakistan yemekleriyle iyi gider. Pirinci tar\u00e7\u0131n, kakule veya zencefil ile tatland\u0131rmay\u0131 deneyin.<\/p>\n<h5>\u0130\u00e7indekiler: <\/h5>\n<ul>\n<li>Basmati pirinci,<\/li>\n<\/ul>\n<h5>Saklama ko\u015fullar\u0131 : <\/h5>\n<p>Kuru ve serin bir yerde saklay\u0131n.[\/vc_column_text][\/vc_column][vc_column width=&#8221;1\/2&#8243;][vc_column_text woodmart_inline=&#8221;no&#8221; text_larger=&#8221;no&#8221;]<\/p>\n<h5>100 gramdaki besin de\u011ferleri : <\/h5>\n<ul>\n<li>Enerji 1493kJ\/352kcal<\/li>\n<li>Ya\u011f 1.0g<\/li>\n<li>bunun doymu\u015f ya\u011f oran\u0131 0.0g<\/li>\n<li>Karbonhidrat 77,0g<\/li>\n<li>bunun i\u00e7inde \u015fekerler 0,0g<\/li>\n<li>Protein 8.2g<\/li>\n<li>Tuz 0.0g<\/li>\n<\/ul>\n<p>[\/vc_column_text][\/vc_column][\/vc_row]<\/p>\n<\/div>","protected":false},"excerpt":{"rendered":"<p>[vc_row][vc_column width=&#8221;1\/2&#8243;][vc_column_text woodmart_inline=&#8221;no&#8221; text_larger=&#8221;no&#8221;]Kurutulmu\u015f ve y\u0131lland\u0131r\u0131lm\u0131\u015f lezzetli basmati pirinci. Pirin\u00e7, Hint ve Pakistan yemekleriyle iyi gider. Pirinci tar\u00e7\u0131n, kakule veya<\/p>\n","protected":false},"featured_media":20933,"comment_status":"closed","ping_status":"closed","template":"","meta":[],"product_brand":[],"product_cat":[1247],"product_tag":[],"class_list":{"0":"post-17469","1":"product","2":"type-product","3":"status-publish","4":"has-post-thumbnail","6":"product_cat-kuru-bakla","8":"first","9":"instock","10":"taxable","11":"shipping-taxable","12":"purchasable","13":"product-type-simple"},"_links":{"self":[{"href":"https:\/\/www.matbah.se\/tr\/wp-json\/wp\/v2\/product\/17469","targetHints":{"allow":["GET"]}}],"collection":[{"href":"https:\/\/www.matbah.se\/tr\/wp-json\/wp\/v2\/product"}],"about":[{"href":"https:\/\/www.matbah.se\/tr\/wp-json\/wp\/v2\/types\/product"}],"replies":[{"embeddable":true,"href":"https:\/\/www.matbah.se\/tr\/wp-json\/wp\/v2\/comments?post=17469"}],"wp:featuredmedia":[{"embeddable":true,"href":"https:\/\/www.matbah.se\/tr\/wp-json\/wp\/v2\/media\/20933"}],"wp:attachment":[{"href":"https:\/\/www.matbah.se\/tr\/wp-json\/wp\/v2\/media?parent=17469"}],"wp:term":[{"taxonomy":"product_brand","embeddable":true,"href":"https:\/\/www.matbah.se\/tr\/wp-json\/wp\/v2\/product_brand?post=17469"},{"taxonomy":"product_cat","embeddable":true,"href":"https:\/\/www.matbah.se\/tr\/wp-json\/wp\/v2\/product_cat?post=17469"},{"taxonomy":"product_tag","embeddable":true,"href":"https:\/\/www.matbah.se\/tr\/wp-json\/wp\/v2\/product_tag?post=17469"}],"curies":[{"name":"wp","href":"https:\/\/api.w.org\/{rel}","templated":true}]}}