{"id":17482,"date":"2023-09-30T18:50:10","date_gmt":"2023-09-30T16:50:10","guid":{"rendered":"https:\/\/www.matbah.se\/favero-misir-unu-brama-kaba-kirmizi-1kg-2\/"},"modified":"2023-11-14T18:24:35","modified_gmt":"2023-11-14T17:24:35","slug":"favero-misir-unu-brama-kaba-kirmizi-1kg-2","status":"publish","type":"product","link":"https:\/\/www.matbah.se\/tr\/favero-misir-unu-brama-kaba-kirmizi-1kg-2\/","title":{"rendered":"Favero M\u0131s\u0131r Unu Brama Kaba K\u0131rm\u0131z\u0131 1Kg"},"content":{"rendered":"<div class=\"wpb-content-wrapper\"><p>[vc_row][vc_column width=&#8221;1\/2&#8243;][vc_column_text woodmart_inline=&#8221;no&#8221; text_larger=&#8221;no&#8221;]<\/p>\n<h5>\u0130\u00e7indekiler: <\/h5>\n<ul>\n<li>Kaba m\u0131s\u0131r unu,<\/li>\n<\/ul>\n<h5>Alerjen uyar\u0131s\u0131 : <\/h5>\n<p>Eser miktarda gluten ve soya i\u00e7erebilir.<\/p>\n<h5>Saklama ko\u015fullar\u0131 : <\/h5>\n<p>Kuru ve serin bir yerde saklay\u0131n.[\/vc_column_text][\/vc_column][vc_column width=&#8221;1\/2&#8243;][vc_column_text woodmart_inline=&#8221;no&#8221; text_larger=&#8221;no&#8221;]<\/p>\n<h5>100 gramdaki besin de\u011ferleri : <\/h5>\n<ul>\n<li>Enerji 1451kJ\/342kcal<\/li>\n<li>Ya\u011f 1.0g<\/li>\n<li>doymu\u015f ya\u011f oran\u0131 0,5 g<\/li>\n<li>Karbonhidrat 74.0g<\/li>\n<li>bunun 0.5g&#8217;\u0131 \u015feker<\/li>\n<li>Lif 3,6 g<\/li>\n<li>Protein 7.5g<\/li>\n<li>Tuz 0.1g<\/li>\n<\/ul>\n<p>[\/vc_column_text][\/vc_column][\/vc_row]<\/p>\n<\/div>","protected":false},"excerpt":{"rendered":"<p>[vc_row][vc_column width=&#8221;1\/2&#8243;][vc_column_text woodmart_inline=&#8221;no&#8221; text_larger=&#8221;no&#8221;] \u0130\u00e7indekiler: Kaba m\u0131s\u0131r unu, Alerjen uyar\u0131s\u0131 : Eser miktarda gluten ve soya i\u00e7erebilir. Saklama ko\u015fullar\u0131 :<\/p>\n","protected":false},"featured_media":15729,"comment_status":"closed","ping_status":"closed","template":"","meta":[],"product_brand":[],"product_cat":[1208],"product_tag":[],"class_list":{"0":"post-17482","1":"product","2":"type-product","3":"status-publish","4":"has-post-thumbnail","6":"product_cat-yemeklik","8":"first","9":"outofstock","10":"taxable","11":"shipping-taxable","12":"purchasable","13":"product-type-simple"},"_links":{"self":[{"href":"https:\/\/www.matbah.se\/tr\/wp-json\/wp\/v2\/product\/17482","targetHints":{"allow":["GET"]}}],"collection":[{"href":"https:\/\/www.matbah.se\/tr\/wp-json\/wp\/v2\/product"}],"about":[{"href":"https:\/\/www.matbah.se\/tr\/wp-json\/wp\/v2\/types\/product"}],"replies":[{"embeddable":true,"href":"https:\/\/www.matbah.se\/tr\/wp-json\/wp\/v2\/comments?post=17482"}],"wp:featuredmedia":[{"embeddable":true,"href":"https:\/\/www.matbah.se\/tr\/wp-json\/wp\/v2\/media\/15729"}],"wp:attachment":[{"href":"https:\/\/www.matbah.se\/tr\/wp-json\/wp\/v2\/media?parent=17482"}],"wp:term":[{"taxonomy":"product_brand","embeddable":true,"href":"https:\/\/www.matbah.se\/tr\/wp-json\/wp\/v2\/product_brand?post=17482"},{"taxonomy":"product_cat","embeddable":true,"href":"https:\/\/www.matbah.se\/tr\/wp-json\/wp\/v2\/product_cat?post=17482"},{"taxonomy":"product_tag","embeddable":true,"href":"https:\/\/www.matbah.se\/tr\/wp-json\/wp\/v2\/product_tag?post=17482"}],"curies":[{"name":"wp","href":"https:\/\/api.w.org\/{rel}","templated":true}]}}