{"id":17485,"date":"2023-09-30T18:50:10","date_gmt":"2023-09-30T16:50:10","guid":{"rendered":"https:\/\/www.matbah.se\/hina-ajvar-hafif-700gr-2\/"},"modified":"2023-11-14T18:24:21","modified_gmt":"2023-11-14T17:24:21","slug":"hina-ajvar-hafif-700gr-2","status":"publish","type":"product","link":"https:\/\/www.matbah.se\/tr\/hina-ajvar-hafif-700gr-2\/","title":{"rendered":"Hina Ajvar Hafif 700Gr"},"content":{"rendered":"<div class=\"wpb-content-wrapper\"><p>[vc_row][vc_column width=&#8221;1\/2&#8243;][vc_column_text woodmart_inline=&#8221;no&#8221; text_larger=&#8221;no&#8221;]Ajvar, Balkanlar k\u00f6kenli kremsi bir karma\u015fad\u0131r. Biber ve patl\u0131can i\u00e7erir. Et veya sebze ile garnit\u00fcr olarak servis edin veya makarna ile yiyin. Ayr\u0131ca g\u00fcve\u00e7lerde, \u00e7orbalarda ve soslarda m\u00fckemmel bir tatland\u0131r\u0131c\u0131d\u0131r. Ajvar ayr\u0131ca kahvalt\u0131da yumurta veya tostla da kullan\u0131labilir.<\/p>\n<h5>\u0130\u00e7indekiler: <\/h5>\n<ul>\n<li>Paprika<\/li>\n<li>patl\u0131can<\/li>\n<li>ay\u00e7i\u0307\u00e7ek ya\u011fi<\/li>\n<li>\u015feker<\/li>\n<li>Ac\u0131 biber<\/li>\n<li>tuz<\/li>\n<li>Sar\u0131msak<\/li>\n<li>sirke,<\/li>\n<\/ul>\n<h5>Saklama ko\u015fullar\u0131 : <\/h5>\n<p>A\u00e7\u0131lmam\u0131\u015f kavanozu serin ve kuru bir yerde saklay\u0131n. A\u00e7\u0131lm\u0131\u015f kavanozu buzdolab\u0131nda maksimum +8 \u00b0C&#8217;de saklay\u0131n.[\/vc_column_text][\/vc_column][vc_column width=&#8221;1\/2&#8243;][vc_column_text woodmart_inline=&#8221;no&#8221; text_larger=&#8221;no&#8221;]<\/p>\n<h5>100 gramdaki besin de\u011ferleri : <\/h5>\n<ul>\n<li>Enerji 477kJ\/114kcal<\/li>\n<li>Ya\u011f 4,3 g<\/li>\n<li>doymu\u015f ya\u011f oran\u0131 0,5 g<\/li>\n<li>Karbonhidrat 16.0g<\/li>\n<li>bunun 5.2g&#8217;\u0131 \u015feker<\/li>\n<li>Protein 2.5g<\/li>\n<li>Tuz 1,5g<\/li>\n<\/ul>\n<p>[\/vc_column_text][\/vc_column][\/vc_row]<\/p>\n<\/div>","protected":false},"excerpt":{"rendered":"<p>[vc_row][vc_column width=&#8221;1\/2&#8243;][vc_column_text woodmart_inline=&#8221;no&#8221; text_larger=&#8221;no&#8221;]Ajvar, Balkanlar k\u00f6kenli kremsi bir karma\u015fad\u0131r. Biber ve patl\u0131can i\u00e7erir. Et veya sebze ile garnit\u00fcr olarak servis<\/p>\n","protected":false},"featured_media":15714,"comment_status":"closed","ping_status":"closed","template":"","meta":[],"product_brand":[],"product_cat":[1206],"product_tag":[],"class_list":{"0":"post-17485","1":"product","2":"type-product","3":"status-publish","4":"has-post-thumbnail","6":"product_cat-sos","8":"first","9":"instock","10":"taxable","11":"shipping-taxable","12":"purchasable","13":"product-type-simple"},"_links":{"self":[{"href":"https:\/\/www.matbah.se\/tr\/wp-json\/wp\/v2\/product\/17485","targetHints":{"allow":["GET"]}}],"collection":[{"href":"https:\/\/www.matbah.se\/tr\/wp-json\/wp\/v2\/product"}],"about":[{"href":"https:\/\/www.matbah.se\/tr\/wp-json\/wp\/v2\/types\/product"}],"replies":[{"embeddable":true,"href":"https:\/\/www.matbah.se\/tr\/wp-json\/wp\/v2\/comments?post=17485"}],"wp:featuredmedia":[{"embeddable":true,"href":"https:\/\/www.matbah.se\/tr\/wp-json\/wp\/v2\/media\/15714"}],"wp:attachment":[{"href":"https:\/\/www.matbah.se\/tr\/wp-json\/wp\/v2\/media?parent=17485"}],"wp:term":[{"taxonomy":"product_brand","embeddable":true,"href":"https:\/\/www.matbah.se\/tr\/wp-json\/wp\/v2\/product_brand?post=17485"},{"taxonomy":"product_cat","embeddable":true,"href":"https:\/\/www.matbah.se\/tr\/wp-json\/wp\/v2\/product_cat?post=17485"},{"taxonomy":"product_tag","embeddable":true,"href":"https:\/\/www.matbah.se\/tr\/wp-json\/wp\/v2\/product_tag?post=17485"}],"curies":[{"name":"wp","href":"https:\/\/api.w.org\/{rel}","templated":true}]}}