{"id":17490,"date":"2023-09-30T18:50:09","date_gmt":"2023-09-30T16:50:09","guid":{"rendered":"https:\/\/www.matbah.se\/krakus-salatalik-dereotu-tursusu-920ml-2\/"},"modified":"2023-11-14T18:24:09","modified_gmt":"2023-11-14T17:24:09","slug":"krakus-salatalik-dereotu-tursusu-920ml-2","status":"publish","type":"product","link":"https:\/\/www.matbah.se\/tr\/krakus-salatalik-dereotu-tursusu-920ml-2\/","title":{"rendered":"Krakus Salatal\u0131k Dereotu Tur\u015fusu 920Ml"},"content":{"rendered":"<div class=\"wpb-content-wrapper\"><p>[vc_row][vc_column width=&#8221;1\/2&#8243;][vc_column_text woodmart_inline=&#8221;no&#8221; text_larger=&#8221;no&#8221;]Dereotu, sar\u0131msak ve hardal tohumu gibi tatlar i\u00e7eren gevrek, tatl\u0131 ve ek\u015fi bir salatal\u0131kt\u0131r. Salatalar ve sandvi\u00e7lerin yan\u0131 s\u0131ra kanepeler ve di\u011fer aperatifler i\u00e7in de m\u00fckemmeldir.<\/p>\n<h5>\u0130\u00e7indekiler: <\/h5>\n<ul>\n<li>Salatal\u0131k (%49)<\/li>\n<li>asetik asit<\/li>\n<li>\u015feker<\/li>\n<li>tuz<\/li>\n<li>baharatlar (dereotu, sar\u0131msak, SENAP tohumu dahil),<\/li>\n<\/ul>\n<h5>Alerjen uyar\u0131s\u0131 : <\/h5>\n<p>Hardal i\u00e7erir.[\/vc_column_text][\/vc_column][vc_column width=&#8221;1\/2&#8243;][vc_column_text woodmart_inline=&#8221;no&#8221; text_larger=&#8221;no&#8221;]<\/p>\n<h5>100 gramdaki besin de\u011ferleri : <\/h5>\n<ul>\n<li>Enerji 139kJ\/33kcal<\/li>\n<li>Ya\u011f 0,5 g<\/li>\n<li>bunun doymu\u015f ya\u011f oran\u0131 0.0g<\/li>\n<li>Karbonhidrat 7.1g<\/li>\n<li>bunun 5.8g&#8217;\u0131 \u015feker<\/li>\n<li>Protein 0.5g<\/li>\n<li>Tuz 1.0g<\/li>\n<\/ul>\n<p>[\/vc_column_text][\/vc_column][\/vc_row]<\/p>\n<\/div>","protected":false},"excerpt":{"rendered":"<p>[vc_row][vc_column width=&#8221;1\/2&#8243;][vc_column_text woodmart_inline=&#8221;no&#8221; text_larger=&#8221;no&#8221;]Dereotu, sar\u0131msak ve hardal tohumu gibi tatlar i\u00e7eren gevrek, tatl\u0131 ve ek\u015fi bir salatal\u0131kt\u0131r. Salatalar ve sandvi\u00e7lerin<\/p>\n","protected":false},"featured_media":15702,"comment_status":"closed","ping_status":"closed","template":"","meta":[],"product_brand":[],"product_cat":[1250],"product_tag":[],"class_list":{"0":"post-17490","1":"product","2":"type-product","3":"status-publish","4":"has-post-thumbnail","6":"product_cat-tursu","8":"first","9":"outofstock","10":"taxable","11":"shipping-taxable","12":"purchasable","13":"product-type-simple"},"_links":{"self":[{"href":"https:\/\/www.matbah.se\/tr\/wp-json\/wp\/v2\/product\/17490","targetHints":{"allow":["GET"]}}],"collection":[{"href":"https:\/\/www.matbah.se\/tr\/wp-json\/wp\/v2\/product"}],"about":[{"href":"https:\/\/www.matbah.se\/tr\/wp-json\/wp\/v2\/types\/product"}],"replies":[{"embeddable":true,"href":"https:\/\/www.matbah.se\/tr\/wp-json\/wp\/v2\/comments?post=17490"}],"wp:featuredmedia":[{"embeddable":true,"href":"https:\/\/www.matbah.se\/tr\/wp-json\/wp\/v2\/media\/15702"}],"wp:attachment":[{"href":"https:\/\/www.matbah.se\/tr\/wp-json\/wp\/v2\/media?parent=17490"}],"wp:term":[{"taxonomy":"product_brand","embeddable":true,"href":"https:\/\/www.matbah.se\/tr\/wp-json\/wp\/v2\/product_brand?post=17490"},{"taxonomy":"product_cat","embeddable":true,"href":"https:\/\/www.matbah.se\/tr\/wp-json\/wp\/v2\/product_cat?post=17490"},{"taxonomy":"product_tag","embeddable":true,"href":"https:\/\/www.matbah.se\/tr\/wp-json\/wp\/v2\/product_tag?post=17490"}],"curies":[{"name":"wp","href":"https:\/\/api.w.org\/{rel}","templated":true}]}}