{"id":17494,"date":"2023-09-30T18:50:09","date_gmt":"2023-09-30T16:50:09","guid":{"rendered":"https:\/\/www.matbah.se\/motyl-horseradish-strong-190gr-2\/"},"modified":"2023-11-14T18:24:02","modified_gmt":"2023-11-14T17:24:02","slug":"motyl-horseradish-strong-190gr-2","status":"publish","type":"product","link":"https:\/\/www.matbah.se\/tr\/motyl-horseradish-strong-190gr-2\/","title":{"rendered":"Motyl Horseradish Strong 190Gr"},"content":{"rendered":"<div class=\"wpb-content-wrapper\"><p>[vc_row][vc_column width=&#8221;1\/2&#8243;][vc_column_text woodmart_inline=&#8221;no&#8221; text_larger=&#8221;no&#8221;]<\/p>\n<h5>\u0130\u00e7indekiler: <\/h5>\n<ul>\n<li>Yaban turpu y\u00fczde 54<\/li>\n<li>su<\/li>\n<li>kolza tohumu ya\u011f\u0131<\/li>\n<li>sirke<\/li>\n<li>\u015feker<\/li>\n<li>tuz<\/li>\n<li>b\u00fct\u00fcn S\u00dcT tozu<\/li>\n<li>asitlik d\u00fczenleyici (sitrik asit)<\/li>\n<li>k\u0131vam artt\u0131r\u0131c\u0131lar (ksantan sak\u0131z\u0131, guar sak\u0131z\u0131)<\/li>\n<li>peynir alt\u0131 suyu tozu (S\u00dcT)<\/li>\n<li>antioksidan (sodyum diSULFIT),<\/li>\n<\/ul>\n<h5>Alerjen uyar\u0131s\u0131 : <\/h5>\n<p>S\u00fct ve s\u00fclfit i\u00e7erir.<\/p>\n<h5>Saklama ko\u015fullar\u0131 : <\/h5>\n<p>A\u00e7\u0131lmam\u0131\u015f kavanozu serin ve kuru bir yerde saklay\u0131n. A\u00e7\u0131lm\u0131\u015f kavanozu buzdolab\u0131nda maksimum +8 \u00b0C&#8217;de saklay\u0131n.[\/vc_column_text][\/vc_column][vc_column width=&#8221;1\/2&#8243;][vc_column_text woodmart_inline=&#8221;no&#8221; text_larger=&#8221;no&#8221;]<\/p>\n<h5>100 gramdaki besin de\u011ferleri : <\/h5>\n<ul>\n<li>Enerji 712kJ\/171kcal<\/li>\n<li>Ya\u011f 10.0g<\/li>\n<li>bunun doymu\u015f ya\u011f oran\u0131 0,8 g<\/li>\n<li>Karbonhidrat 15.0g<\/li>\n<li>bunun 8.3g&#8217;\u0131 \u015feker<\/li>\n<li>Protein 2.5g<\/li>\n<li>Tuz 1.0g<\/li>\n<\/ul>\n<p>[\/vc_column_text][\/vc_column][\/vc_row]<\/p>\n<\/div>","protected":false},"excerpt":{"rendered":"<p>[vc_row][vc_column width=&#8221;1\/2&#8243;][vc_column_text woodmart_inline=&#8221;no&#8221; text_larger=&#8221;no&#8221;] \u0130\u00e7indekiler: Yaban turpu y\u00fczde 54 su kolza tohumu ya\u011f\u0131 sirke \u015feker tuz b\u00fct\u00fcn S\u00dcT tozu asitlik<\/p>\n","protected":false},"featured_media":15696,"comment_status":"closed","ping_status":"closed","template":"","meta":[],"product_brand":[],"product_cat":[1206],"product_tag":[],"class_list":{"0":"post-17494","1":"product","2":"type-product","3":"status-publish","4":"has-post-thumbnail","6":"product_cat-sos","8":"first","9":"outofstock","10":"taxable","11":"shipping-taxable","12":"purchasable","13":"product-type-simple"},"_links":{"self":[{"href":"https:\/\/www.matbah.se\/tr\/wp-json\/wp\/v2\/product\/17494","targetHints":{"allow":["GET"]}}],"collection":[{"href":"https:\/\/www.matbah.se\/tr\/wp-json\/wp\/v2\/product"}],"about":[{"href":"https:\/\/www.matbah.se\/tr\/wp-json\/wp\/v2\/types\/product"}],"replies":[{"embeddable":true,"href":"https:\/\/www.matbah.se\/tr\/wp-json\/wp\/v2\/comments?post=17494"}],"wp:featuredmedia":[{"embeddable":true,"href":"https:\/\/www.matbah.se\/tr\/wp-json\/wp\/v2\/media\/15696"}],"wp:attachment":[{"href":"https:\/\/www.matbah.se\/tr\/wp-json\/wp\/v2\/media?parent=17494"}],"wp:term":[{"taxonomy":"product_brand","embeddable":true,"href":"https:\/\/www.matbah.se\/tr\/wp-json\/wp\/v2\/product_brand?post=17494"},{"taxonomy":"product_cat","embeddable":true,"href":"https:\/\/www.matbah.se\/tr\/wp-json\/wp\/v2\/product_cat?post=17494"},{"taxonomy":"product_tag","embeddable":true,"href":"https:\/\/www.matbah.se\/tr\/wp-json\/wp\/v2\/product_tag?post=17494"}],"curies":[{"name":"wp","href":"https:\/\/api.w.org\/{rel}","templated":true}]}}