{"id":17515,"date":"2023-09-30T18:50:04","date_gmt":"2023-09-30T17:50:04","guid":{"rendered":"https:\/\/www.matbah.se\/olive-art-zeytinyagi-kalamata-500ml-2\/"},"modified":"2023-11-15T10:42:10","modified_gmt":"2023-11-15T09:42:10","slug":"olive-art-zeytinyagi-kalamata-500ml","status":"publish","type":"product","link":"https:\/\/www.matbah.se\/tr\/olive-art-zeytinyagi-kalamata-500ml\/","title":{"rendered":"Olive Art Zeytinya\u011f\u0131 Kalamata 500Ml"},"content":{"rendered":"<div class=\"wpb-content-wrapper\"><p>[vc_row][vc_column width=&#8221;1\/2&#8243;][vc_column_text woodmart_inline=&#8221;no&#8221; text_larger=&#8221;no&#8221;]<\/p>\n<h5>\u0130\u00e7indekiler:<\/h5>\n<ul>\n<li>S\u0131zma zeytinya\u011f\u0131,<\/li>\n<\/ul>\n<h5>Alerjen uyar\u0131s\u0131 :<\/h5>\n<p>Alerjen i\u00e7ermez.<\/p>\n<h5>Saklama ko\u015fullar\u0131 :<\/h5>\n<p>Kuru ve serin olarak karanl\u0131k bir yerde saklay\u0131n.<\/p>\n<table>\n<thead>\n<tr>\n<th>Men\u015fei<\/th>\n<th>\u00dcretim tarihi<\/th>\n<th>Son kullanma tarihi<\/th>\n<\/tr>\n<\/thead>\n<tbody>\n<tr>\n<td>T\u00fcrkiye<\/td>\n<td><\/td>\n<td><\/td>\n<\/tr>\n<\/tbody>\n<\/table>\n<p>[\/vc_column_text][\/vc_column][vc_column width=&#8221;1\/2&#8243;][vc_column_text woodmart_inline=&#8221;no&#8221; text_larger=&#8221;no&#8221;]<\/p>\n<h5>100 gramdaki besin de\u011ferleri :<\/h5>\n<ul>\n<li>Enerji 3382kJ\/823kcal<\/li>\n<li>Ya\u011f 91.0g<\/li>\n<li>bunun 13.0g&#8217;\u0131 doymu\u015f ya\u011fd\u0131r<\/li>\n<li>Karbonhidrat 0.0g<\/li>\n<li>bunun i\u00e7inde \u015fekerler 0,0g<\/li>\n<li>Protein 0.0g<\/li>\n<li>Tuz 0.0g<\/li>\n<\/ul>\n<p>[\/vc_column_text][\/vc_column][\/vc_row]<\/p>\n<\/div>","protected":false},"excerpt":{"rendered":"<p>[vc_row][vc_column width=&#8221;1\/2&#8243;][vc_column_text woodmart_inline=&#8221;no&#8221; text_larger=&#8221;no&#8221;] \u0130\u00e7indekiler: S\u0131zma zeytinya\u011f\u0131, Alerjen uyar\u0131s\u0131 : Alerjen i\u00e7ermez. Saklama ko\u015fullar\u0131 : Kuru ve serin olarak karanl\u0131k<\/p>\n","protected":false},"featured_media":15954,"comment_status":"closed","ping_status":"closed","template":"","meta":[],"product_brand":[],"product_cat":[1230],"product_tag":[],"class_list":{"0":"post-17515","1":"product","2":"type-product","3":"status-publish","4":"has-post-thumbnail","6":"product_cat-yag","8":"first","9":"outofstock","10":"taxable","11":"shipping-taxable","12":"purchasable","13":"product-type-simple"},"_links":{"self":[{"href":"https:\/\/www.matbah.se\/tr\/wp-json\/wp\/v2\/product\/17515","targetHints":{"allow":["GET"]}}],"collection":[{"href":"https:\/\/www.matbah.se\/tr\/wp-json\/wp\/v2\/product"}],"about":[{"href":"https:\/\/www.matbah.se\/tr\/wp-json\/wp\/v2\/types\/product"}],"replies":[{"embeddable":true,"href":"https:\/\/www.matbah.se\/tr\/wp-json\/wp\/v2\/comments?post=17515"}],"wp:featuredmedia":[{"embeddable":true,"href":"https:\/\/www.matbah.se\/tr\/wp-json\/wp\/v2\/media\/15954"}],"wp:attachment":[{"href":"https:\/\/www.matbah.se\/tr\/wp-json\/wp\/v2\/media?parent=17515"}],"wp:term":[{"taxonomy":"product_brand","embeddable":true,"href":"https:\/\/www.matbah.se\/tr\/wp-json\/wp\/v2\/product_brand?post=17515"},{"taxonomy":"product_cat","embeddable":true,"href":"https:\/\/www.matbah.se\/tr\/wp-json\/wp\/v2\/product_cat?post=17515"},{"taxonomy":"product_tag","embeddable":true,"href":"https:\/\/www.matbah.se\/tr\/wp-json\/wp\/v2\/product_tag?post=17515"}],"curies":[{"name":"wp","href":"https:\/\/api.w.org\/{rel}","templated":true}]}}