{"id":17547,"date":"2023-09-30T18:50:03","date_gmt":"2023-09-30T16:50:03","guid":{"rendered":"https:\/\/www.matbah.se\/tava-misir-unu-ince-sari-1kg-2\/"},"modified":"2023-11-14T18:23:02","modified_gmt":"2023-11-14T17:23:02","slug":"tava-misir-unu-ince-sari-1kg-2","status":"publish","type":"product","link":"https:\/\/www.matbah.se\/tr\/tava-misir-unu-ince-sari-1kg-2\/","title":{"rendered":"Tava M\u0131s\u0131r Unu \u0130nce Sar\u0131 1Kg"},"content":{"rendered":"<div class=\"wpb-content-wrapper\"><p>[vc_row][vc_column width=&#8221;1\/2&#8243;][vc_column_text woodmart_inline=&#8221;no&#8221; text_larger=&#8221;no&#8221;]<\/p>\n<h5>\u0130\u00e7indekiler: <\/h5>\n<ul>\n<li>\u00d6nceden pi\u015firilmi\u015f beyaz m\u0131s\u0131r unu (%100),<\/li>\n<\/ul>\n<h5>Alerjen uyar\u0131s\u0131 : <\/h5>\n<p>Eser miktarda soya i\u00e7erebilir.<\/p>\n<h5>Saklama ko\u015fullar\u0131 : <\/h5>\n<p>Kuru ve serin bir yerde saklay\u0131n.<\/p>\n<table>\n<thead>\n<tr>\n<th>K\u00f6ken<\/th>\n<th>\u00dcretim tarihi<\/th>\n<th>Son kullanma tarihi<\/th>\n<\/tr>\n<\/thead>\n<tbody>\n<tr>\n<td><\/td>\n<td>2023-1-2<\/td>\n<td>2024-1-2<\/td>\n<\/tr>\n<\/tbody>\n<\/table>\n<p>[\/vc_column_text][\/vc_column][vc_column width=&#8221;1\/2&#8243;][vc_column_text woodmart_inline=&#8221;no&#8221; text_larger=&#8221;no&#8221;]<\/p>\n<h5>100 gramdaki besin de\u011ferleri : <\/h5>\n<ul>\n<li>Enerji 1514kJ\/357kcal<\/li>\n<li>Ya\u011f 2.0g<\/li>\n<li>bunun doymu\u015f ya\u011f oran\u0131 0.0g<\/li>\n<li>Karbonhidrat 76.0g<\/li>\n<li>bunun 0.9g&#8217;\u0131 \u015feker<\/li>\n<li>Lif 3.0g<\/li>\n<li>Protein 7.8g<\/li>\n<li>Tuz 0.0g<\/li>\n<\/ul>\n<p>[\/vc_column_text][\/vc_column][\/vc_row]<\/p>\n<\/div>","protected":false},"excerpt":{"rendered":"<p>[vc_row][vc_column width=&#8221;1\/2&#8243;][vc_column_text woodmart_inline=&#8221;no&#8221; text_larger=&#8221;no&#8221;] \u0130\u00e7indekiler: \u00d6nceden pi\u015firilmi\u015f beyaz m\u0131s\u0131r unu (%100), Alerjen uyar\u0131s\u0131 : Eser miktarda soya i\u00e7erebilir. Saklama ko\u015fullar\u0131<\/p>\n","protected":false},"featured_media":15948,"comment_status":"closed","ping_status":"closed","template":"","meta":[],"product_brand":[],"product_cat":[1208],"product_tag":[],"class_list":{"0":"post-17547","1":"product","2":"type-product","3":"status-publish","4":"has-post-thumbnail","6":"product_cat-yemeklik","8":"first","9":"outofstock","10":"taxable","11":"shipping-taxable","12":"purchasable","13":"product-type-simple"},"_links":{"self":[{"href":"https:\/\/www.matbah.se\/tr\/wp-json\/wp\/v2\/product\/17547","targetHints":{"allow":["GET"]}}],"collection":[{"href":"https:\/\/www.matbah.se\/tr\/wp-json\/wp\/v2\/product"}],"about":[{"href":"https:\/\/www.matbah.se\/tr\/wp-json\/wp\/v2\/types\/product"}],"replies":[{"embeddable":true,"href":"https:\/\/www.matbah.se\/tr\/wp-json\/wp\/v2\/comments?post=17547"}],"wp:featuredmedia":[{"embeddable":true,"href":"https:\/\/www.matbah.se\/tr\/wp-json\/wp\/v2\/media\/15948"}],"wp:attachment":[{"href":"https:\/\/www.matbah.se\/tr\/wp-json\/wp\/v2\/media?parent=17547"}],"wp:term":[{"taxonomy":"product_brand","embeddable":true,"href":"https:\/\/www.matbah.se\/tr\/wp-json\/wp\/v2\/product_brand?post=17547"},{"taxonomy":"product_cat","embeddable":true,"href":"https:\/\/www.matbah.se\/tr\/wp-json\/wp\/v2\/product_cat?post=17547"},{"taxonomy":"product_tag","embeddable":true,"href":"https:\/\/www.matbah.se\/tr\/wp-json\/wp\/v2\/product_tag?post=17547"}],"curies":[{"name":"wp","href":"https:\/\/api.w.org\/{rel}","templated":true}]}}