{"id":17615,"date":"2023-09-30T18:49:56","date_gmt":"2023-09-30T16:49:56","guid":{"rendered":"https:\/\/www.matbah.se\/?post_type=product&#038;p=17615"},"modified":"2023-11-20T13:27:12","modified_gmt":"2023-11-20T12:27:12","slug":"menengic-kahve-250gr","status":"publish","type":"product","link":"https:\/\/www.matbah.se\/tr\/menengic-kahve-250gr\/","title":{"rendered":"Menengi\u00e7 Kahvesi 250Gr"},"content":{"rendered":"<div class=\"wpb-content-wrapper\"><p>[vc_row][vc_column width=&#8221;1\/2&#8243;][vc_column_text woodmart_inline=&#8221;no&#8221; text_larger=&#8221;no&#8221;]Taze ve kaliteli malzemelerle geleneksel y\u00f6ntemlerle haz\u0131rlanmaktad\u0131r.<\/p>\n<h5>\u0130\u00e7indekiler: <\/h5>\n<ul>\n<li>Menengic<\/li>\n<li>kahve kremas\u0131 (Menengi\u00e7, kahve kremas\u0131)<\/li>\n<\/ul>\n<h5>Alerjen uyar\u0131s\u0131 : <\/h5>\n<p>s\u00fct \u00fcr\u00fcn\u00fc i\u00e7erir.<\/p>\n<h5>Saklama ko\u015fullar\u0131 : <\/h5>\n<p>\u0131slak ka\u015f\u0131k kullanmay\u0131n. Serin ve kuru yerde a\u011fz\u0131 kapal\u0131 olarak saklay\u0131n\u0131z. G\u00fcne\u015f \u0131\u015f\u0131\u011f\u0131ndan koruyunuz.<\/p>\n<table>\n<thead>\n<tr>\n<th>K\u00f6ken<\/th>\n<th>\u00dcretim tarihi<\/th>\n<th>Son kullanma tarihi<\/th>\n<\/tr>\n<\/thead>\n<tbody>\n<tr>\n<td>T\u00fcrkiye<\/td>\n<td>2023-1-1<\/td>\n<td>2025-1-1<\/td>\n<\/tr>\n<\/tbody>\n<\/table>\n<p>[\/vc_column_text][\/vc_column][vc_column width=&#8221;1\/2&#8243;][vc_column_text woodmart_inline=&#8221;no&#8221; text_larger=&#8221;no&#8221;]<\/p>\n<h5>100 gramdaki besin de\u011ferleri : <\/h5>\n<ul>\n<li>Enerji 2485kj\/594 kcal<\/li>\n<li>Protein 20.8g<\/li>\n<li>Ya\u011f 51,6g<\/li>\n<li>Doymu\u015f ya\u011f asidi 0,43 g<\/li>\n<li>Karbonhidrat 16,4g<\/li>\n<li>Potasyum 1 mg<\/li>\n<\/ul>\n<p>[\/vc_column_text][\/vc_column][\/vc_row]<\/p>\n<\/div>","protected":false},"excerpt":{"rendered":"<p>Taze ve kaliteli malzemelerle geleneksel y\u00f6ntemlerle haz\u0131rlanmaktad\u0131r.<\/p>\n","protected":false},"featured_media":18406,"comment_status":"closed","ping_status":"closed","template":"","meta":[],"product_brand":[],"product_cat":[1237],"product_tag":[],"class_list":{"0":"post-17615","1":"product","2":"type-product","3":"status-publish","4":"has-post-thumbnail","6":"product_cat-kahve","8":"first","9":"outofstock","10":"taxable","11":"shipping-taxable","12":"purchasable","13":"product-type-simple"},"_links":{"self":[{"href":"https:\/\/www.matbah.se\/tr\/wp-json\/wp\/v2\/product\/17615","targetHints":{"allow":["GET"]}}],"collection":[{"href":"https:\/\/www.matbah.se\/tr\/wp-json\/wp\/v2\/product"}],"about":[{"href":"https:\/\/www.matbah.se\/tr\/wp-json\/wp\/v2\/types\/product"}],"replies":[{"embeddable":true,"href":"https:\/\/www.matbah.se\/tr\/wp-json\/wp\/v2\/comments?post=17615"}],"wp:featuredmedia":[{"embeddable":true,"href":"https:\/\/www.matbah.se\/tr\/wp-json\/wp\/v2\/media\/18406"}],"wp:attachment":[{"href":"https:\/\/www.matbah.se\/tr\/wp-json\/wp\/v2\/media?parent=17615"}],"wp:term":[{"taxonomy":"product_brand","embeddable":true,"href":"https:\/\/www.matbah.se\/tr\/wp-json\/wp\/v2\/product_brand?post=17615"},{"taxonomy":"product_cat","embeddable":true,"href":"https:\/\/www.matbah.se\/tr\/wp-json\/wp\/v2\/product_cat?post=17615"},{"taxonomy":"product_tag","embeddable":true,"href":"https:\/\/www.matbah.se\/tr\/wp-json\/wp\/v2\/product_tag?post=17615"}],"curies":[{"name":"wp","href":"https:\/\/api.w.org\/{rel}","templated":true}]}}